{"id":1312,"date":"2023-01-16T09:39:13","date_gmt":"2023-01-16T08:39:13","guid":{"rendered":"https:\/\/zdarsky-wirtschaftsrecht.de\/reti-peer-to-peer-nuove-decisioni"},"modified":"2025-11-14T09:59:50","modified_gmt":"2025-11-14T08:59:50","slug":"reti-peer-to-peer-nuove-decisioni","status":"publish","type":"page","link":"https:\/\/zdarsky-wirtschaftsrecht.de\/it\/reti-peer-to-peer-nuove-decisioni","title":{"rendered":"Reti peer-to-peer &#8211; nuove decisioni"},"content":{"rendered":"<h5>Situazione iniziale<\/h5>\n<p>La Corte di Giustizia Federale e la Corte di Giustizia Europea si sono ripetutamente occupate di download di musica o video o di giochi.<\/p>\n<p>La maggior parte delle decisioni sono ovviamente prese dai tribunali di grado inferiore. In seguito elenchiamo ci sono diverse decisioni e tendenze.<\/p>\n<p>Alla fine del 2022, il Tribunale distrettuale di D\u00fcsseldorf ha nuovamente affrontato la questione se un abbonato che non pu\u00f2 aver avviato lui stesso il download sia comunque responsabile per l&#8217;altro abbonato.<\/p>\n<h5>AG D\u00fcsseldorf del 15.12.2022 &#8211; 10 C 102\/20<\/h5>\n<p>Il Tribunale locale di D\u00fcsseldorf ha ora stabilito che in questo caso il proprietario del collegamento non \u00e8 responsabile n\u00e9 come autore, n\u00e9 come partecipante, n\u00e9 come interferente.<\/p>\n<p>In ogni caso, se il proprietario dell&#8217;allacciamento ha adempiuto ai suoi obblighi in merito all&#8217;onere della prova, non deve pagare alcun costo di avvertimento o di licenza.<\/p>\n<h5>Valutazione<\/h5>\n<p>I tribunali di prima istanza dovranno ancora prendere una moltitudine di decisioni diverse. Tuttavia, questo giudizio pu\u00f2 essere utile nell&#8217;argomentazione per respingere gli avvertimenti eccessivi.<\/p>\n","protected":false},"excerpt":{"rendered":"<p>Situazione iniziale La Corte di Giustizia Federale e la Corte di Giustizia Europea si sono ripetutamente occupate di download di musica o video o di giochi. La maggior parte delle decisioni sono ovviamente prese dai tribunali di grado inferiore. In seguito elenchiamo ci sono diverse decisioni e tendenze. Alla fine del 2022, il Tribunale distrettuale [&hellip;]<\/p>\n","protected":false},"author":5,"featured_media":0,"parent":0,"menu_order":0,"comment_status":"closed","ping_status":"closed","template":"","meta":{"footnotes":""},"class_list":["post-1312","page","type-page","status-publish","hentry"],"aioseo_notices":[],"_links":{"self":[{"href":"https:\/\/zdarsky-wirtschaftsrecht.de\/it\/wp-json\/wp\/v2\/pages\/1312","targetHints":{"allow":["GET"]}}],"collection":[{"href":"https:\/\/zdarsky-wirtschaftsrecht.de\/it\/wp-json\/wp\/v2\/pages"}],"about":[{"href":"https:\/\/zdarsky-wirtschaftsrecht.de\/it\/wp-json\/wp\/v2\/types\/page"}],"author":[{"embeddable":true,"href":"https:\/\/zdarsky-wirtschaftsrecht.de\/it\/wp-json\/wp\/v2\/users\/5"}],"replies":[{"embeddable":true,"href":"https:\/\/zdarsky-wirtschaftsrecht.de\/it\/wp-json\/wp\/v2\/comments?post=1312"}],"version-history":[{"count":5,"href":"https:\/\/zdarsky-wirtschaftsrecht.de\/it\/wp-json\/wp\/v2\/pages\/1312\/revisions"}],"predecessor-version":[{"id":2298,"href":"https:\/\/zdarsky-wirtschaftsrecht.de\/it\/wp-json\/wp\/v2\/pages\/1312\/revisions\/2298"}],"wp:attachment":[{"href":"https:\/\/zdarsky-wirtschaftsrecht.de\/it\/wp-json\/wp\/v2\/media?parent=1312"}],"curies":[{"name":"wp","href":"https:\/\/api.w.org\/{rel}","templated":true}]}}