{"id":1475,"date":"2013-10-23T15:18:41","date_gmt":"2013-10-23T13:18:41","guid":{"rendered":"https:\/\/zdarsky-wirtschaftsrecht.de\/avvocato-stefan-zdarsky"},"modified":"2025-11-12T17:59:45","modified_gmt":"2025-11-12T16:59:45","slug":"avvocato-stefan-zdarsky","status":"publish","type":"page","link":"https:\/\/zdarsky-wirtschaftsrecht.de\/it\/avvocato-stefan-zdarsky","title":{"rendered":"Avvocato Stefan Zdarsky"},"content":{"rendered":"<h1>Avvocati<\/h1>\n<p>Attualmente abbiamo due avvocati nel nostro ufficio di Francoforte sul Meno. Collaboriamo inoltre strettamente con avvocati e consulenti in materia di brevetti.<\/p>\n<h2>Avvocato Stefan Zdarsky<\/h2>\n<p><strong>Avvocato specializzato in diritti di propriet\u00e0 intellettuale<\/strong><\/p>\n<p>Nato nel 1963, \u00e8 cresciuto a <b>Francoforte <\/b>sul Meno. Dopo aver studiato a <b>Giessen <\/b>, ha completato il tirocinio legale a Francoforte sul Meno. Dopo un lungo periodo di lavoro come <b>avvocato interno <\/b>nel settore commerciale, con specializzazione in <b>diritto contrattuale<\/b><\/p>\n<p><b> <\/b>(compresa la <b>consulenza su termini e condizioni generali<\/b>, ossia la stesura, la revisione\/controllo e la negoziazione di termini e condizioni contrattuali generali per l&#8217;<b>industria <\/b>e il <b>commercio &#8211; B2B e B2C<\/b>), il <b>diritto della responsabilit\u00e0 (in particolare la responsabilit\u00e0 del prodotto e la responsabilit\u00e0 del produttore) e il diritto assicurativo <\/b>, nonch\u00e9 il<b> diritto della concorrenza <\/b><b>(diritto antitrust<\/b> e in particolare <b>diritto della pubblicit\u00e0 &#8211; UWG)<\/b>, \u00e8 tuttora lieto di fornirle la sua consulenza in queste aree. Un&#8217;altra importante area di lavoro di Stefan Zdarsky \u00e8 quella del<b> diritto dei marchi, del design e di altri diritti di propriet\u00e0 industriale<\/b> (in particolare l&#8217;elaborazione delle domande e la protezione dei diritti, l&#8217;elaborazione delle lettere di diffida da entrambe le parti). Sar\u00e0 inoltre lieto di rispondere alle sue domande sul <b>diritto d&#8217;autore e sul diritto editoriale<\/b>, oltre che su<\/p>\n<p><b>Diritto informatico, in particolare sui contratti, <\/b><b>Domini<\/b><b>, vendite a distanza<\/b> <b>e <\/b><b>violazioni dei diritti di propriet\u00e0<\/b>. In queste aree, sorgono regolarmente questioni relative alle avvertenze per i presunti download, al design dell&#8217;impronta e alle dichiarazioni sulla protezione dei dati. Stefan Zdarsky \u00e8 un avvocato <b>specializzato in diritto della propriet\u00e0 intellettuale<\/b>.<\/p>\n<p><strong>Attivit\u00e0 dei relatori<\/strong><\/p>\n<p>RA Zdarsky opera regolarmente a livello nazionale e internazionale<b> <\/b>in<\/p>\n<ul>\n<li>Simposi e workshop,<\/li>\n<li>Eventi per clienti e associazioni,<\/li>\n<li>Seminari e corsi di formazione<\/li>\n<li>e considerato esperto nel suo campo.<\/li>\n<\/ul>\n<p>Tiene lezioni su argomenti di base e sugli sviluppi attuali, in particolare nelle aree della responsabilit\u00e0 del prodotto, del diritto contrattuale, del diritto dei marchi e del diritto del design. I suoi <b>consigli comportamentali orientati alla pratica<\/b> sono molto apprezzati. \u00c8 un relatore regolare presso organizzazioni come Industrievereinigung Kunststoffverpackungen<a href=\"http:\/\/www.kunststoffverpackungen.de\/\">(IK<\/a>), Zweirad-Industrie-Verband<a href=\"http:\/\/www.ziv-zweirad.de\/\">(ZIV<\/a>) e <a href=\"http:\/\/www.tuev-sued.de\/akademie_de\">T\u00dcV S\u00fcd<\/a>.<\/p>\n<p><strong>Iscrizioni<\/strong><\/p>\n<ul>\n<li>Associazione degli Avvocati Tedeschi<a href=\"http:\/\/anwaltverein.de\/de\/\">(DAV &#8211; Deutscher Anwaltsverein<\/a>)<\/li>\n<li>Gruppo di lavoro per la propriet\u00e0 intellettuale nel DAV<a href=\"http:\/\/www.agem-dav.de\/\">(AGEM<\/a>)<\/li>\n<li>Associazione tedesca per la protezione della propriet\u00e0 intellettuale<a href=\"http:\/\/grur.org\/\">(GRUR<\/a>)<\/li>\n<li>Associazione degli esperti di propriet\u00e0 intellettuale<a href=\"http:\/\/www.vpp-patent.de\/\">(VPP<\/a>)\n<div align=\"center\"><\/div>\n<\/li>\n<\/ul>\n<p><strong>Certificati di formazione:<\/strong><\/p>\n<p><a href=\"https:\/\/zdarsky-wirtschaftsrecht.de\/wp-content\/uploads\/2015\/07\/Fortbildungsbescheinigung-RAK-Ffm.jpg\"><img loading=\"lazy\" decoding=\"async\" class=\"alignnone wp-image-579\" src=\"https:\/\/zdarsky-wirtschaftsrecht.de\/wp-content\/uploads\/2015\/07\/Fortbildungsbescheinigung-RAK-Ffm.jpg\" alt=\"Certificato di formazione dell'Ordine degli Avvocati di Francoforte sul Meno\" width=\"87\" height=\"92\" \/><\/a> <a href=\"https:\/\/zdarsky-wirtschaftsrecht.de\/wp-content\/uploads\/2015\/07\/Fortbildungsbescheinigung-210x300.jpg\"><img loading=\"lazy\" decoding=\"async\" class=\"alignnone wp-image-578\" src=\"https:\/\/zdarsky-wirtschaftsrecht.de\/wp-content\/uploads\/2015\/07\/Fortbildungsbescheinigung-210x300.jpg\" alt=\"Certificato di formazione avanzata dell'Associazione federale degli avvocati\" width=\"60\" height=\"85\" srcset=\"https:\/\/zdarsky-wirtschaftsrecht.de\/wp-content\/uploads\/2015\/07\/Fortbildungsbescheinigung-210x300.jpg 210w, https:\/\/zdarsky-wirtschaftsrecht.de\/wp-content\/uploads\/2015\/07\/Fortbildungsbescheinigung.jpg 595w\" sizes=\"auto, (max-width: 60px) 100vw, 60px\" \/><\/a><\/p>\n<p><b><br \/>\n<\/b><br \/>\nL<b>ingue:<\/b> tedesco, inglese<\/p>\n","protected":false},"excerpt":{"rendered":"<p>Avvocati Attualmente abbiamo due avvocati nel nostro ufficio di Francoforte sul Meno. Collaboriamo inoltre strettamente con avvocati e consulenti in materia di brevetti. Avvocato Stefan Zdarsky Avvocato specializzato in diritti di propriet\u00e0 intellettuale Nato nel 1963, \u00e8 cresciuto a Francoforte sul Meno. Dopo aver studiato a Giessen , ha completato il tirocinio legale a Francoforte [&hellip;]<\/p>\n","protected":false},"author":5,"featured_media":0,"parent":0,"menu_order":0,"comment_status":"closed","ping_status":"closed","template":"","meta":{"footnotes":""},"class_list":["post-1475","page","type-page","status-publish","hentry"],"aioseo_notices":[],"_links":{"self":[{"href":"https:\/\/zdarsky-wirtschaftsrecht.de\/it\/wp-json\/wp\/v2\/pages\/1475","targetHints":{"allow":["GET"]}}],"collection":[{"href":"https:\/\/zdarsky-wirtschaftsrecht.de\/it\/wp-json\/wp\/v2\/pages"}],"about":[{"href":"https:\/\/zdarsky-wirtschaftsrecht.de\/it\/wp-json\/wp\/v2\/types\/page"}],"author":[{"embeddable":true,"href":"https:\/\/zdarsky-wirtschaftsrecht.de\/it\/wp-json\/wp\/v2\/users\/5"}],"replies":[{"embeddable":true,"href":"https:\/\/zdarsky-wirtschaftsrecht.de\/it\/wp-json\/wp\/v2\/comments?post=1475"}],"version-history":[{"count":3,"href":"https:\/\/zdarsky-wirtschaftsrecht.de\/it\/wp-json\/wp\/v2\/pages\/1475\/revisions"}],"predecessor-version":[{"id":2283,"href":"https:\/\/zdarsky-wirtschaftsrecht.de\/it\/wp-json\/wp\/v2\/pages\/1475\/revisions\/2283"}],"wp:attachment":[{"href":"https:\/\/zdarsky-wirtschaftsrecht.de\/it\/wp-json\/wp\/v2\/media?parent=1475"}],"curies":[{"name":"wp","href":"https:\/\/api.w.org\/{rel}","templated":true}]}}