{"id":1575,"date":"2013-10-23T15:22:28","date_gmt":"2013-10-23T13:22:28","guid":{"rendered":"https:\/\/zdarsky-wirtschaftsrecht.de\/legge-tecnica"},"modified":"2025-11-14T11:43:00","modified_gmt":"2025-11-14T10:43:00","slug":"legge-tecnica","status":"publish","type":"page","link":"https:\/\/zdarsky-wirtschaftsrecht.de\/it\/legge-tecnica","title":{"rendered":"Legge tecnica"},"content":{"rendered":"<ul>\n<li>Vuole vendere un prodotto che contiene parti mobili e non \u00e8 sicuro che il prodotto sia soggetto alla Direttiva Macchine?<\/li>\n<li>Il prodotto che vende deve essere etichettato CE?<\/li>\n<li>\u00c8 consentito avere tale etichettatura?<\/li>\n<li>Quando pu\u00f2 essere apposta l&#8217;etichetta CE su un prodotto &#8211; e come?<\/li>\n<li>Come devono essere redatte le dichiarazioni di conformit\u00e0? Quale contenuto deve avere la dichiarazione? Chi deve e chi pu\u00f2 firmare la valutazione?<\/li>\n<li>Il prodotto che vendo deve essere sottoposto a un esame di tipo?<\/li>\n<\/ul>\n<p>Queste e molte altre domande sorgono spesso quando si tratta di prodotti del settore elettrico o dei giocattoli. Ma anche per molti altri tipi di prodotti si pongono le stesse domande; anche per le cosiddette Pedelec, ossia biciclette con supporto alla trazione.<\/p>\n<h5>Dettagli poco chiari<\/h5>\n<p>Inoltre, il progresso tecnico fa sorgere sempre nuove domande. L&#8217;aggiunta di un&#8217;unit\u00e0 di cambio elettronico trasforma una bicicletta convenzionale in un prodotto che richiede una valutazione di conformit\u00e0 completa ai sensi della Direttiva Macchine? Molti dettagli non sono chiari. Gli errori possono comportare multe per la direzione, nonch\u00e9 divieti di vendita o richiami. Ecco perch\u00e9 \u00e8 necessaria una consulenza legale competente in questo settore in costante evoluzione. <a title=\"Ci contatti\" href=\"https:\/\/zdarsky-wirtschaftsrecht.de\/it\/contatti\">Si rivolga a noi<\/a>.<\/p>\n","protected":false},"excerpt":{"rendered":"<p>Vuole vendere un prodotto che contiene parti mobili e non \u00e8 sicuro che il prodotto sia soggetto alla Direttiva Macchine? Il prodotto che vende deve essere etichettato CE? \u00c8 consentito avere tale etichettatura? Quando pu\u00f2 essere apposta l&#8217;etichetta CE su un prodotto &#8211; e come? Come devono essere redatte le dichiarazioni di conformit\u00e0? Quale contenuto [&hellip;]<\/p>\n","protected":false},"author":5,"featured_media":0,"parent":0,"menu_order":0,"comment_status":"closed","ping_status":"closed","template":"","meta":{"footnotes":""},"class_list":["post-1575","page","type-page","status-publish","hentry"],"aioseo_notices":[],"_links":{"self":[{"href":"https:\/\/zdarsky-wirtschaftsrecht.de\/it\/wp-json\/wp\/v2\/pages\/1575","targetHints":{"allow":["GET"]}}],"collection":[{"href":"https:\/\/zdarsky-wirtschaftsrecht.de\/it\/wp-json\/wp\/v2\/pages"}],"about":[{"href":"https:\/\/zdarsky-wirtschaftsrecht.de\/it\/wp-json\/wp\/v2\/types\/page"}],"author":[{"embeddable":true,"href":"https:\/\/zdarsky-wirtschaftsrecht.de\/it\/wp-json\/wp\/v2\/users\/5"}],"replies":[{"embeddable":true,"href":"https:\/\/zdarsky-wirtschaftsrecht.de\/it\/wp-json\/wp\/v2\/comments?post=1575"}],"version-history":[{"count":2,"href":"https:\/\/zdarsky-wirtschaftsrecht.de\/it\/wp-json\/wp\/v2\/pages\/1575\/revisions"}],"predecessor-version":[{"id":2322,"href":"https:\/\/zdarsky-wirtschaftsrecht.de\/it\/wp-json\/wp\/v2\/pages\/1575\/revisions\/2322"}],"wp:attachment":[{"href":"https:\/\/zdarsky-wirtschaftsrecht.de\/it\/wp-json\/wp\/v2\/media?parent=1575"}],"curies":[{"name":"wp","href":"https:\/\/api.w.org\/{rel}","templated":true}]}}