{"id":1616,"date":"2015-04-14T17:50:43","date_gmt":"2015-04-14T15:50:43","guid":{"rendered":"https:\/\/zdarsky-wirtschaftsrecht.de\/errori-di-aggiornamento-del-software-e-conseguenze-legali"},"modified":"2025-11-12T16:57:58","modified_gmt":"2025-11-12T15:57:58","slug":"errori-di-aggiornamento-del-software-e-conseguenze-legali","status":"publish","type":"page","link":"https:\/\/zdarsky-wirtschaftsrecht.de\/it\/errori-di-aggiornamento-del-software-e-conseguenze-legali","title":{"rendered":"Errori di aggiornamento del software e conseguenze legali"},"content":{"rendered":"<h1><strong>Gli errori di aggiornamento del software e le loro conseguenze legali<\/strong><\/h1>\n<p>Ci sottopongono continue segnalazioni riguardo aggiornamenti di software o su Pc per l\u2019apporto di conseguenze \u2018fatali\u2019 per i singoli dispostivi: I dispositivi si guastano, il tentativo di riavvio fallisce; il dispositivo \u00e8 inizialmente &#8211; o in alcuni casi anche permanentemente &#8211; parzialmente o completamente inutilizzabile. Per il proprietario si pone la domanda: cosa fare?<\/p>\n<h4>Responsabilit\u00e0 del venditore per difetti materiali<\/h4>\n<p>Se il dispositivo non ha pi\u00f9 di 2 anni, allora, contrariamente all&#8217;opinione comune, ci sono ancora rivendicazioni legalmente valide. I termini e le condizioni d&#8217;uso del produttore prevedono regolarmente solo una &#8220;fase di manutenzione&#8221; di un anno, durante la quale la responsabilit\u00e0 per gli aggiornamenti \u00e8 ancora coperta. Ma tali condizioni sono effettivamente efficaci? La legge tedesca sui consumatori, che \u00e8 stata standardizzata in tutta l&#8217;UE in termini di contenuti di base, prevede un periodo di garanzia di 2 anni. Questo periodo non pu\u00f2 essere abbreviato per i consumatori, soprattutto non attraverso termini e condizioni generali. Ci\u00f2 significa che il rispettivo venditore \u00e8 responsabile per 2 anni a partire dal trasferimento del rischio, che di solito avviene al momento della consegna dell&#8217;apparecchio.<\/p>\n<p><span style=\"line-height: 1.5;\">Se ora ci sono errori nel software e si verificano ulteriori errori durante un aggiornamento, il venditore ne \u00e8 responsabile in ultima analisi. Il cliente riceve una &#8220;rettifica&#8221; che porta a un peggioramento. Dopo due tentativi di rettifica, l&#8217;acquirente pu\u00f2 recedere dall&#8217;acquisto &#8211; almeno se gli errori sono simili o addirittura peggiorano l&#8217;errore esistente in precedenza. <\/span><\/p>\n<p><span style=\"line-height: 1.5;\">Per il consumatore in qualit\u00e0 di acquirente, ci\u00f2 significa che pu\u00f2 dichiarare la cancellazione del contratto di acquisto al rivenditore dopo che il guasto \u00e8 stato riparato pi\u00f9 volte. Se ha utilizzato il dispositivo in modo corretto e se il dispositivo non presenta un&#8217;usura eccessiva, in particolare un danno, pu\u00f2 restituire il dispositivo &#8211; per un rimborso completo del prezzo di acquisto! <\/span><\/p>\n<h4><span style=\"line-height: 1.5;\">Responsabilit\u00e0 del produttore<\/span><\/h4>\n<p><span style=\"line-height: 1.5;\">La situazione \u00e8 pi\u00f9 complessa se l\u2019aggiornamento volto al miglioramento dell\u2019oggetto, invece, porta ad un deterioramento.<\/span><\/p>\n<p>In questo caso, il produttore ha fornito un servizio. Tuttavia, un servizio non deve nemmeno causare il deterioramento del dispositivo. Se un prodotto, ossia il nuovo sistema operativo, distrugge o danneggia in modo permanente un altro prodotto, ossia lo smartphone, il danno risultante allo smartphone pu\u00f2 essere considerato risarcibile. Il fatto che il produttore voglia invocare una clausola che abbrevia in modo inammissibile il periodo di prescrizione \u00e8 quindi irrilevante. Invece, il produttore deve essere responsabile dei danni per il suo prodotto, l&#8217;aggiornamento. Ci\u00f2 deriva almeno dal dovere generale di diligenza.<\/p>\n<h4>Conclusione e consiglio pratico<\/h4>\n<p>In pratica, ci possono essere molti produttori e venditori che desiderano affrontare tali questioni rimanendo in silenzio e non facendo nulla. In questo caso, la perseveranza dimostra il suo valore. Finch\u00e9 i consumatori non eserciteranno i loro diritti in modo pi\u00f9 efficace e non riterranno responsabile il venditore o &#8211; laddove possibile dal punto di vista legale &#8211; al produttore, \u00e8 ovviamente molto pi\u00f9 vantaggioso dal punto di vista economico non reagire che reagire.<\/p>\n","protected":false},"excerpt":{"rendered":"<p>Gli errori di aggiornamento del software e le loro conseguenze legali Ci sottopongono continue segnalazioni riguardo aggiornamenti di software o su Pc per l\u2019apporto di conseguenze \u2018fatali\u2019 per i singoli dispostivi: I dispositivi si guastano, il tentativo di riavvio fallisce; il dispositivo \u00e8 inizialmente &#8211; o in alcuni casi anche permanentemente &#8211; parzialmente o completamente [&hellip;]<\/p>\n","protected":false},"author":5,"featured_media":0,"parent":0,"menu_order":0,"comment_status":"closed","ping_status":"closed","template":"","meta":{"footnotes":""},"class_list":["post-1616","page","type-page","status-publish","hentry"],"aioseo_notices":[],"_links":{"self":[{"href":"https:\/\/zdarsky-wirtschaftsrecht.de\/it\/wp-json\/wp\/v2\/pages\/1616","targetHints":{"allow":["GET"]}}],"collection":[{"href":"https:\/\/zdarsky-wirtschaftsrecht.de\/it\/wp-json\/wp\/v2\/pages"}],"about":[{"href":"https:\/\/zdarsky-wirtschaftsrecht.de\/it\/wp-json\/wp\/v2\/types\/page"}],"author":[{"embeddable":true,"href":"https:\/\/zdarsky-wirtschaftsrecht.de\/it\/wp-json\/wp\/v2\/users\/5"}],"replies":[{"embeddable":true,"href":"https:\/\/zdarsky-wirtschaftsrecht.de\/it\/wp-json\/wp\/v2\/comments?post=1616"}],"version-history":[{"count":2,"href":"https:\/\/zdarsky-wirtschaftsrecht.de\/it\/wp-json\/wp\/v2\/pages\/1616\/revisions"}],"predecessor-version":[{"id":2262,"href":"https:\/\/zdarsky-wirtschaftsrecht.de\/it\/wp-json\/wp\/v2\/pages\/1616\/revisions\/2262"}],"wp:attachment":[{"href":"https:\/\/zdarsky-wirtschaftsrecht.de\/it\/wp-json\/wp\/v2\/media?parent=1616"}],"curies":[{"name":"wp","href":"https:\/\/api.w.org\/{rel}","templated":true}]}}