{"id":1622,"date":"2014-02-11T18:32:21","date_gmt":"2014-02-11T17:32:21","guid":{"rendered":"https:\/\/zdarsky-wirtschaftsrecht.de\/link-per-lo-shopping"},"modified":"2014-02-11T18:32:21","modified_gmt":"2014-02-11T17:32:21","slug":"link-per-lo-shopping","status":"publish","type":"page","link":"https:\/\/zdarsky-wirtschaftsrecht.de\/it\/link-per-lo-shopping","title":{"rendered":"Link per lo shopping"},"content":{"rendered":"<h5><a title=\"Link generali\" href=\"https:\/\/zdarsky-wirtschaftsrecht.de\/allgemeine-links\" target=\"_blank\" rel=\"noopener\">Link generali<\/a><br \/>\n<a title=\"Link per lo shopping\" href=\"https:\/\/zdarsky-wirtschaftsrecht.de\/einkaufs-links\">Link agli acquisti<\/a><br \/>\n<a title=\"Collegamenti EDP\" href=\"https:\/\/zdarsky-wirtschaftsrecht.de\/edv-links\" target=\"_blank\" rel=\"noopener\">Link all&#8217;EDP<\/a><br \/>\n<a title=\"Collegamenti IP nazionali\" href=\"https:\/\/zdarsky-wirtschaftsrecht.de\/ip-links-national\" target=\"_blank\" rel=\"noopener\">Link IP nazionali<\/a><br \/>\n<a title=\"IP-Links-EU\" href=\"https:\/\/zdarsky-wirtschaftsrecht.de\/ip-links-eu\" target=\"_blank\" rel=\"noopener\">Link IP UE<\/a><br \/>\n<a title=\"IP-Links Internazionale\" href=\"https:\/\/zdarsky-wirtschaftsrecht.de\/ip-links-international\" target=\"_blank\" rel=\"noopener\">Link IP internazionali<br \/>\n<\/a><a title=\"Link legali\" href=\"https:\/\/zdarsky-wirtschaftsrecht.de\/rechtliche-links\" target=\"_blank\" rel=\"noopener\">Link legali<\/a><\/h5>\n<table border=\"0\" width=\"636\">\n<tbody>\n<tr>\n<td width=\"30%\">\n<ul>\n<li><a title=\"Google\" href=\"http:\/\/google.de\/\" target=\"_blank\" rel=\"noopener\">Google<br \/>\n<\/a><\/li>\n<li><a title=\"Altavista\" href=\"http:\/\/www.altavista.de\/\" target=\"_blank\" rel=\"noopener\">Altavista<\/a><a title=\"Google\" href=\"http:\/\/google.de\/\" target=\"_blank\" rel=\"noopener\"><br \/>\n<\/a><\/li>\n<li><a title=\"Yahoo\" href=\"http:\/\/www.yahoo.de\/\" target=\"_blank\" rel=\"noopener\">Yahoo<\/a><a title=\"Google\" href=\"http:\/\/google.de\/\" target=\"_blank\" rel=\"noopener\"><br \/>\n<\/a><\/li>\n<li><a title=\"Palla di fuoco\" href=\"http:\/\/www.fireball.de\/\" target=\"_blank\" rel=\"noopener\">Palla di fuoco<\/a><\/li>\n<\/ul>\n<\/td>\n<td width=\"30%\">\n<ul>\n<li><a title=\"Informazioni sulla ferrovia\" href=\"http:\/\/reiseauskunft.bahn.de\/\" target=\"_blank\" rel=\"noopener\">Ferrovia<br \/>\n<\/a><\/li>\n<li><a title=\"RMV\" href=\"http:\/\/www.rmv.de\/\" target=\"_blank\" rel=\"noopener\">RMV<\/a><\/li>\n<\/ul>\n<\/td>\n<td width=\"30%\">\n<ul>\n<li><a title=\"Elenco telefonico\" href=\"http:\/\/www.telefonbuch.de\/\" target=\"_blank\" rel=\"noopener\">Elenco telefonico<\/a><\/li>\n<li><a title=\"Richieste di elenchi internazionali\" href=\"http:\/\/www.telefonbuch.com\/\" target=\"_blank\" rel=\"noopener\">Telefono internazionale.<\/a><\/li>\n<\/ul>\n<\/td>\n<\/tr>\n<tr>\n<td width=\"30%\">\n<ul>\n<li><a title=\"Aldi\" href=\"http:\/\/germany.aldi.com\/\" target=\"_blank\" rel=\"noopener\">Aldi<br \/>\n<\/a><\/li>\n<li><a title=\"Lidl\" href=\"http:\/\/www.lidl.de\/de\/index.nsf\/pages\/i.home\" target=\"_blank\" rel=\"noopener\">Lidl<\/a><\/li>\n<li><a title=\"Plus-Online\" href=\"http:\/\/shop.plus.de\/is-bin\/INTERSHOP.enfinity\/eCS\/Store\/de\/-\/EUR\/PlusRe2Frameset-Start;sid=7Jk43EabuZM4uHh84yT5wCIe2seYBzh0hkM=\" target=\"_blank\" rel=\"noopener\">In pi\u00f9<\/a><\/li>\n<li><a title=\"Norma-Online\" href=\"http:\/\/www.norma-online.de\/index_norma24.php\" target=\"_blank\" rel=\"noopener\">Norma<\/a><\/li>\n<\/ul>\n<\/td>\n<td width=\"30%\">\n<ul>\n<li><a title=\"Farmacia Rossmann\" href=\"http:\/\/www.rossmann.de\/\" target=\"_blank\" rel=\"noopener\">Rossmann<\/a><\/li>\n<\/ul>\n<\/td>\n<td width=\"30%\">\n<ul>\n<li><a title=\"Informazioni sul test\" href=\"http:\/\/service.warentest.de\/online\/\" target=\"_blank\" rel=\"noopener\">Stiftung Warentest<\/a><a title=\"Sedi dei tribunali\" href=\"http:\/\/www.jusline.de\/jusline\/gerichte_berN.html\" target=\"_blank\" rel=\"noopener\"><br \/>\n<\/a><\/li>\n<li><a title=\"Ricerca codice postale\" href=\"http:\/\/www.deutschepost.de\/dpag?lang=de_DE&amp;xmlFile=1465\" target=\"_blank\" rel=\"noopener\">CAP<\/a><\/li>\n<li><a title=\"0190 numeri\" href=\"http:\/\/www.regtp.de\/reg_tele\/start\/in_05-06-03-04-00_m\/fs.html\" target=\"_blank\" rel=\"noopener\">0190 numeri<\/a><\/li>\n<li><a title=\"Telefonate pi\u00f9 economiche\" href=\"http:\/\/www.billiger-telefonieren.de\/\" target=\"_blank\" rel=\"noopener\">Telefonate pi\u00f9 economiche<\/a><\/li>\n<\/ul>\n<\/td>\n<\/tr>\n<tr>\n<td width=\"30%\">\n<ul>\n<li><a title=\"Amazon\" href=\"http:\/\/www.amazon.de\/\" target=\"_blank\" rel=\"noopener\">Amazon<br \/>\n<\/a><\/li>\n<li><a title=\"Ebay\" href=\"http:\/\/ebay.de\/\" target=\"_blank\" rel=\"noopener\">Ebay<\/a><a title=\"negozio scm\" href=\"http:\/\/www.scmshop.de\/\" target=\"_blank\" rel=\"noopener\">negozio scm<\/a><\/li>\n<\/ul>\n<\/td>\n<td width=\"30%\">\n<ul>\n<li><a title=\"Pi\u00f9 favorevole\" href=\"http:\/\/www12.guenstiger.de\/gt\/main.asp\" target=\"_blank\" rel=\"noopener\">Pi\u00f9 favorevole<\/a><\/li>\n<li><a title=\"Motore di ricerca dei prezzi\" href=\"http:\/\/www.preissuchmaschine.de\/psm_frontend\/main.asp\" target=\"_blank\" rel=\"noopener\">Motore di ricerca dei prezzi<\/a><\/li>\n<li><a title=\"Tirchiaccio\" href=\"http:\/\/www.geizhals.at\/deutschland\/\" target=\"_blank\" rel=\"noopener\">Geizhals.at<\/a><\/li>\n<li><a title=\"Andamento dei prezzi\" href=\"http:\/\/www.preistrend.de\/\" target=\"_blank\" rel=\"noopener\">Andamento dei prezzi<\/a><\/li>\n<\/ul>\n<\/td>\n<td width=\"30%\">\n<ul>\n<li><a title=\"Evendi\" href=\"http:\/\/www.evendi.de\/\" target=\"_blank\" rel=\"noopener\">Evendi<\/a><\/li>\n<li><a title=\"A propulsione Otto\" href=\"http:\/\/www.discount24.de\/\" target=\"_blank\" rel=\"noopener\">Sconto 24<\/a><\/li>\n<li><a title=\"Tirchiaccio\" href=\"http:\/\/www.geizkragen.de\/\" target=\"_blank\" rel=\"noopener\">Tirchiaccio<\/a><\/li>\n<li><a title=\"Idealo\" href=\"http:\/\/www.idealo.de\/preisvergleich\/MainProductCategory.html\" target=\"_blank\" rel=\"noopener\">idealo<\/a><\/li>\n<\/ul>\n<\/td>\n<\/tr>\n<tr>\n<td width=\"30%\">\n<ul>\n<li><a title=\"Enterprise Rent-a-car\" href=\"http:\/\/www.enterprise.de\/car_rental\/deeplinkmap.do?language=de\" target=\"_blank\" rel=\"noopener\">Impresa<\/a><\/li>\n<li><a title=\"a Europcar\" href=\"http:\/\/www.europcar.de\/\" target=\"_blank\" rel=\"noopener\">Europcar<\/a><\/li>\n<li><a title=\"alla prenotazione diretta\" href=\"http:\/\/www.dbcarsharing-buchung.de\/kundenbuchung\/process.php?proc=login_form&amp;f=3\" target=\"_blank\" rel=\"noopener\">DB Carsharing<\/a><\/li>\n<li><a href=\"http:\/\/web.book-n-drive.de\">Corsa in citt\u00e0<\/a><\/li>\n<\/ul>\n<\/td>\n<td width=\"30%\">\n<ul>\n<li><a title=\"Hotel.de\" href=\"http:\/\/www.hotel.de\/\" target=\"_blank\" rel=\"noopener\">Hotel.de<\/a><\/li>\n<li><a title=\"Prenotazioni alberghiere HRS\" href=\"http:\/\/www.hrs.de\/\" target=\"_blank\" rel=\"noopener\">HRS Hotel Reserv.<br \/>\n<\/a><\/li>\n<li><a title=\"Pochi, ma diretti\" href=\"http:\/\/www.fewo-direkt.de\/\" target=\"_blank\" rel=\"noopener\">Pochi, ma diretti<\/a><\/li>\n<li><a href=\"http:\/\/www.airbnb.de\/\" target=\"_blank\" rel=\"noopener\">airbnb<\/a><\/li>\n<\/ul>\n<\/td>\n<td width=\"30%\"><\/td>\n<\/tr>\n<tr>\n<td width=\"30%\">\n<ul>\n<li><a title=\"Pianificazione del percorso di Aral\" href=\"http:\/\/www.aral.de\/_struktur\/inside.cfm?si_id=759\" target=\"_blank\" rel=\"noopener\">Pianificazione del percorso Aral<\/a><\/li>\n<li><a title=\"Michelin\" href=\"http:\/\/www.viamichelin.com\/viamichelin\/deu\/dyn\/controller\/HomePage;jsessionid=0000WAC0AAEK20TDYXVURXOQRVQ+v1fj8das\" target=\"_blank\" rel=\"noopener\">Pianificatore di itinerari Michelin<\/a><\/li>\n<\/ul>\n<\/td>\n<td width=\"30%\">\n<ul>\n<li><a title=\"BCD\" href=\"http:\/\/www.bcd-travel-direct.de\/\" target=\"_blank\" rel=\"noopener\">BCD (Hapag Lloyd)<\/a><\/li>\n<li><a title=\"Vacanze pi\u00f9 economiche\" href=\"http:\/\/www.billiger-reisen.de\/\" target=\"_blank\" rel=\"noopener\">Vacanze pi\u00f9 economiche<\/a><\/li>\n<li><a title=\"Opodo\" href=\"http:\/\/opodo.de\/otpbvpl\/Jsp\/opodo\/HomeServlet?Locale=de_DE\" target=\"_blank\" rel=\"noopener\">Opodo<\/a><\/li>\n<li><a title=\"Travelchannel\" href=\"http:\/\/www.travelchannel.de\/tc.all\/servlet\/com.freiheit.travelchannel.FlugServlet\" target=\"_blank\" rel=\"noopener\">Travelchannel<\/a><\/li>\n<li><a title=\"Meta ricerca voli\" href=\"http:\/\/swoodoo.de\/\" target=\"_blank\" rel=\"noopener\">Swoodoo<\/a><\/li>\n<\/ul>\n<\/td>\n<\/tr>\n<\/tbody>\n<\/table>\n","protected":false},"excerpt":{"rendered":"<p>Link generali Link agli acquisti Link all&#8217;EDP Link IP nazionali Link IP UE Link IP internazionali Link legali Google Altavista Yahoo Palla di fuoco Ferrovia RMV Elenco telefonico Telefono internazionale. Aldi Lidl In pi\u00f9 Norma Rossmann Stiftung Warentest CAP 0190 numeri Telefonate pi\u00f9 economiche Amazon Ebaynegozio scm Pi\u00f9 favorevole Motore di ricerca dei prezzi Geizhals.at [&hellip;]<\/p>\n","protected":false},"author":5,"featured_media":0,"parent":0,"menu_order":0,"comment_status":"closed","ping_status":"closed","template":"","meta":{"footnotes":""},"class_list":["post-1622","page","type-page","status-publish","hentry"],"aioseo_notices":[],"_links":{"self":[{"href":"https:\/\/zdarsky-wirtschaftsrecht.de\/it\/wp-json\/wp\/v2\/pages\/1622","targetHints":{"allow":["GET"]}}],"collection":[{"href":"https:\/\/zdarsky-wirtschaftsrecht.de\/it\/wp-json\/wp\/v2\/pages"}],"about":[{"href":"https:\/\/zdarsky-wirtschaftsrecht.de\/it\/wp-json\/wp\/v2\/types\/page"}],"author":[{"embeddable":true,"href":"https:\/\/zdarsky-wirtschaftsrecht.de\/it\/wp-json\/wp\/v2\/users\/5"}],"replies":[{"embeddable":true,"href":"https:\/\/zdarsky-wirtschaftsrecht.de\/it\/wp-json\/wp\/v2\/comments?post=1622"}],"version-history":[{"count":0,"href":"https:\/\/zdarsky-wirtschaftsrecht.de\/it\/wp-json\/wp\/v2\/pages\/1622\/revisions"}],"wp:attachment":[{"href":"https:\/\/zdarsky-wirtschaftsrecht.de\/it\/wp-json\/wp\/v2\/media?parent=1622"}],"curies":[{"name":"wp","href":"https:\/\/api.w.org\/{rel}","templated":true}]}}