{"id":1651,"date":"2013-10-23T15:22:22","date_gmt":"2013-10-23T13:22:22","guid":{"rendered":"https:\/\/zdarsky-wirtschaftsrecht.de\/responsabilita-del-prodotto"},"modified":"2013-10-23T15:22:22","modified_gmt":"2013-10-23T13:22:22","slug":"responsabilita-del-prodotto","status":"publish","type":"page","link":"https:\/\/zdarsky-wirtschaftsrecht.de\/it\/responsabilita-del-prodotto","title":{"rendered":"Responsabilit\u00e0 del prodotto"},"content":{"rendered":"<p><b>Diritto della responsabilit\u00e0 (diritto assicurativo), in particolare la responsabilit\u00e0 del prodotto<\/b><\/p>\n<p>Nell&#8217;ambito della legge sulla responsabilit\u00e0 civile, due diverse questioni sono regolarmente al centro dell&#8217;attenzione:<\/p>\n<ul>\n<li>Un prodotto \u00e8 difettoso. Cosa deve fare il produttore? <\/li>\n<li>L&#8217;azienda dispone di una polizza di responsabilit\u00e0 del prodotto adeguata ed efficace per questo caso?<\/li>\n<\/ul>\n<p>Grazie alla nostra esperienza in entrambi i settori, forniamo consulenza alle aziende con un approccio olistico: chiariamo la <b>copertura assicurativa esistente <\/b>. Dopo un primo chiarimento preliminare delle esigenze di base dell&#8217;azienda, possiamo fare in modo che broker selezionati che conosciamo personalmente chiariscano la situazione attuale senza impegno. Se c&#8217;\u00e8 bisogno di un miglioramento, il broker lo chiarir\u00e0 direttamente con l&#8217;azienda.<\/p>\n<h5>Laboratori<\/h5>\n<p>In una seconda fase, <b>sensibilizziamo <\/b>i dipendenti <b>attraverso dei workshop<\/b>. Anche i <b>contratti con i fornitori o i clienti <\/b>potrebbero dover essere adattati. Un&#8217;analisi dei rapporti con i fornitori pi\u00f9 importanti spesso rivela un potenziale di miglioramento, al fine di rendere controllabile la responsabilit\u00e0 o di creare le condizioni per un ricorso contro i fornitori.<\/p>\n<p><strong>Offriamo<\/strong><\/p>\n<ul>\n<li>un&#8217;assistenza preventiva, come i <b>seminari interni <\/b>, in particolare, oltre che<\/li>\n<li>Assistenza in caso di sinistro, vale a dire consulenza individuale e supporto nelle trattative con gli assicuratori e le parti lese.<\/li>\n<\/ul>\n","protected":false},"excerpt":{"rendered":"<p>Diritto della responsabilit\u00e0 (diritto assicurativo), in particolare la responsabilit\u00e0 del prodotto Nell&#8217;ambito della legge sulla responsabilit\u00e0 civile, due diverse questioni sono regolarmente al centro dell&#8217;attenzione: Un prodotto \u00e8 difettoso. Cosa deve fare il produttore? L&#8217;azienda dispone di una polizza di responsabilit\u00e0 del prodotto adeguata ed efficace per questo caso? Grazie alla nostra esperienza in entrambi [&hellip;]<\/p>\n","protected":false},"author":5,"featured_media":0,"parent":0,"menu_order":0,"comment_status":"closed","ping_status":"closed","template":"","meta":{"footnotes":""},"class_list":["post-1651","page","type-page","status-publish","hentry"],"aioseo_notices":[],"_links":{"self":[{"href":"https:\/\/zdarsky-wirtschaftsrecht.de\/it\/wp-json\/wp\/v2\/pages\/1651","targetHints":{"allow":["GET"]}}],"collection":[{"href":"https:\/\/zdarsky-wirtschaftsrecht.de\/it\/wp-json\/wp\/v2\/pages"}],"about":[{"href":"https:\/\/zdarsky-wirtschaftsrecht.de\/it\/wp-json\/wp\/v2\/types\/page"}],"author":[{"embeddable":true,"href":"https:\/\/zdarsky-wirtschaftsrecht.de\/it\/wp-json\/wp\/v2\/users\/5"}],"replies":[{"embeddable":true,"href":"https:\/\/zdarsky-wirtschaftsrecht.de\/it\/wp-json\/wp\/v2\/comments?post=1651"}],"version-history":[{"count":0,"href":"https:\/\/zdarsky-wirtschaftsrecht.de\/it\/wp-json\/wp\/v2\/pages\/1651\/revisions"}],"wp:attachment":[{"href":"https:\/\/zdarsky-wirtschaftsrecht.de\/it\/wp-json\/wp\/v2\/media?parent=1651"}],"curies":[{"name":"wp","href":"https:\/\/api.w.org\/{rel}","templated":true}]}}