{"id":1676,"date":"2013-11-20T16:31:19","date_gmt":"2013-11-20T15:31:19","guid":{"rendered":"https:\/\/zdarsky-wirtschaftsrecht.de\/protezione-dei-dati"},"modified":"2013-11-20T16:31:19","modified_gmt":"2013-11-20T15:31:19","slug":"protezione-dei-dati","status":"publish","type":"page","link":"https:\/\/zdarsky-wirtschaftsrecht.de\/it\/protezione-dei-dati","title":{"rendered":"Protezione dei dati"},"content":{"rendered":"<h4>1. nome e dati di contatto del responsabile del trattamento e del responsabile della protezione dei dati aziendali<\/h4>\n<p>La presente informativa sulla protezione dei dati si applica al trattamento dei dati da parte di: Zdarsky Wirtschaftsrecht, Rechtsanw\u00e4lte, (di seguito: Zdarsky Wirtschaftsrecht) August-Schanz-Str. 8 Eing.<\/p>\n<p>B D-60433 Francoforte Germania E-Mail: datenschutz@zywr.de Telefono: +49 (0)69 &#8211; 90545 62-90 Fax: +49 (0) 69 &#8211; 90545 62-99 Il responsabile della protezione dei dati aziendali di Zdarsky Wirtschaftsrecht pu\u00f2 essere contattato all&#8217;indirizzo sopra indicato, Attn. responsabile della protezione dei dati, o all&#8217;indirizzo datenschutz (at) zywr.de.  <\/p>\n<h4>2. la raccolta e l&#8217;archiviazione dei dati personali e la natura e lo scopo del loro utilizzo<\/h4>\n<h5>A. Ambito del trattamento dei dati<\/h5>\n<h5>a) Quando visita il sito web<\/h5>\n<p>Quando visita il nostro sito web www.zdarsky-wirtschaftsrecht.de, il browser utilizzato sul suo dispositivo invia automaticamente informazioni al server del nostro sito web.<\/p>\n<p>Le seguenti informazioni vengono raccolte senza il suo intervento e memorizzate fino alla loro cancellazione automatica: &#8211; indirizzo IP del computer richiedente, &#8211; data e ora dell&#8217;accesso, &#8211; nome e URL del file recuperato, &#8211; sito web da cui viene effettuato l&#8217;accesso (URL di riferimento), &#8211; browser utilizzato e, se applicabile, sistema operativo del suo computer e nome del suo fornitore di accesso. Queste informazioni vengono memorizzate temporaneamente in un cosiddetto file di log. Questi dati non vengono memorizzati insieme ad altri dati personali dell&#8217;utente.<\/p>\n<p>Elaboriamo i dati di cui sopra per i seguenti scopi: &#8211; per garantire una connessione fluida al sito web, &#8211; per assicurare un uso comodo del nostro sito web, &#8211; per analizzare la sicurezza e la stabilit\u00e0 del sistema e &#8211; per altri scopi amministrativi. La base giuridica per il trattamento dei dati \u00e8 l&#8217;Art. 6 comma 1 frase 1 lit. f GDPR. Il nostro legittimo interesse deriva dagli scopi di raccolta dei dati sopra elencati.<br \/>\nIn nessun caso utilizziamo i dati raccolti allo scopo di trarre conclusioni sulla sua persona. Utilizziamo anche cookie e servizi di analisi quando visita il nostro sito web. Pu\u00f2 trovare spiegazioni pi\u00f9 dettagliate al riguardo nelle sezioni 4 e 5 della presente informativa sulla privacy. <\/p>\n<h5>b) Quando utilizza il nostro modulo di contatto<\/h5>\n<p>Per domande di qualsiasi tipo, le offriamo l&#8217;opportunit\u00e0 di contattarci tramite un modulo fornito sul sito web. \u00c8 necessario fornire un indirizzo e-mail valido, in modo da sapere chi ha inviato la richiesta e poter rispondere.<\/p>\n<p>Ulteriori informazioni possono essere fornite volontariamente. Il trattamento dei dati per contattarci viene effettuato in conformit\u00e0 all&#8217;Art. 6 comma 1 frase 1 lit. a GDPR, sulla base del suo consenso volontario. I dati personali da noi raccolti per l&#8217;utilizzo del modulo di contatto saranno cancellati automaticamente dopo che la sua richiesta sar\u00e0 stata evasa.    <\/p>\n<h5>B. Scopo del trattamento dei dati<\/h5>\n<p>La memorizzazione temporanea dell&#8217;indirizzo IP da parte del sistema \u00e8 necessaria per consentire la consegna del sito web al computer dell&#8217;utente.<br \/>\nA tal fine, l&#8217;indirizzo IP dell&#8217;utente deve rimanere memorizzato per la durata della sessione. I dati vengono memorizzati nei file di log per garantire la funzionalit\u00e0 del sito web. Utilizziamo i dati anche per l&#8217;ottimizzazione tecnica del sito web e per garantire la sicurezza dei nostri sistemi informatici. In questo contesto, i dati non vengono analizzati per scopi di marketing. Queste finalit\u00e0 costituiscono anche il nostro legittimo interesse al trattamento dei dati in conformit\u00e0 all&#8217;Art. 6 comma 1 lit. f GDPR.      <\/p>\n<h5>C. Durata della conservazione<\/h5>\n<p>I dati vengono cancellati non appena non sono pi\u00f9 necessari per soddisfare lo scopo per cui sono stati raccolti. Nel caso della raccolta di dati per la fornitura del sito web, ci\u00f2 avviene al termine della rispettiva sessione. Se gli indirizzi IP vengono memorizzati nei file di log, si applica quanto segue: se i dati vengono memorizzati nei file di log, ci\u00f2 avviene al pi\u00f9 tardi dopo sette giorni. L&#8217;archiviazione oltre questo periodo \u00e8 possibile. In questo caso, gli indirizzi IP degli utenti vengono cancellati o resi anonimi, in modo che non sia pi\u00f9 possibile identificare il cliente che accede. <\/p>\n<h5>D. Diritto di obiezione e rimozione<\/h5>\n<p>La raccolta dei dati per la fornitura del sito web e la memorizzazione dei dati nei file di log \u00e8 assolutamente necessaria per il funzionamento del sito web. Di conseguenza, l&#8217;utente non ha la possibilit\u00e0 di opporsi. <\/p>\n<h4>3. divulgazione dei dati<\/h4>\n<p>I suoi dati personali non saranno trasferiti a terzi per scopi diversi da quelli elencati di seguito.<\/p>\n<p>Divulghiamo i suoi dati personali a terzi solo se: &#8211; lei ha dato il suo esplicito consenso in conformit\u00e0 con l&#8217;Art. 6 comma 1 frase 1 lit. a GDPR, &#8211; la divulgazione in conformit\u00e0 con l&#8217;Art. 6 comma 1 frase 1 lit. f GDPR \u00e8 necessaria per l&#8217;affermazione, l&#8217;esercizio o la difesa di rivendicazioni legali e non c&#8217;\u00e8 motivo di ritenere che lei abbia un interesse prevalente meritevole di protezione nel non divulgare i suoi dati, &#8211; nel caso in cui vi sia un obbligo legale di divulgare i suoi dati in conformit\u00e0 con l&#8217;Art. 6 comma 1 frase 1 lit. c GDPR, e &#8211; questo \u00e8 legalmente consentito e necessario per l&#8217;elaborazione dei rapporti contrattuali con lei, in conformit\u00e0 con l&#8217;Art. 6 comma 1 frase 1 lit. c GDPR, e &#8211; questo \u00e8 legittimo e necessario per l&#8217;elaborazione dei rapporti contrattuali con lei.<br \/>\n6 comma 1 frase 1 lit. c GDPR, e &#8211; ci\u00f2 \u00e8 legalmente consentito e necessario per l&#8217;elaborazione dei rapporti contrattuali con lei in conformit\u00e0 con l&#8217;Art. 6 comma 1 frase 1 lit. b GDPR<\/p>\n<h4>4. biscotti<\/h4>\n<h5>A. Ambito del trattamento dei dati:<\/h5>\n<p>Utilizziamo i cookie sul nostro sito web. Si tratta di piccoli file che il suo browser crea automaticamente e che vengono memorizzati sul suo dispositivo finale (laptop, tablet, smartphone, ecc.) quando visita il nostro sito web.<br \/>\nI cookie non causano alcun danno al suo dispositivo e non contengono virus, trojan o altri malware. Nel cookie vengono memorizzate informazioni che risultano in ogni caso in relazione allo specifico dispositivo utilizzato.<br \/>\nTuttavia, ci\u00f2 non significa che otteniamo una conoscenza diretta della sua identit\u00e0. L&#8217;uso dei cookie serve a rendere funzionale il nostro sito web e a rendere pi\u00f9 piacevole per lei l&#8217;utilizzo della nostra offerta. Ad esempio, utilizziamo i cosiddetti cookie di sessione per riconoscere che ha gi\u00e0 visitato singole pagine del nostro sito web.<\/p>\n<p>I dati elaborati dai cookie sono necessari per gli scopi menzionati, per salvaguardare i nostri interessi legittimi e quelli di terzi, ai sensi dell&#8217;Art. 6 comma 1 frase 1 lit. f GDPR. La maggior parte dei browser accetta i cookie automaticamente. Tuttavia, pu\u00f2 configurare il suo browser in modo che non vengano memorizzati cookie sul suo computer o che venga sempre visualizzato un messaggio prima della creazione di un nuovo cookie. Tuttavia, la disattivazione completa dei cookie pu\u00f2 comportare l&#8217;impossibilit\u00e0 di utilizzare tutte le funzioni del nostro sito web. Sul nostro sito web utilizziamo anche dei cookie che ci permettono di analizzare il comportamento di navigazione degli utenti. I seguenti dati possono essere trasmessi in questo modo: Possono essere, ad esempio: (1) termini di ricerca inseriti (2) frequenza delle visualizzazioni delle pagine (3) utilizzo delle funzioni del sito web. Al momento dell&#8217;accesso al nostro sito web, l&#8217;utente viene informato dell&#8217;utilizzo dei cookie a scopo di analisi e viene ottenuto il suo consenso al trattamento dei dati personali utilizzati in questo contesto. In questo contesto, si fa riferimento anche alla presente informativa sulla privacy.         <\/p>\n<h5>Consenso ai cookie con Borlabs Cookie<\/h5>\n<p>Il nostro sito web utilizza la tecnologia di consenso dei cookie di Borlabs Cookie per ottenere il suo consenso alla memorizzazione di determinati cookie nel suo browser e per documentarlo in conformit\u00e0 alle normative sulla protezione dei dati. Il fornitore di questa tecnologia \u00e8 Borlabs &#8211; Benjamin A. Bornschein, Georg-Wilhelm-Str. 17, 21107 Amburgo, Germania (di seguito denominato Borlabs). Quando accede al nostro sito web, nel suo browser viene memorizzato un cookie di Borlabs, nel quale viene memorizzato il consenso che lei ha dato o la revoca di tale consenso. Questi dati non vengono trasmessi al fornitore del cookie Borlabs. I dati raccolti saranno conservati fino a quando non ci chieder\u00e0 di eliminarli o non eliminer\u00e0 lei stesso il cookie Borlabs, oppure fino a quando lo scopo della conservazione dei dati non sar\u00e0 pi\u00f9 valido. I periodi di conservazione obbligatori per legge rimangono inalterati. I dettagli sull&#8217;elaborazione dei dati dei cookie di Borlabs sono disponibili sul sito <a href=\"https:\/\/de.borlabs.io\/kb\/welche-daten-speichert-borlabs-cookie\/\" target=\"_blank\" rel=\"noopener noreferrer\">https:\/\/de.borlabs.io\/kb\/welche-daten-speichert-borlabs-cookie\/<\/a> La tecnologia Borlabs Cookie Consent viene utilizzata per ottenere il consenso legalmente richiesto per l&#8217;uso dei cookie. La base giuridica \u00e8 l&#8217;Art. 6 comma 1 frase 1 lit. c GDPR.  <\/p>\n<p><span class=\"borlabs-cookie-open-dialog-preferences brlbs-cmpnt-container\" data-borlabs-cookie-title=\"Aprire le impostazioni di protezione dei dati\" data-borlabs-cookie-type=\"button\" ><\/span><\/p>\n<h5>B. Base giuridica del trattamento dei dati<\/h5>\n<p>La base giuridica per il trattamento dei dati personali mediante cookie a scopo di analisi \u00e8 l&#8217;Art. 6 comma 1 lit. a GDPR, se l&#8217;utente ha dato il suo consenso. La base giuridica per il trattamento dei dati personali mediante cookie tecnicamente necessari ai sensi del \u00a7 25 comma 2 TDDDG \u00e8 altrimenti l&#8217;Art. 6 comma 1 lit. f GDPR.     <\/p>\n<h5>C. Scopo del trattamento dei dati<\/h5>\n<p>Lo scopo dell&#8217;utilizzo dei cookie tecnicamente necessari \u00e8 quello di consentire l&#8217;uso dei siti web agli utenti. Alcune funzioni del nostro sito web non possono essere offerte senza l&#8217;uso dei cookie.<\/p>\n<p>Per queste, \u00e8 necessario che il browser venga riconosciuto anche dopo un cambio di pagina. I dati dell&#8217;utente raccolti dai cookie tecnicamente necessari non vengono utilizzati per creare profili utente. Lo scopo dell&#8217;utilizzo dei cookie di analisi \u00e8 quello di migliorare la qualit\u00e0 del nostro sito web e dei suoi contenuti. Attraverso i cookie di analisi, apprendiamo come viene utilizzato il sito web e possiamo cos\u00ec ottimizzare costantemente la nostra offerta.   <\/p>\n<h5>D. Durata dello stoccaggio, obiezione e opzioni di rimozione<\/h5>\n<p>I cookie vengono memorizzati sul computer dell&#8217;utente e da questo trasmessi al nostro sito web. Come utente, ha quindi il pieno controllo sull&#8217;uso dei cookie. Pu\u00f2 disattivare o limitare la memorizzazione dei cookie modificando le impostazioni del suo browser Internet. I cookie gi\u00e0 salvati possono essere eliminati in qualsiasi momento. Questo pu\u00f2 avvenire anche in modo automatico. Se i cookie vengono disattivati per il nostro sito web, potrebbe non essere pi\u00f9 possibile utilizzare appieno tutte le funzioni del sito.     <\/p>\n<h4>5. strumenti di analisi<\/h4>\n<h5>a) Strumenti di tracciamento<\/h5>\n<p>Le misure di tracciamento elencate di seguito e da noi utilizzate vengono effettuate sulla base dell&#8217;Art. 6 comma 1 frase 1 lit. f GDPR. Con le misure di tracciamento utilizzate, vogliamo garantire un design basato sulle esigenze e la continua ottimizzazione del nostro sito web. D&#8217;altra parte, utilizziamo le misure di tracciamento per registrare statisticamente l&#8217;uso del nostro sito web e per valutarlo al fine di ottimizzare la nostra offerta per lei.<br \/>\nQuesti interessi sono da considerarsi legittimi ai sensi della suddetta disposizione. Le rispettive finalit\u00e0 di trattamento dei dati e le categorie di dati sono riportate negli strumenti di tracciamento corrispondenti.     <\/p>\n<h5>Statistiche di WordPress<\/h5>\n<p>Questo sito web utilizza lo strumento WordPress Stats per analizzare statisticamente l&#8217;accesso dei visitatori. Il fornitore \u00e8 Automattic Inc, 60 29th Street #343, San Francisco, CA 94110-4929, USA. WordPress Stats utilizza dei cookie, che vengono memorizzati sul suo computer e consentono di analizzare il suo utilizzo del sito web. Le informazioni generate dai cookie sull&#8217;utilizzo di questo sito web vengono memorizzate su server negli Stati Uniti. Il suo indirizzo IP viene anonimizzato dopo l&#8217;elaborazione e prima dell&#8217;archiviazione. I cookie &#8220;WordPress Stats&#8221; rimangono sul suo dispositivo finale finch\u00e9 non li cancella. La memorizzazione dei cookie &#8220;WordPress Stats&#8221; e l&#8217;utilizzo di questo strumento di analisi si basano sull&#8217;Art. 6 comma 1 lit. f GDPR. L&#8217;operatore del sito web ha un interesse legittimo nell&#8217;analisi anonima del comportamento degli utenti, al fine di ottimizzare il sito web e la pubblicit\u00e0. Se \u00e8 stato richiesto un consenso corrispondente (ad esempio, il consenso alla memorizzazione dei cookie), il trattamento viene effettuato esclusivamente sulla base dell&#8217;Art. 6 comma 1 lit. a GDPR; il consenso pu\u00f2 essere revocato in qualsiasi momento. Pu\u00f2 impostare il suo browser in modo da essere informato sull&#8217;impostazione dei cookie e consentire i cookie solo in singoli casi, escludere l&#8217;accettazione dei cookie per determinati casi o in generale e attivare la cancellazione automatica dei cookie alla chiusura del browser. Se i cookie vengono disattivati, la funzionalit\u00e0 di questo sito web potrebbe essere limitata. Pu\u00f2 opporsi alla raccolta e all&#8217;utilizzo dei suoi dati per il futuro, cliccando su questo link per impostare un cookie di opt-out nel suo browser: <a href=\"https:\/\/www.quantcast.com\/opt-out\/\" target=\"_blank\" rel=\"noopener noreferrer\">https:\/\/www.quantcast.com\/opt-out\/.<\/a> In alternativa, pu\u00f2 impostare il seguente pulsante su &#8220;Off&#8221;:<\/p>\n<p>Se cancella i cookie sul suo computer, deve impostare nuovamente il cookie di opt-out.<\/p>\n<h5>b) Non utilizziamo plug-in di social media.<\/h5>\n<h4>6. google maps<\/h4>\n<p>Questo sito web utilizza Google Maps per visualizzare mappe interattive e fornire indicazioni stradali. Google Maps \u00e8 un servizio di mappe fornito da Google Inc, 1600 Amphitheatre Parkway, Mountain View, California 94043, USA. Utilizzando Google Maps, le informazioni sull&#8217;utilizzo di questo sito web, compreso il suo indirizzo IP e l&#8217;indirizzo (di partenza) inserito come parte della funzione di pianificazione del percorso, possono essere trasmesse a Google negli Stati Uniti. Quando accede a una pagina web del nostro sito che contiene Google Maps, il suo browser stabilisce una connessione diretta con i server di Google. Il contenuto della mappa viene trasmesso da Google direttamente al suo browser, che lo integra nel sito web. Pertanto, non abbiamo alcuna influenza sulla portata dei dati raccolti da Google in questo modo. Per quanto ne sappiamo, si tratta almeno dei seguenti dati:<\/p>\n<ul>\n<li>Data e ora della visita al sito web,<\/li>\n<li>Indirizzo Internet o URL del sito web visitato e<\/li>\n<li>Indirizzo di partenza inserito come parte della pianificazione del percorso<\/li>\n<\/ul>\n<p>Non abbiamo alcuna influenza sull&#8217;elaborazione e sull&#8217;utilizzo dei dati da parte di Google e pertanto non ci assumiamo alcuna responsabilit\u00e0 in merito. Se non desidera che Google raccolga, elabori o utilizzi i dati che la riguardano attraverso il nostro sito web, pu\u00f2 disattivare &#8220;JavaScript&#8221; nelle impostazioni del suo browser. Tuttavia, non sar\u00e0 in grado di utilizzare la visualizzazione delle mappe. Google utilizza le clausole contrattuali standard elencate nell&#8217;Art. 46 (2) e (3) del GDPR. Il loro utilizzo garantisce all&#8217;utente un livello di protezione dei dati conforme agli standard di protezione dei dati nell&#8217;UE, se i dati vengono trasferiti a Paesi terzi (ad esempio gli Stati Uniti) e ivi archiviati. Al trattamento dei dati personali negli Stati Uniti da parte di Google viene assegnato un livello equivalente di protezione dei dati dal Quadro sulla privacy dei dati UE-USA nella decisione di adeguatezza della Commissione UE del 13 dicembre 2022. A seguito di ulteriori consultazioni, la decisione di adeguatezza \u00e8 entrata in vigore il 10 luglio 2023. Ulteriori informazioni sono disponibili sul sito<a href=\"https:\/\/comission.europa\/ducument\/fa09cbad-dd7d-4684-ae60-be03fcb0fddt_en\">https:\/\/comission.europa\/ducument\/fa09cbad-dd7d-4684-ae60-be03fcb0fddt_en.<\/a> Attraverso il Quadro sulla privacy dei dati UE-USA e le clausole contrattuali standard, Google \u00e8 obbligata a rispettare il livello europeo di protezione dei dati anche quando trasferisce, archivia ed elabora i dati negli Stati Uniti. L&#8217;informativa sulla privacy di Google con ulteriori spiegazioni \u00e8 disponibile all&#8217;indirizzo: <a href=\"https:\/\/policies.google.com\/privacy?hl=de&amp;fg=1#infosecurity\">https:\/\/policies.google.com\/privacy?hl=de&amp;fg=1#infosecurity.<\/a> <\/p>\n<h4>7. diritti degli interessati<\/h4>\n<p>Lei ha il diritto: &#8211; di richiedere informazioni sui Suoi dati personali da noi trattati ai sensi dell&#8217;Art. 15 GDPR. In particolare, pu\u00f2 richiedere informazioni sulle finalit\u00e0 del trattamento, sulla categoria di dati personali, sulle categorie di destinatari a cui i suoi dati sono stati o saranno comunicati, sul periodo di conservazione previsto, sull&#8217;esistenza di un diritto di rettifica, cancellazione, limitazione del trattamento o obiezione, sull&#8217;esistenza di un diritto di appello, sull&#8217;origine dei suoi dati se non sono stati raccolti da noi, nonch\u00e9 sull&#8217;esistenza di un processo decisionale automatizzato, compresa la profilazione e, se del caso, informazioni significative sui suoi dettagli; &#8211; in conformit\u00e0 all&#8217;Art. 16 GDPR, di richiedere la correzione immediata di dati personali errati o incompleti da noi conservati; &#8211; in conformit\u00e0 all&#8217;Art. 16 GDPR, di richiedere la rettifica immediata di dati personali errati o incompleti da noi conservati. 16 GDPR, richiedere la correzione immediata di dati personali errati o incompleti da noi memorizzati; &#8211; in conformit\u00e0 all&#8217;Art. 17 GDPR, richiedere la cancellazione dei suoi dati personali da noi memorizzati, a meno che il trattamento non sia necessario per esercitare il diritto alla libert\u00e0 di espressione e di informazione, per adempiere a un obbligo legale, per motivi di interesse pubblico o per far valere, esercitare o difendere rivendicazioni legali; &#8211; in conformit\u00e0 all&#8217;Art. 18 GDPR, per richiedere la limitazione del trattamento dei suoi dati personali se l&#8217;esattezza dei dati \u00e8 contestata da lei, il trattamento \u00e8 illegittimo ma lei si oppone alla cancellazione dei dati e noi non abbiamo pi\u00f9 bisogno dei dati, ma lei li richiede per l&#8217;accertamento, l&#8217;esercizio o la difesa di rivendicazioni legali o si \u00e8 opposto al trattamento ai sensi dell&#8217;Art. 21 GDPR, per opporsi al trattamento; &#8211; in conformit\u00e0 con l&#8217;Art. 20 GDPR, per ricevere i suoi dati personali che ci ha fornito in un formato strutturato, comunemente usato e leggibile da una macchina o per richiedere che vengano trasmessi a un altro controllore; &#8211; in conformit\u00e0 con l&#8217;Art. 7 comma 3 GDPR, per ritirare il suo consenso a noi in qualsiasi momento.<br \/>\nCi\u00f2 significa che non potremo pi\u00f9 continuare il trattamento dei dati sulla base di tale consenso in futuro e &#8211; presentare un reclamo a un&#8217;autorit\u00e0 di vigilanza ai sensi dell&#8217;Art. 77 GDPR. Di norma, pu\u00f2 contattare l&#8217;autorit\u00e0 di vigilanza presso il suo luogo di residenza o di lavoro abituale o presso la sede legale del nostro studio legale. <\/p>\n<h4>8. diritto di obiezione<\/h4>\n<p>Se i suoi dati personali vengono elaborati sulla base di interessi legittimi ai sensi dell&#8217;Art. 6 comma 1 frase 1 lit. f GDPR, lei ha il diritto di opporsi al trattamento dei suoi dati personali ai sensi dell&#8217;Art. 21 GDPR, a condizione che vi siano motivi derivanti dalla sua situazione particolare o che l&#8217;obiezione sia diretta contro la pubblicit\u00e0 diretta.<br \/>\nIn quest&#8217;ultimo caso, ha un diritto generale di opposizione, che sar\u00e0 da noi attuato senza specificare una situazione particolare. Se desidera esercitare il suo diritto di cancellazione o di opposizione, \u00e8 sufficiente inviare un&#8217;e-mail a datenschutz@zywr.de.   <\/p>\n<h4>9. sicurezza dei dati<\/h4>\n<p>Quando visita il nostro sito web, utilizziamo il diffuso metodo SSL (Secure Socket Layer) insieme al pi\u00f9 alto livello di crittografia supportato dal suo browser. Di norma, si tratta di una crittografia a 256 bit. Se il suo browser non supporta la crittografia a 256 bit, utilizziamo invece la tecnologia a 128 bit v3.<br \/>\nPu\u00f2 sapere se una singola pagina del nostro sito web \u00e8 trasmessa in forma criptata dalla visualizzazione chiusa del simbolo della chiave o del lucchetto nella barra di stato inferiore del suo browser. Utilizziamo inoltre misure di sicurezza tecniche e organizzative adeguate per proteggere i suoi dati da manipolazioni accidentali o intenzionali, perdita parziale o completa, distruzione o accesso non autorizzato da parte di terzi. Le nostre misure di sicurezza vengono continuamente migliorate in linea con gli sviluppi tecnologici.    <\/p>\n<h4>10. attualit\u00e0 e modifica della presente dichiarazione sulla protezione dei dati<\/h4>\n<p>La presente dichiarazione sulla protezione dei dati \u00e8 attualmente valida ed \u00e8 datata novembre 2022. A causa dell&#8217;ulteriore sviluppo del nostro sito web e delle nostre offerte o a causa di mutati requisiti legali o ufficiali, potrebbe essere necessario modificare la presente dichiarazione sulla protezione dei dati.<\/p>\n<h4>11. abuso di dati da parte dell&#8217;utente dei nostri siti web<\/h4>\n<p>Non \u00e8 consentito l&#8217;utilizzo dei dati di contatto pubblicati nell&#8217;imprinting, come l&#8217;indirizzo postale, i numeri di telefono e di fax e gli indirizzi e-mail, da parte di terzi per l&#8217;invio di informazioni non espressamente richieste. Ci riserviamo espressamente il diritto di intraprendere azioni legali contro i mittenti delle cosiddette e-mail di spam in caso di violazione di questo divieto.<\/p>\n<p><em>Informativa sulla privacy al settembre 2024<\/em><\/p>\n","protected":false},"excerpt":{"rendered":"<p>1. nome e dati di contatto del responsabile del trattamento e del responsabile della protezione dei dati aziendali La presente informativa sulla protezione dei dati si applica al trattamento dei dati da parte di: Zdarsky Wirtschaftsrecht, Rechtsanw\u00e4lte, (di seguito: Zdarsky Wirtschaftsrecht) August-Schanz-Str. 8 Eing. B D-60433 Francoforte Germania E-Mail: datenschutz@zywr.de Telefono: +49 (0)69 &#8211; 90545 [&hellip;]<\/p>\n","protected":false},"author":5,"featured_media":0,"parent":0,"menu_order":0,"comment_status":"closed","ping_status":"closed","template":"","meta":{"footnotes":""},"class_list":["post-1676","page","type-page","status-publish","hentry"],"aioseo_notices":[],"_links":{"self":[{"href":"https:\/\/zdarsky-wirtschaftsrecht.de\/it\/wp-json\/wp\/v2\/pages\/1676","targetHints":{"allow":["GET"]}}],"collection":[{"href":"https:\/\/zdarsky-wirtschaftsrecht.de\/it\/wp-json\/wp\/v2\/pages"}],"about":[{"href":"https:\/\/zdarsky-wirtschaftsrecht.de\/it\/wp-json\/wp\/v2\/types\/page"}],"author":[{"embeddable":true,"href":"https:\/\/zdarsky-wirtschaftsrecht.de\/it\/wp-json\/wp\/v2\/users\/5"}],"replies":[{"embeddable":true,"href":"https:\/\/zdarsky-wirtschaftsrecht.de\/it\/wp-json\/wp\/v2\/comments?post=1676"}],"version-history":[{"count":0,"href":"https:\/\/zdarsky-wirtschaftsrecht.de\/it\/wp-json\/wp\/v2\/pages\/1676\/revisions"}],"wp:attachment":[{"href":"https:\/\/zdarsky-wirtschaftsrecht.de\/it\/wp-json\/wp\/v2\/media?parent=1676"}],"curies":[{"name":"wp","href":"https:\/\/api.w.org\/{rel}","templated":true}]}}