{"id":2032,"date":"2021-12-03T16:24:03","date_gmt":"2021-12-03T15:24:03","guid":{"rendered":"https:\/\/zdarsky-wirtschaftsrecht.de\/nuova-legge-sulle-vendite-in-vigore-dal-1-1-2022"},"modified":"2025-11-14T11:17:09","modified_gmt":"2025-11-14T10:17:09","slug":"nuova-legge-sulle-vendite-in-vigore-dal-1-1-2022","status":"publish","type":"page","link":"https:\/\/zdarsky-wirtschaftsrecht.de\/it\/legge-sulla-distribuzione\/nuova-legge-sulle-vendite-in-vigore-dal-1-1-2022","title":{"rendered":"Nuova legge sulle vendite in vigore dal 1.1.2022"},"content":{"rendered":"<h5>Perch\u00e9 i cambiamenti sono cos\u00ec importanti?<\/h5>\n<p>La legge sulle vendite, introdotta il 1\u00b0 gennaio 2002, \u00e8 stata aggiornata pi\u00f9 volte negli ultimi 20 anni. A differenza del passato, per\u00f2, ora subir\u00e0 modifiche considerevoli e nuove regole complete dal 1\u00b0 gennaio 2022, che sono di grande importanza sia per le aziende che per i consumatori.<\/p>\n<h5>I cambiamenti pi\u00f9 importanti in breve:<\/h5>\n<ul>\n<li>Introduzione di una nuova categoria di prodotti digitali<\/li>\n<li>Obblighi di aggiornamento per i prodotti digitali<\/li>\n<li>Inasprimento della definizione di difetto a svantaggio del venditore<\/li>\n<li>Inversione dell&#8217;onere della prova a favore dei consumatori estesa a 1 anno<\/li>\n<li>Ricorso pi\u00f9 completo all&#8217;interno della catena di fornitura<\/li>\n<\/ul>\n<p><strong>I cambiamenti nel dettaglio:<\/strong><\/p>\n<ol>\n<li>\n<h5>Introduzione di una nuova categoria di prodotti cosiddetti digitali<\/h5>\n<\/li>\n<\/ol>\n<p>Per prodotti digitali (\u00a7 327 BGB) si intendono, da un lato, contenuti digitali (dati, ad es. applicazioni software, programmi, raccolte di dati, ecc.), e dall&#8217;altro, servizi digitali, ad es. prodotti per l&#8217;elaborazione dei dati contrattuali.<\/p>\n<p>Le applicazioni software, come le app per il controllo dell&#8217;assistenza alla guida, i sistemi di navigazione, ecc., rientrano in questa nuova categoria di prodotti.<\/p>\n<p>Per questi prodotti, che in precedenza erano in gran parte coperti dalla legge generale sulle vendite, ci sono ora varie normative per la fornitura, le procedure per gestire i difetti, ecc.<\/p>\n<p>Particolarmente significativo per i produttori \u00e8 che ora viene introdotto obbligatoriamente un servizio di aggiornamento per garantire l&#8217;usabilit\u00e0, che non termina con la scadenza del periodo di garanzia (24 mesi). Il venditore deve fornire \u201caggiornamenti\u201d e informare su di essi se l&#8217;aggiornamento \u00e8 necessario per mantenere la conformit\u00e0 contrattuale (specialmente l&#8217;usabilit\u00e0). Questo significa: gli aggiornamenti devono essere fatti secondo il \u00a7 327f BGB per il \u201cperiodo di fornitura\u201d se tale periodo \u00e8 definito. Senza tale definizione, questo obbligo esiste per il periodo \u201cche il consumatore pu\u00f2 aspettarsi per il prodotto\u201d. Se questi obblighi non vengono soddisfatti, il prodotto nel suo complesso \u00e8 considerato difettoso.<\/p>\n<p>Se si acquistano i prodotti e non li si programmano da soli, \u00e8 necessario concordare con i propri fornitori le disposizioni necessarie per adempiere a tale obbligo.<\/p>\n<ol start=\"2\">\n<li>\n<h5>Contratti pacchetto<\/h5>\n<\/li>\n<\/ol>\n<p>Se un prodotto contiene software senza il quale il prodotto non pu\u00f2 essere utilizzato, la legge sui prodotti digitali si applica al software, in particolare l&#8217;obbligo di fornire aggiornamenti e annunciarli.<\/p>\n<p>D&#8217;altra parte, per l&#8217;altro prodotto, chiamato \u201cbeni\u201d dal 1\u00b0 gennaio 2022, si applica la legge generale sulle vendite nella sua versione allora vigente.<\/p>\n<ol start=\"3\">\n<li>\n<h5>Modifiche alla definizione di difetti<\/h5>\n<\/li>\n<\/ol>\n<p>Secondo la legge precedente, l&#8217;accordo contrattuale sulla qualit\u00e0 aveva la precedenza sulla qualit\u00e0 usuale.<\/p>\n<p>Questa precedenza viene ora abolita. Dal 1\u00b0 gennaio 2022 si applica quanto segue:<\/p>\n<p>L&#8217;acquirente pu\u00f2 fare affidamento sull&#8217;accordo contrattuale sulla qualit\u00e0, come prima. In aggiunta e cumulativamente, i beni devono anche soddisfare la qualit\u00e0 usuale dei beni di questo tipo.<\/p>\n<p>La precedenza dell&#8217;accordo contrattuale viene cos\u00ec in gran parte abolita.<\/p>\n<p>Ci\u00f2 significa anche che potrebbe essere significativamente pi\u00f9 difficile vendere i cosiddetti beni di seconda scelta in modo legalmente sicuro. Almeno ai consumatori, i beni di seconda scelta non possono essere venduti senza ulteriori precauzioni senza temere che possano reclamarli come difettosi. Bisogna comunicare gli errori e i difetti specifici di tali beni di seconda scelta in modo chiaro e, soprattutto, verificabile nel contratto con il consumatore. Altrimenti, c&#8217;\u00e8 il rischio che il consumatore acquisti la merce a un prezzo vantaggioso e poi reclamare i difetti.<\/p>\n<p>La prevalenza dell&#8217;accordo contrattuale \u00e8 quindi in gran parte soppressa.<\/p>\n<p>Per i beni che richiedono anche componenti digitali per il funzionamento, come il software di controllo per EPAC o per la commutazione elettronica, si applicano le normative per i contratti pacchetto: in particolare, deve essere fornito un servizio di aggiornamento gratuito per il software.<\/p>\n<ol start=\"4\">\n<li>\n<h5>Estensione dell&#8217;inversione dell&#8217;onere della prova<\/h5>\n<\/li>\n<\/ol>\n<p>La durata dell&#8217;inversione dell&#8217;onere della prova, cio\u00e8 il tempo durante il quale si presume che un difetto che appare fosse gi\u00e0 presente inizialmente, viene estesa a 12 mesi.<\/p>\n<ol start=\"5\">\n<li>\n<h5>Agevolazioni nel ricorso all&#8217;interno della catena di fornitura<\/h5>\n<\/li>\n<\/ol>\n<p>Il ricorso all&#8217;interno della catena di fornitura fino al produttore del prodotto finale viene facilitato e ampliato. Sebbene si applichi ancora che il difetto debba essere stato presente, i termini per il ricorso sono estesi fino a 6 mesi dopo la scadenza del periodo di garanzia tra l&#8217;ultimo venditore e il consumatore. Esistono diversi altri inasprimenti a carico delle imprese, ad esempio per quanto riguarda la redazione di dichiarazioni di garanzia. Per le aziende, questo vuol dire che <strong>sia i termini di vendita che i contratti d&#8217;acquisto<\/strong> devono essere verificati, soprattutto per quanto riguarda gli aggiornamenti obbligatori per i prodotti digitali, ma anche per esempio per le opzioni di rimborso al cliente.<\/p>\n","protected":false},"excerpt":{"rendered":"<p>Perch\u00e9 i cambiamenti sono cos\u00ec importanti? La legge sulle vendite, introdotta il 1\u00b0 gennaio 2002, \u00e8 stata aggiornata pi\u00f9 volte negli ultimi 20 anni. A differenza del passato, per\u00f2, ora subir\u00e0 modifiche considerevoli e nuove regole complete dal 1\u00b0 gennaio 2022, che sono di grande importanza sia per le aziende che per i consumatori. I [&hellip;]<\/p>\n","protected":false},"author":5,"featured_media":0,"parent":2080,"menu_order":0,"comment_status":"closed","ping_status":"closed","template":"","meta":{"footnotes":""},"class_list":["post-2032","page","type-page","status-publish","hentry"],"aioseo_notices":[],"_links":{"self":[{"href":"https:\/\/zdarsky-wirtschaftsrecht.de\/it\/wp-json\/wp\/v2\/pages\/2032","targetHints":{"allow":["GET"]}}],"collection":[{"href":"https:\/\/zdarsky-wirtschaftsrecht.de\/it\/wp-json\/wp\/v2\/pages"}],"about":[{"href":"https:\/\/zdarsky-wirtschaftsrecht.de\/it\/wp-json\/wp\/v2\/types\/page"}],"author":[{"embeddable":true,"href":"https:\/\/zdarsky-wirtschaftsrecht.de\/it\/wp-json\/wp\/v2\/users\/5"}],"replies":[{"embeddable":true,"href":"https:\/\/zdarsky-wirtschaftsrecht.de\/it\/wp-json\/wp\/v2\/comments?post=2032"}],"version-history":[{"count":3,"href":"https:\/\/zdarsky-wirtschaftsrecht.de\/it\/wp-json\/wp\/v2\/pages\/2032\/revisions"}],"predecessor-version":[{"id":2310,"href":"https:\/\/zdarsky-wirtschaftsrecht.de\/it\/wp-json\/wp\/v2\/pages\/2032\/revisions\/2310"}],"up":[{"embeddable":true,"href":"https:\/\/zdarsky-wirtschaftsrecht.de\/it\/wp-json\/wp\/v2\/pages\/2080"}],"wp:attachment":[{"href":"https:\/\/zdarsky-wirtschaftsrecht.de\/it\/wp-json\/wp\/v2\/media?parent=2032"}],"curies":[{"name":"wp","href":"https:\/\/api.w.org\/{rel}","templated":true}]}}