{"id":2043,"date":"2014-02-07T16:32:14","date_gmt":"2014-02-07T15:32:14","guid":{"rendered":"https:\/\/zdarsky-wirtschaftsrecht.de\/partner-di-cooperazione"},"modified":"2025-11-12T18:07:58","modified_gmt":"2025-11-12T17:07:58","slug":"partner-di-cooperazione","status":"publish","type":"page","link":"https:\/\/zdarsky-wirtschaftsrecht.de\/it\/partner-di-cooperazione","title":{"rendered":"Partner di cooperazione"},"content":{"rendered":"<h2>Diritto dei brevetti e protezione dei modelli di utilit\u00e0:<\/h2>\n<h3><a href=\"https:\/\/www.schultheiss-ip.de\/dr-juergen-schultheiss.html\"><strong>Avvocati specializzati in brevetti Schultheiss e Sterzel<\/strong><\/a><\/h3>\n<p>Collaboriamo con il Dr. J\u00fcrgen Schulthei\u00df, dottore di ricerca in biochimica, nel campo delle domande di brevetto e della protezione dei modelli di utilit\u00e0. Il Dr. Schulthei\u00df, con sede a Francoforte, lavora nel campo dei diritti di propriet\u00e0 industriale dal 1997 ed \u00e8 avvocato specializzato in brevetti e rappresentante autorizzato presso l&#8217;Ufficio Europeo dei Brevetti dal 2001. Lo studio legale si occupa di domande nazionali e internazionali ed \u00e8 disponibile per consulenze.<\/p>\n<p>Entrambi i colleghi possono vantare molti anni di pratica nell&#8217;industria e hanno competenze specifiche nei settori<\/p>\n<p>&#8211; Creazione e monitoraggio di portafogli efficienti di propriet\u00e0 intellettuale<br \/>\n&#8211; Diritti sulle invenzioni dei dipendenti e compensi agli inventori.<\/p>\n<p><a href=\"https:\/\/www.schultheiss-ip.de\/kompetenzen.html\">Il focus particolare<\/a> delle invenzioni di cui si occupano riguarda tutti i campi chimici, tecnici e fisici, come chimica, biochimica e farmacia, fisica, ingegneria meccanica, ingegneria elettrica, nonch\u00e9 tecnologie dell&#8217;informazione e telecomunicazioni.<\/p>\n<h2>Compliance:<\/h2>\n<h3 class=\"LC20lb\"><a href=\"https:\/\/www.knierim-kollegen.com\/\"><span class=\"S3Uucc\">Studio legale Knierim Kollegen<\/span><\/a><\/h3>\n<p>Il focus principale della compliance risiede nel settore dei reati economici, in particolare nella consulenza extragiudiziale alle aziende su questioni di compliance e gestione delle crisi.<\/p>\n<p>A questo proposito, collaboriamo caso per caso con lo studio legale <a href=\"https:\/\/www.knierim-kollegen.com\/\" target=\"_blank\" rel=\"noopener noreferrer\">Knierim e Kollegen<\/a> di Magonza.<\/p>\n<p>Nel campo del diritto penale economico, la gestione della compliance si \u00e8 recentemente sviluppata a un ritmo rapido come argomento centrale per la gestione aziendale legale e conforme in varie organizzazioni e culture aziendali.<\/p>\n<p>In particolare, siamo felici di consigliarti congiuntamente sia dal punto di vista del diritto civile che del diritto penale economico.<\/p>\n<h2>Diritto delle associazioni\/Diritto delle fondazioni\/Organizzazioni no-profit:<\/h2>\n<h3><a title=\"Studio legale FZF\" href=\"http:\/\/www.fzf.de\" target=\"_blank\" rel=\"noopener noreferrer\"><strong>Studio legale FZF<\/strong><\/a><\/h3>\n<p>Nelle aree del diritto delle associazioni, diritto delle fondazioni e organizzazioni no-profit, collaboriamo strettamente con lo studio legale FZF, da cui \u00e8 originariamente nato lo studio legale ZDARSKY Corporate Law. L&#8217;avvocato Martin Franke \u00e8 a tua disposizione per tutte le domande riguardanti associazioni, fondazioni e organizzazioni no-profit. Soprattutto per quanto concerne questioni organizzative, in particolare statuti complessi per aziende, ad esempio societ\u00e0 no-profit come UG (a responsabilit\u00e0 limitata), GmbH o societ\u00e0 per azioni, ci coordiniamo strettamente tra di noi per assicurarti la struttura pi\u00f9 favorevole per le tue esigenze.<\/p>\n<h2>Diritto organizzativo e gestione del cambiamento:<\/h2>\n<h3><a href=\"http:\/\/www.stefanzoll.de\/RA_Zoll.html\">Avvocato Stefan Zoll<\/a><\/h3>\n<p>Nel campo del diritto organizzativo, collaboriamo da tempo con grande successo con l&#8217;avvocato Stefan Zoll di Fellbach, vicino a Stoccarda.<\/p>\n<p>Il signor Zoll offre la sua pluriennale esperienza in questi settori.<\/p>\n","protected":false},"excerpt":{"rendered":"<p>Diritto dei brevetti e protezione dei modelli di utilit\u00e0: Avvocati specializzati in brevetti Schultheiss e Sterzel Collaboriamo con il Dr. J\u00fcrgen Schulthei\u00df, dottore di ricerca in biochimica, nel campo delle domande di brevetto e della protezione dei modelli di utilit\u00e0. Il Dr. Schulthei\u00df, con sede a Francoforte, lavora nel campo dei diritti di propriet\u00e0 industriale [&hellip;]<\/p>\n","protected":false},"author":5,"featured_media":0,"parent":0,"menu_order":0,"comment_status":"closed","ping_status":"closed","template":"","meta":{"footnotes":""},"class_list":["post-2043","page","type-page","status-publish","hentry"],"aioseo_notices":[],"_links":{"self":[{"href":"https:\/\/zdarsky-wirtschaftsrecht.de\/it\/wp-json\/wp\/v2\/pages\/2043","targetHints":{"allow":["GET"]}}],"collection":[{"href":"https:\/\/zdarsky-wirtschaftsrecht.de\/it\/wp-json\/wp\/v2\/pages"}],"about":[{"href":"https:\/\/zdarsky-wirtschaftsrecht.de\/it\/wp-json\/wp\/v2\/types\/page"}],"author":[{"embeddable":true,"href":"https:\/\/zdarsky-wirtschaftsrecht.de\/it\/wp-json\/wp\/v2\/users\/5"}],"replies":[{"embeddable":true,"href":"https:\/\/zdarsky-wirtschaftsrecht.de\/it\/wp-json\/wp\/v2\/comments?post=2043"}],"version-history":[{"count":2,"href":"https:\/\/zdarsky-wirtschaftsrecht.de\/it\/wp-json\/wp\/v2\/pages\/2043\/revisions"}],"predecessor-version":[{"id":2287,"href":"https:\/\/zdarsky-wirtschaftsrecht.de\/it\/wp-json\/wp\/v2\/pages\/2043\/revisions\/2287"}],"wp:attachment":[{"href":"https:\/\/zdarsky-wirtschaftsrecht.de\/it\/wp-json\/wp\/v2\/media?parent=2043"}],"curies":[{"name":"wp","href":"https:\/\/api.w.org\/{rel}","templated":true}]}}