{"id":2046,"date":"2018-08-16T13:37:46","date_gmt":"2018-08-16T11:37:46","guid":{"rendered":"https:\/\/zdarsky-wirtschaftsrecht.de\/legge-sulle-apparecchiature-elettriche-ed-elettroniche-elektrog"},"modified":"2025-11-14T11:54:15","modified_gmt":"2025-11-14T10:54:15","slug":"legge-sulle-apparecchiature-elettriche-ed-elettroniche-elektrog","status":"publish","type":"page","link":"https:\/\/zdarsky-wirtschaftsrecht.de\/it\/legge-sulle-apparecchiature-elettriche-ed-elettroniche-elektrog","title":{"rendered":"Legge sulle apparecchiature elettriche ed elettroniche (ElektroG)"},"content":{"rendered":"<p>Da ormai circa 15 anni, la cosiddetta <a href=\"https:\/\/www.gesetze-im-internet.de\/elektrog_2015\/\">legge sull&#8217;elettronica<\/a> (titolo ufficiale: \u201cLegge sull&#8217;immissione sul mercato, il ritiro e lo smaltimento ecocompatibile di apparecchiature elettriche ed elettroniche\u201d) stabilisce che i produttori di prodotti elettronici devono pensare allo smaltimento gi\u00e0 durante la produzione e la distribuzione, considerando la fine del ciclo di vita del prodotto.<\/p>\n<p>Secondo la definizione del legislatore, l&#8217;obiettivo della legge sull&#8217;elettronica \u00e8 \u201cprevenire i rifiuti di apparecchiature elettriche ed elettroniche e, inoltre, preparare per il riutilizzo, il riciclaggio e altre forme di recupero di tali rifiuti, al fine di ridurre la quantit\u00e0 di rifiuti da smaltire e migliorare cos\u00ec l&#8217;efficienza dell&#8217;uso delle risorse.\u201d<\/p>\n<p>Tutti i produttori o importatori di prodotti elettronici sono obbligati a registrarsi presso la fondazione EAR a Norimberga<\/p>\n<figure id=\"attachment_1273\" aria-describedby=\"caption-attachment-1273\" style=\"width: 197px\" class=\"wp-caption alignright\"><img loading=\"lazy\" decoding=\"async\" class=\"wp-image-949\" src=\"https:\/\/zdarsky-wirtschaftsrecht.de\/wp-content\/uploads\/2018\/09\/owl-950803_640-300x199.jpg\" alt=\"\" width=\"197\" height=\"131\" srcset=\"https:\/\/zdarsky-wirtschaftsrecht.de\/wp-content\/uploads\/2018\/09\/owl-950803_640-300x199.jpg 300w, https:\/\/zdarsky-wirtschaftsrecht.de\/wp-content\/uploads\/2018\/09\/owl-950803_640.jpg 640w\" sizes=\"auto, (max-width: 197px) 100vw, 197px\" \/><figcaption id=\"caption-attachment-1273\" class=\"wp-caption-text\">Apparecchiature elettriche &#8211; soggette a notifica<\/figcaption><\/figure>\n<p>(\u00a7 6 ElektroG). Il prerequisito per l&#8217;obbligo di registrazione \u00e8 che un produttore o importatore immetta per la prima volta sul mercato in Germania prodotti elettronici, ossia, pi\u00f9 precisamente apparecchiature elettriche o elettroniche pi\u00f9 precisamente definite. In caso di violazione dell&#8217;obbligo di registrazione, esiste un divieto di distribuzione (\u00a7 6 comma 2 ElektroG). I produttori stranieri che non hanno sede in Germania devono nominare un rappresentante autorizzato. Di solito, ma non necessariamente, questo \u00e8 l&#8217;importatore. Nel complesso, il concetto di produttore \u00e8 formulato in modo molto ampio, cosicch\u00e9 anche, ad esempio, i commercianti che distribuiscono prodotti in Germania tramite vendita a distanza rientrano nell&#8217;ElektroG.<\/p>\n<p>Per garantire che il produttore\/importatore o rappresentante autorizzato adempia ai propri obblighi, l&#8217;ElektroG obbliga tutti i commercianti ad assicurarsi che il produttore o l&#8217;importatore abbia adempiuto ai propri obblighi; altrimenti, anche loro rischiano un divieto di distribuzione (\u00a7 6 comma 3 ElektroG). Nel frattempo, anche i commercianti sono stati obbligati a registrarsi in determinate circostanze.<\/p>\n<p>Chi non adempie agli obblighi di registrazione e segnalazione rischia pesanti multe. Inoltre, i concorrenti o determinate associazioni possono emettere diffide.<\/p>\n<p>Pertanto, i commercianti, i produttori e i cosiddetti rappresentanti autorizzati sono fortemente incoraggiati a effettuare la registrazione &#8211; e non solo in Germania o in un paese dell&#8217;UE, ma secondo i requisiti legali del rispettivo paese di consegna in ogni singolo paese di distribuzione separatamente!<\/p>\n<p>La questione cruciale \u00e8 quindi se esiste un obbligo di registrazione. Pertanto, \u00e8 sempre necessario chiarire se viene immessa sul mercato o distribuita un&#8217;apparecchiatura elettrica o elettronica soggetta a registrazione.<\/p>\n<p>L&#8217;elenco dei prodotti soggetti a registrazione \u00e8 stato continuamente ampliato. Ad esempio, il 15 agosto 2018 \u00e8 entrata in vigore un&#8217;estensione dei prodotti per i quali produttori e distributori sono soggetti a registrazione. Secondo la definizione del \u00a7 2 comma 1 ElektroG, ora devono essere osservate le seguenti categorie di prodotti:<\/p>\n<p>1. Apparecchiature per lo scambio di temperatura,<\/p>\n<p>2. Schermi, monitor e apparecchiature dotate di schermi di superficie superiore a 100 centimetri quadrati,<\/p>\n<p>3. Lampade,<\/p>\n<p>4. Apparecchiature di grandi dimensioni (con almeno una dimensione esterna superiore a 50 centimetri),<\/p>\n<p>5. Apparecchiature di piccole dimensioni (con nessuna dimensione esterna superiore a 50 centimetri), e<\/p>\n<p>6. Piccole apparecchiature informatiche e per telecomunicazioni (con nessuna dimensione esterna superiore a 50 centimetri).<\/p>\n<p>Anche in questo caso esistono eccezioni, come ad esempio certe \u201clampade a incandescenza\u201d o anche dispositivi medici. Prima di una registrazione, \u00e8 quindi sempre necessario verificare se esistono obblighi di registrazione &#8211; e in quale categoria. Infatti, i costi successivi alla registrazione dipendono spesso direttamente da questo. A questa domanda non \u00e8 sempre facile da rispondere: ad esempio, la questione se per le sale conferenze mobili, che hanno componenti elettronici, esiste un obbligo di segnalazione come grande apparecchiatura elettrica o se si applica l&#8217;eccezione per \u201cgrandi impianti fissi\u201d. Si potrebbero elencare molti altri esempi.<\/p>\n<p>Dal 1\u00b0 maggio 2019, anche i cosiddetti dispositivi passivi sono stati sottoposti all&#8217;obbligo di registrazione. Ci\u00f2 significa che ora devono essere registrati anche prese di corrente, cavi confezionati o antenne.<\/p>\n<p>Spesso \u00e8 necessaria una consulenza legale esperta &#8211; sia per la questione dell&#8217;obbligo di registrazione in linea di principio, sia in concreto, per quali prodotti si applica quale categoria.<\/p>\n<p>Forniamo supporto anche nell&#8217;attuazione operativa degli obblighi di registrazione e segnalazione, ma anche nella selezione di fornitori appropriati che coordinano le segnalazioni mensili e annuali.<\/p>\n","protected":false},"excerpt":{"rendered":"<p>Da ormai circa 15 anni, la cosiddetta legge sull&#8217;elettronica (titolo ufficiale: \u201cLegge sull&#8217;immissione sul mercato, il ritiro e lo smaltimento ecocompatibile di apparecchiature elettriche ed elettroniche\u201d) stabilisce che i produttori di prodotti elettronici devono pensare allo smaltimento gi\u00e0 durante la produzione e la distribuzione, considerando la fine del ciclo di vita del prodotto. Secondo la [&hellip;]<\/p>\n","protected":false},"author":5,"featured_media":0,"parent":0,"menu_order":0,"comment_status":"closed","ping_status":"closed","template":"","meta":{"footnotes":""},"class_list":["post-2046","page","type-page","status-publish","hentry"],"aioseo_notices":[],"_links":{"self":[{"href":"https:\/\/zdarsky-wirtschaftsrecht.de\/it\/wp-json\/wp\/v2\/pages\/2046","targetHints":{"allow":["GET"]}}],"collection":[{"href":"https:\/\/zdarsky-wirtschaftsrecht.de\/it\/wp-json\/wp\/v2\/pages"}],"about":[{"href":"https:\/\/zdarsky-wirtschaftsrecht.de\/it\/wp-json\/wp\/v2\/types\/page"}],"author":[{"embeddable":true,"href":"https:\/\/zdarsky-wirtschaftsrecht.de\/it\/wp-json\/wp\/v2\/users\/5"}],"replies":[{"embeddable":true,"href":"https:\/\/zdarsky-wirtschaftsrecht.de\/it\/wp-json\/wp\/v2\/comments?post=2046"}],"version-history":[{"count":3,"href":"https:\/\/zdarsky-wirtschaftsrecht.de\/it\/wp-json\/wp\/v2\/pages\/2046\/revisions"}],"predecessor-version":[{"id":2330,"href":"https:\/\/zdarsky-wirtschaftsrecht.de\/it\/wp-json\/wp\/v2\/pages\/2046\/revisions\/2330"}],"wp:attachment":[{"href":"https:\/\/zdarsky-wirtschaftsrecht.de\/it\/wp-json\/wp\/v2\/media?parent=2046"}],"curies":[{"name":"wp","href":"https:\/\/api.w.org\/{rel}","templated":true}]}}