{"id":2047,"date":"2016-02-25T19:14:07","date_gmt":"2016-02-25T18:14:07","guid":{"rendered":"https:\/\/zdarsky-wirtschaftsrecht.de\/registrazione-del-marchio"},"modified":"2025-11-11T15:50:15","modified_gmt":"2025-11-11T14:50:15","slug":"registrazione-del-marchio","status":"publish","type":"page","link":"https:\/\/zdarsky-wirtschaftsrecht.de\/it\/registrazione-del-marchio","title":{"rendered":"Registrazione del marchio"},"content":{"rendered":"<h1>Processo di registrazione del marchio<\/h1>\n<h4>1. Tutto inizia con un&#8217;idea<\/h4>\n<p>La registrazione di un marchio inizia sempre con un idea, la creazione di un marchio sia solo parola o sia solo grafica o combinazione di parola e grafica.<\/p>\n<h4>2. Ricerca<\/h4>\n<p>Prima di registrare o anche solo usare un marchio, si dovrebbe sempre fare una ricerca per vedere se questo o un marchio simile \u00e8 sia gi\u00e0 stato registrato da un concorrente per prodotti simili o identici.<\/p>\n<p>Questa ricerca non dovrebbe limitarsi a controllare solo le registrazioni identiche precedenti. Esistono anche richieste di ingiunzione quando un marchio pi\u00f9 recente \u00e8 simile a uno pi\u00f9 vecchio.<\/p>\n<p>Quindi la domanda \u00e8: quando due marchi sono considerati simili?<\/p>\n<p>Nel caso in cui esistano simili registrazioni di marchi, si procede secondo la valutazione di diversi criteri. Pi\u00f9 i marchi sono simili, pi\u00f9 i prodotti registrati sotto il marchio devono essere diversi &#8211; e viceversa.<\/p>\n<p>Questo confronto di marchi e beni o servizi pu\u00f2 essere molto difficile in casi singoli. Sono necessarie esperienza e conoscenza delle considerazioni decisionali essenziali degli uffici marchi e dei tribunali. Un richiedente spesso non \u00e8 in grado di effettuare correttamente questo esame.<\/p>\n<p>Aiutiamo i nostri clienti analizzando i registri dei marchi pertinenti, nonch\u00e9 i registri commerciali e ulteriori ricerche su internet e riguardo le preiscrizioni di domini.<\/p>\n<h4>3. La domanda<\/h4>\n<p>Se la ricerca non ha rivelato registrazioni precedenti in conflitto, pu\u00f2 iniziare la vera e propria domanda.<\/p>\n<p>Qui, deve essere definita l&#8217;area di beni e\/o servizi per cui si cerca la protezione.<\/p>\n<p>D&#8217;altra parte, bisogna considerare per quali regioni \u00e8 necessaria la protezione. La risposta a questa domanda determina a quale ufficio o uffici verr\u00e0 presentata la domanda di registrazione.<\/p>\n<p>Se un marchio deve essere utilizzato solo in Germania, \u00e8 generalmente consigliabile richiedere la protezione all&#8217;Ufficio Tedesco dei Brevetti e dei Marchi (DPMA).<\/p>\n<p>Se si intende utilizzare il marchio immediatamente o entro un periodo di 5 anni in altri paesi dell&#8217;UE, si pu\u00f2 in alternativa o cumulativamente richiedere la protezione del cosiddetto marchio comunitario (spesso chiamato marchio UE) presso l&#8217;Ufficio dell&#8217;Unione Europea per la Propriet\u00e0 Intellettuale di Alicante (Ufficio Europeo dei Marchi &#8211; EUIPO).<\/p>\n<p>I costi di tale domanda dipendono dal numero di classi di beni o servizi per cui si richiede la protezione del marchio.<\/p>\n<p>Una selezione accurata di questi beni e servizi \u00e8 importante. Dopo la domanda, questo elenco pu\u00f2 essere solo limitato, non ampliato, e pu\u00f2 essere modificato solo in misura molto limitata. in caso di dubbi o timori di aver dimenticato qualche area da compilare, potrebbe essere necessario esperire una nuova domanda. Elevati costi potrebbero essere aggiunti.<\/p>\n<p>Un buon consiglio aiuta a evitare errori.<\/p>\n<h4>4. La procedura di domanda<\/h4>\n<p>La procedura di domanda \u00e8 divisa nella procedura di esame ufficiale, in cui viene esaminata la registrabilit\u00e0 del marchio secondo criteri formali, e il periodo di opposizione, in cui i proprietari di marchi o segni commerciali pi\u00f9 vecchi possono presentare un&#8217;opposizione contro il marchio.<\/p>\n<p>Per evitare errori, l&#8217;assistenza legale \u00e8 consigliabile per questo, nonostante la possibilit\u00e0 di registrare un marchio possa avvenire anche senza assistenza legale.<\/p>\n<h5>a) Procedura di esame<\/h5>\n<p>Ogni domanda viene esaminata da un esaminatore presso il rispettivo ufficio per criteri formali, inclusa tra i quali la denominazione del richiedente, il pagamento delle tasse ufficiali e i motivi assoluti di rifiuto che impediscono la registrazione. Anche l&#8217;elenco di beni e servizi per cui si richiede la protezione del marchio pu\u00f2 essere chiarito.<\/p>\n<p>Il tempo di elaborazione varia molto a seconda dell&#8217;ufficio. All&#8217;EUIPO, con un processo \u201cliscio\u201d, ci si pu\u00f2 aspettare che questa procedura sia completata entro 1-2 mesi.<\/p>\n<p>Al DPMA, l&#8217;elaborazione spesso richiede tra 6 e 12 mesi. Tuttavia, l&#8217;elaborazione pu\u00f2 essere abbreviata eccezionalmente a pochi giorni fino a circa 3 mesi pagando una cosiddetta tassa di accelerazione. Una riduzione \u00e8 possibile anche scegliendo da un elenco di termini gi\u00e0 esaminati e riconosciuti dal DPMA. Poi si possono sfruttare i vantaggi temporali della cosiddetta procedura fast-track; un esame parzialmente automatizzato accelera significativamente il processo.<\/p>\n<h5>b) Periodo di opposizione<\/h5>\n<p>Dopo che la procedura d&#8217;esame \u00e8 finita, il marchio viene annunciato (EUIPO) o registrato e pubblicato (DPMA). Da quel giorno, inizia il periodo di opposizione di 3 mesi, durante il quale i titolari di diritti anteriori, soprattutto marchi o denominazioni commerciali, possono presentare opposizione contro la domanda di marchio. Questo periodo non pu\u00f2 essere accorciato.<\/p>\n<p>All\u2019indomani della presentazione di un\u2019eventuale opposizione, l&#8217;assistenza legale \u00e8 regolarmente obbligatoria di fatto (EUIPO) o almeno fortemente consigliata (DPMA).<\/p>\n<p>Nella procedura di opposizione, viene poi esaminata la legittimit\u00e0 dell&#8217;opposizione. La durata della procedura spesso richiede 1-2 anni.<\/p>\n<h5>c) Registrazione<\/h5>\n<p>Se la procedura d&#8217;esame e il periodo di opposizione sono stati completati con successo, e le eventuali opposizioni sono state superate, il marchio viene registrato come giuridicamente vincolante. Il marchio \u00e8 quindi valido per 10 anni e pu\u00f2 essere rinnovato un numero illimitato di volte.<\/p>\n<p>Va notato che il marchio deve essere messo in uso entro 5 anni al massimo, altrimenti verr\u00e0 cancellato d&#8217;ufficio (raramente) o su richiesta dei titolari del marchio. Questo vale anche nel caso in cui un marchio originariamente utilizzato non sia stato seriamente usato per pi\u00f9 di 5 anni.<\/p>\n<p>L&#8217;assistenza legale \u00e8 urgentemente necessaria in tali procedure.<\/p>\n<h4>5. Estensione della Protezione ad Altri Paesi<\/h4>\n<p>Dopo una domanda di marchio, si pu\u00f2 richiedere un&#8217;estensione del marchio ad altri paesi.<\/p>\n<p>Questo pu\u00f2 essere fatto attraverso domande separate nei paesi desiderati. \u00c8 pi\u00f9 conveniente richiedere una cosiddetta Registrazione Internazionale centralmente presso il WIPO a Ginevra. Questo \u00e8 sempre possibile quando il paese per cui si cerca la protezione ha aderito all&#8217;Accordo di Madrid o al Protocollo dell&#8217;Accordo di Madrid.<\/p>\n<p>Saremmo felici di informarti sulle possibilit\u00e0 e supportarti nella selezione dei paesi e nella strategia di domanda appropriata.<\/p>\n","protected":false},"excerpt":{"rendered":"<p>Processo di registrazione del marchio 1. Tutto inizia con un&#8217;idea La registrazione di un marchio inizia sempre con un idea, la creazione di un marchio sia solo parola o sia solo grafica o combinazione di parola e grafica. 2. Ricerca Prima di registrare o anche solo usare un marchio, si dovrebbe sempre fare una ricerca [&hellip;]<\/p>\n","protected":false},"author":5,"featured_media":0,"parent":0,"menu_order":0,"comment_status":"closed","ping_status":"closed","template":"","meta":{"footnotes":""},"class_list":["post-2047","page","type-page","status-publish","hentry"],"aioseo_notices":[],"_links":{"self":[{"href":"https:\/\/zdarsky-wirtschaftsrecht.de\/it\/wp-json\/wp\/v2\/pages\/2047","targetHints":{"allow":["GET"]}}],"collection":[{"href":"https:\/\/zdarsky-wirtschaftsrecht.de\/it\/wp-json\/wp\/v2\/pages"}],"about":[{"href":"https:\/\/zdarsky-wirtschaftsrecht.de\/it\/wp-json\/wp\/v2\/types\/page"}],"author":[{"embeddable":true,"href":"https:\/\/zdarsky-wirtschaftsrecht.de\/it\/wp-json\/wp\/v2\/users\/5"}],"replies":[{"embeddable":true,"href":"https:\/\/zdarsky-wirtschaftsrecht.de\/it\/wp-json\/wp\/v2\/comments?post=2047"}],"version-history":[{"count":2,"href":"https:\/\/zdarsky-wirtschaftsrecht.de\/it\/wp-json\/wp\/v2\/pages\/2047\/revisions"}],"predecessor-version":[{"id":2228,"href":"https:\/\/zdarsky-wirtschaftsrecht.de\/it\/wp-json\/wp\/v2\/pages\/2047\/revisions\/2228"}],"wp:attachment":[{"href":"https:\/\/zdarsky-wirtschaftsrecht.de\/it\/wp-json\/wp\/v2\/media?parent=2047"}],"curies":[{"name":"wp","href":"https:\/\/api.w.org\/{rel}","templated":true}]}}