{"id":2050,"date":"2019-04-09T13:02:44","date_gmt":"2019-04-09T11:02:44","guid":{"rendered":"https:\/\/zdarsky-wirtschaftsrecht.de\/requisiti-di-distribuzione-nellue"},"modified":"2019-04-09T13:02:44","modified_gmt":"2019-04-09T11:02:44","slug":"requisiti-di-distribuzione-nellue","status":"publish","type":"page","link":"https:\/\/zdarsky-wirtschaftsrecht.de\/it\/requisiti-di-distribuzione-nellue","title":{"rendered":"Requisiti di distribuzione nell&#8217;UE"},"content":{"rendered":"<h5>Un sacco di rogne per distributori e importatori<\/h5>\n<p>La vendita di prodotti in Germania e nell&#8217;UE in generale \u00e8 soggetta a un mucchio di restrizioni legali.<br \/>\nI fornitori fuori dall&#8217;UE spesso rimangono di stucco per tutte le regole che devono rispettare quando vogliono vendere roba nell&#8217;UE o in Germania.<br \/>\nCi sono un sacco di obblighi di registrazione, standard da rispettare e via dicendo. La legge di solito vieta la vendita dei prodotti, appioppando multe salate e causando avvertimenti costosi e casini con i concorrenti.<br \/>\nQualche esempio: <\/p>\n<h5>1. Roba elettrica o elettronica<\/h5>\n<p>Prima di poter vendere roba elettrica, devi registrarla alla Stiftung Elektro-Altger\u00e4te.<br \/>\nDevi regolarmente segnalare le quantit\u00e0 a questa Stiftung\/Agenzia.<br \/>\nIl prodotto elettrico stesso ha bisogno del marchio CE e di una dichiarazione di conformit\u00e0 UE.<br \/>\nDevi nominare un rappresentante autorizzato nell&#8217;UE.<br \/>\nIn particolare, quest&#8217;ultimo deve fornire alle autorit\u00e0 di controllo tutta la documentazione necessaria sulla valutazione di conformit\u00e0 su richiesta ed essere il punto di contatto per le autorit\u00e0 in tutti gli altri aspetti. <\/p>\n<h5>2. Batterie<\/h5>\n<p>Se vuoi vendere batterie o batterie ricaricabili in Europa, chi le importa nell&#8217;UE o le mette sul mercato per la prima volta deve registrarle separatamente in tutti i paesi in cui vuole distribuirle; in Germania devi registrarti all&#8217;Agenzia Federale dell&#8217;Ambiente (Umweltbundesamt &#8211; UBA) nel registro delle batterie.<br \/>\nDevi presentare regolarmente notifiche sulle quantit\u00e0.<br \/>\nL&#8217;importatore deve organizzare il processo di smaltimento (sistema di gestione dei rifiuti) per il quale di solito deve fare un contratto con un&#8217;azienda o un sistema di smaltimento.<br \/>\nSe non rispetti questi obblighi, rischi multe salatissime.<br \/>\nC&#8217;\u00e8 praticamente un divieto di vendita automatico.<br \/>\nRicorda che devi rispettare tutti questi obblighi anche se non stai distribuendo batterie come tali, ma anche se la batteria \u00e8 incorporata nel prodotto! <\/p>\n<h5>3. Prodotti secondo la Direttiva Macchine (2006\/42\/CE)<\/h5>\n<p>Se i prodotti rientrano nella Direttiva Macchine (2006\/42\/CE), devi fare una valutazione di conformit\u00e0.<br \/>\nLa macchina ha bisogno del marchio CE e di una dichiarazione di conformit\u00e0 CE che deve accompagnare la macchina.<br \/>\nDevi nominare un rappresentante autorizzato nell&#8217;UE.<br \/>\nIn particolare, quest&#8217;ultimo deve fornire alle autorit\u00e0 di controllo tutta la documentazione necessaria sulla valutazione di conformit\u00e0 su richiesta ed essere il punto di contatto per le autorit\u00e0 in tutti gli altri aspetti. <\/p>\n<h5>4. Prodotti da costruzione (EU\/305\/2011)<\/h5>\n<p>Secondo la Direttiva Prodotti da Costruzione, devi fare una procedura di valutazione della conformit\u00e0 per i prodotti da costruzione.<br \/>\nPrima di finire questa roba, devi capire se si applica la Direttiva Prodotti da Costruzione (EU\/305\/2011) o altre direttive UE.<br \/>\nQuali standard tecnici devi rispettare prima di ottenere permessi o test positivi?<br \/>\nSe necessario, potresti dover chiedere dichiarazioni specifiche per valutazioni particolari. <\/p>\n<h5>5. Giocattoli (2009\/48\/CE)<\/h5>\n<p>Spesso serve un&#8217;omologazione per i giocattoli prima di poterli distribuire nell&#8217;UE.<br \/>\nInoltre, devi mettere il marchio CE e, a seconda del prodotto, preparare dichiarazioni di conformit\u00e0 CE o UE.<br \/>\nSe necessario, gli organismi notificati devono rilasciare permessi o dichiarazioni.<br \/>\nL&#8217;importatore deve identificare l&#8217;organismo notificato responsabile e soddisfare tutti i requisiti.<br \/>\nA volte \u00e8 molto pi\u00f9 facile far coordinare tutto questo da consulenti qualificati. <\/p>\n<h5>6. Dispositivi di illuminazione per veicoli<\/h5>\n<p>I dispositivi di illuminazione per veicoli di solito hanno bisogno di un marchio K o un marchio Z per poter essere venduti in Germania.<br \/>\nDevi fare un sacco di test prima di poter mettere sul mercato questi dispositivi di illuminazione.<br \/>\nL&#8217;Ufficio Federale dei Trasporti a Motore deve rilasciare il marchio K o il marchio Z.<br \/>\nGli importatori stranieri spesso hanno bisogno di una mano per navigare in queste procedure di registrazione. <\/p>\n<h5>Servizi di consulenza per le aziende<\/h5>\n<p>Le aziende spesso vanno nel pallone con tutte le procedure amministrative da completare prima di poter iniziare a vendere nell&#8217;UE o in Germania.<br \/>\nPer questo ci siamo specializzati nell&#8217;aiutare le aziende a rispettare questi obblighi.<br \/>\nSaremmo felici di consigliarti sulle linee guida e i regolamenti da rispettare, coordinare la registrazione e darti una mano con le richieste dei permessi necessari o l&#8217;emissione dei numeri di prova all&#8217;Autorit\u00e0 Federale dei Trasporti Motorizzati. <\/p>\n","protected":false},"excerpt":{"rendered":"<p>Un sacco di rogne per distributori e importatori La vendita di prodotti in Germania e nell&#8217;UE in generale \u00e8 soggetta a un mucchio di restrizioni legali. I fornitori fuori dall&#8217;UE spesso rimangono di stucco per tutte le regole che devono rispettare quando vogliono vendere roba nell&#8217;UE o in Germania. Ci sono un sacco di obblighi [&hellip;]<\/p>\n","protected":false},"author":5,"featured_media":0,"parent":0,"menu_order":0,"comment_status":"closed","ping_status":"closed","template":"","meta":{"footnotes":""},"class_list":["post-2050","page","type-page","status-publish","hentry"],"aioseo_notices":[],"_links":{"self":[{"href":"https:\/\/zdarsky-wirtschaftsrecht.de\/it\/wp-json\/wp\/v2\/pages\/2050","targetHints":{"allow":["GET"]}}],"collection":[{"href":"https:\/\/zdarsky-wirtschaftsrecht.de\/it\/wp-json\/wp\/v2\/pages"}],"about":[{"href":"https:\/\/zdarsky-wirtschaftsrecht.de\/it\/wp-json\/wp\/v2\/types\/page"}],"author":[{"embeddable":true,"href":"https:\/\/zdarsky-wirtschaftsrecht.de\/it\/wp-json\/wp\/v2\/users\/5"}],"replies":[{"embeddable":true,"href":"https:\/\/zdarsky-wirtschaftsrecht.de\/it\/wp-json\/wp\/v2\/comments?post=2050"}],"version-history":[{"count":0,"href":"https:\/\/zdarsky-wirtschaftsrecht.de\/it\/wp-json\/wp\/v2\/pages\/2050\/revisions"}],"wp:attachment":[{"href":"https:\/\/zdarsky-wirtschaftsrecht.de\/it\/wp-json\/wp\/v2\/media?parent=2050"}],"curies":[{"name":"wp","href":"https:\/\/api.w.org\/{rel}","templated":true}]}}