{"id":2051,"date":"2016-11-18T11:16:21","date_gmt":"2016-11-18T10:16:21","guid":{"rendered":"https:\/\/zdarsky-wirtschaftsrecht.de\/legge-tecnica\/sicurezza-del-prodotto"},"modified":"2025-11-14T11:46:39","modified_gmt":"2025-11-14T10:46:39","slug":"sicurezza-del-prodotto","status":"publish","type":"page","link":"https:\/\/zdarsky-wirtschaftsrecht.de\/it\/legge-tecnica\/sicurezza-del-prodotto","title":{"rendered":"Sicurezza del prodotto"},"content":{"rendered":"<p>La legge sulla sicurezza dei prodotti (ProdSG) si basa sui requisiti legali europei. Lo scopo della legge \u00e8 garantire un alto livello di sicurezza per i prodotti.<\/p>\n<p>La legge sulla sicurezza dei prodotti di solito si applica solo ai prodotti nuovi, al momento della prima immissione sul mercato o della messa a disposizione.<\/p>\n<p>Il concetto di \u201cmessa a disposizione\u201d \u00e8 definito in modo molto ampio. In particolare per il commercio online o la promozione della merce attraverso i siti web, si supera il limite della messa a disposizione. Nel contesto della sorveglianza del mercato, le autorit\u00e0 di controllo possono contestare beni che non sono ancora stati immessi sul mercato oltre ad essere pubblicizzati su siti web. Se, ad esempio, manca la dichiarazione di conformit\u00e0 o la marcatura CE, possono essere imposte multe e divieti di vendita.<\/p>\n<p>Spesso si pone la questione di chi \u00e8 responsabile per garantire la conformit\u00e0 CE e\/o l&#8217;apposizione della marcatura CE sul prodotto. Soprattutto quando si acquistano beni da fuori l&#8217;UE, devono essere chiaramente distinti i rispettivi obblighi del fornitore e dell&#8217;importatore. Sono necessarie precise regolamentazioni contrattuali.<\/p>\n<p>Pu\u00f2 essere nominato un rappresentante autorizzato per adempiere agli obblighi previsti dalla legge sulla sicurezza dei prodotti. Questo pu\u00f2 essere, ma non deve necessariamente essere, l&#8217;importatore. La descrizione dei compiti del rappresentante autorizzato deve essere documentata per iscritto.<\/p>\n<p>Se un&#8217;azienda con sede fuori dall&#8217;UE non vuole nominare un rappresentante autorizzato, deve almeno indicare una persona di contatto all&#8217;interno dell&#8217;UE che sia disponibile a fornire tutti i documenti necessari relativi alla valutazione di conformit\u00e0 CE.<\/p>\n<p>Le autorit\u00e0 di controllo hanno ampi poteri di controllo e intervento, inclusi divieti di vendita e ordini di richiamo a spese del produttore o dell&#8217;importatore. Soprattutto quando le autorit\u00e0 di controllo sono gi\u00e0 intervenute, \u00e8 necessaria una consulenza legale completa.<\/p>\n","protected":false},"excerpt":{"rendered":"<p>La legge sulla sicurezza dei prodotti (ProdSG) si basa sui requisiti legali europei. Lo scopo della legge \u00e8 garantire un alto livello di sicurezza per i prodotti. La legge sulla sicurezza dei prodotti di solito si applica solo ai prodotti nuovi, al momento della prima immissione sul mercato o della messa a disposizione. Il concetto [&hellip;]<\/p>\n","protected":false},"author":5,"featured_media":0,"parent":1575,"menu_order":0,"comment_status":"closed","ping_status":"closed","template":"","meta":{"footnotes":""},"class_list":["post-2051","page","type-page","status-publish","hentry"],"aioseo_notices":[],"_links":{"self":[{"href":"https:\/\/zdarsky-wirtschaftsrecht.de\/it\/wp-json\/wp\/v2\/pages\/2051","targetHints":{"allow":["GET"]}}],"collection":[{"href":"https:\/\/zdarsky-wirtschaftsrecht.de\/it\/wp-json\/wp\/v2\/pages"}],"about":[{"href":"https:\/\/zdarsky-wirtschaftsrecht.de\/it\/wp-json\/wp\/v2\/types\/page"}],"author":[{"embeddable":true,"href":"https:\/\/zdarsky-wirtschaftsrecht.de\/it\/wp-json\/wp\/v2\/users\/5"}],"replies":[{"embeddable":true,"href":"https:\/\/zdarsky-wirtschaftsrecht.de\/it\/wp-json\/wp\/v2\/comments?post=2051"}],"version-history":[{"count":2,"href":"https:\/\/zdarsky-wirtschaftsrecht.de\/it\/wp-json\/wp\/v2\/pages\/2051\/revisions"}],"predecessor-version":[{"id":2325,"href":"https:\/\/zdarsky-wirtschaftsrecht.de\/it\/wp-json\/wp\/v2\/pages\/2051\/revisions\/2325"}],"up":[{"embeddable":true,"href":"https:\/\/zdarsky-wirtschaftsrecht.de\/it\/wp-json\/wp\/v2\/pages\/1575"}],"wp:attachment":[{"href":"https:\/\/zdarsky-wirtschaftsrecht.de\/it\/wp-json\/wp\/v2\/media?parent=2051"}],"curies":[{"name":"wp","href":"https:\/\/api.w.org\/{rel}","templated":true}]}}