{"id":2055,"date":"2020-03-03T12:38:27","date_gmt":"2020-03-03T11:38:27","guid":{"rendered":"https:\/\/zdarsky-wirtschaftsrecht.de\/coronavirus-e-questioni-legali"},"modified":"2025-11-14T11:41:33","modified_gmt":"2025-11-14T10:41:33","slug":"coronavirus-e-questioni-legali","status":"publish","type":"page","link":"https:\/\/zdarsky-wirtschaftsrecht.de\/it\/coronavirus-e-questioni-legali","title":{"rendered":"Corona virus e questioni legali"},"content":{"rendered":"<h5>Il corona virus e la legge: la situazione iniziale<\/h5>\n<p>Il virus Corona sta attualmente determinando e cambiando le nostre vite. Dopo aver posto l&#8217;accento sull&#8217;impatto sugli scambi commerciali o turistici con la Cina e gli Stati Uniti, gli effetti sulle catene di approvvigionamento, ora le conseguenze per il settore nazionale, praticamente visibili a tutti, si stanno concretizzando. Si impongono:<\/p>\n<p>Scaffali dei supermercati vuoti, aziende, scuole o asili temporaneamente chiusi mostrano in modo impressionante: il Coronavirus ci riguarda tutti.<\/p>\n<p>Tuttavia, molte questioni legali relative al nuovo Coronavirus sono ancora irrisolte, sebbene di notevole importanza:<\/p>\n<p>Come privato cittadino o imprenditore: si pu\u00f2 recedere gratuitamente dai viaggi prenotati? Quali sono le conseguenze del divieto di viaggi per le vacanze?<\/p>\n<p>Come organizzatore: Chi \u00e8 responsabile per la cancellazione di eventi? Cosa succede con i contingenti di hotel prenotati, i contratti con i catering, i fornitori di attrezzature tecniche, ecc.? Ci sono differenze tra una cancellazione da parte delle autorit\u00e0 o una cancellazione \u201cvolontaria\u201d da parte dell&#8217;organizzatore stesso?<\/p>\n<p>Come imprenditore: chi \u00e8 responsabile per i ritardi nelle consegne, per l&#8217;interruzione dell&#8217;attivit\u00e0, ecc.?<\/p>\n<h5>1. annullamento dei viaggi<\/h5>\n<p>Se un viaggio prenotato non pu\u00f2 essere effettuato a causa di voli cancellati. Sebbene le compagnie facciano regolarmente riferimento a tale cambio di prenotazione, il cliente non deve lasciarsi ingannare. Pu\u00f2 restituire i biglietti poich\u00e9 il servizio non viene offerto.<\/p>\n<p><strong>Passeggero\/viaggiatore del treno<\/strong><\/p>\n<p>Sembra invece improbabile che il passeggero abbia diritto al risarcimento dei danni. A causa della situazione, l&#8217;impresa di trasporto non pu\u00f2 pi\u00f9 offrire i servizi di trasporto &#8211; al pi\u00f9 tardi quando all&#8217;ingresso in un altro paese il conducente\/passeggero si trova davanti a una frontiera chiusa. In questo caso la cancellazione del volo dovrebbe essere considerata come &#8220;forza maggiore&#8221;. h: La compagnia aerea o il treno\/bus possono annullare il viaggio, il cliente ha diritto al rimborso della tariffa di trasporto. Le compagnie aeree non dovranno pagare alcun risarcimento aggiuntivo, almeno per i paesi in cui sono previsti avvisi di viaggio ufficiali o la chiusura delle frontiere. Non \u00e8 ancora chiaro se ci\u00f2 si applichi anche in caso di cancellazione del viaggio di un treno, con cui il passeggero arriva a destinazione pi\u00f9 di 60 minuti dopo.<\/p>\n<p><strong>Operatore turistico<\/strong><\/p>\n<p>Anche gli operatori turistici potranno cancellare o riprogrammare i viaggi, almeno ora che ci sono avvisi ufficiali di viaggio, senza che ci\u00f2 comporti richieste da parte dei clienti.<\/p>\n<p>Le cancellazioni preventive di prenotazioni per viaggi che potrebbero essere\u00a0 effettuate dall&#8217;organizzatore o dalla compagnia aerea sono problematiche, almeno dal punto di vista giuridico. In ultima analisi, si dipende dalla buona volont\u00e0 dell&#8217;organizzatore, a meno che non ci si possa appellare ai principi, controversi nei dettagli, del \u201cvenir meno del fondamento negoziale\u201d. Quanto pi\u00f9 concreti sono i possibili rischi, tanto pi\u00f9 sar\u00e0 pensabile una cancellazione del viaggio nel suo complesso o un adattamento, ad esempio, dell&#8217;itinerario.<\/p>\n<p>Ora si dovr\u00e0 probabilmente considerare un diritto reciproco di annullamento del viaggio &#8211; con la conseguenza che il cliente ricever\u00e0 il rimborso del prezzo del viaggio, ma non avr\u00e0 diritto al risarcimento dei danni.<\/p>\n<p><strong>Viaggiare per le aziende<\/strong><\/p>\n<p>La maggior parte delle aziende \u00e8 passata al telelavoro e sta cancellando tutti i viaggi di lavoro.<\/p>\n<p>Tuttavia, se un&#8217;azienda annulla i viaggi per proteggere i dipendenti e passa alle videoconferenze, finch\u00e9 non viene emanata una decisione ufficiale di rinuncia a qualsiasi viaggio di lavoro, questa \u00e8 una sua decisione commerciale ed \u00e8 interamente a carico dell&#8217;azienda in caso di dubbio. Un rimborso di prestazioni prenotate in modo vincolante \u00e8 possibile solo in casi eccezionali e in caso di dubbio solo su richiesta.<\/p>\n<h5>2. cancellazione di eventi<\/h5>\n<p><strong>a) Divieto per ordine ufficiale<\/strong><\/p>\n<p>Dal punto di vista legale, non \u00e8 problematico in termini di responsabilit\u00e0 se un evento viene cancellato per ordine delle autorit\u00e0.<\/p>\n<p>Se un comune, un stato o il governo federale stabilisce che gli eventi al di sopra di una certa dimensione non possono pi\u00f9 essere organizzati (attualmente ci\u00f2 si applica a tutti gli eventi con pi\u00f9 di 1000 persone, in alcuni casi a partire da 100 persone, in altri da 10 persone), questo \u00e8 considerato un caso di forza maggiore per l&#8217;organizzatore. Pu\u00f2 cancellare l&#8217;evento e, in caso di dubbio, annullare gratuitamente i relativi accordi contrattuali relativi alla prenotazione della sede dell&#8217;evento. Tuttavia, \u00e8 sempre necessario esaminare gli accordi contrattuali per questo tipo di situazioni. Importante: ci\u00f2 vale solo se \u00e8 stato emanato un divieto esplicito; in caso di semplici raccomandazioni, il rischio dei costi \u00e8 interamente a carico dell&#8217;organizzatore! Per questo \u00e8 davvero auspicabile che i politici decidano finalmente di imporre dei divieti espliciti e non continuino a parlare di &#8220;raccomandazioni&#8221;. Il diritto in materia di responsabilit\u00e0 crea una chiara base giuridica mediante un divieto.<\/p>\n<p>In particolare, l&#8217;organizzatore deve chiarire anche i rapporti contrattuali con i fornitori o altri soggetti coinvolti, ad esempio gli hotel, ecc. I relativi contratti riguardanti i contingenti riservati, i servizi di catering, ecc., a seconda della situazione, spesso non sono cos\u00ec strettamente e direttamente correlati che la cancellazione dell&#8217;evento ordinata dalle autorit\u00e0 comporterebbe anche la risoluzione di questi contratti. \u00c8 necessario un esame accurato dei contratti e dei verbali delle trattative contrattuali; \u00e8 inoltre fortemente raccomandato un confronto tempestivo.<\/p>\n<p>Dal punto di vista attuale, un organizzatore \u00e8 obbligato a prendere in considerazione gi\u00e0 oggi possibili divieti ufficiali e a prepararsi a eventuali imprevisti, come ad esempio la cancellazione dell&#8217;evento ordinata dalle autorit\u00e0. Pertanto, tutti i contratti stipulati in relazione all&#8217;evento dovrebbero essere esaminati. Ci\u00f2 include anche l&#8217;esame delle dichiarazioni precontrattuali. Quanto pi\u00f9 chiaramente l&#8217;organizzatore ha legato questi servizi supplementari all&#8217;evento, tanto pi\u00f9 facilmente potr\u00e0 annullare\/cancellare anche questi servizi senza costi per lui.<\/p>\n<p><strong>b) Cancellazione da parte dell&#8217;organizzatore<\/strong><\/p>\n<p>Se l&#8217;organizzatore annulla preventivamente un evento per evitare le eventualit\u00e0 fin dall&#8217;inizio, ci\u00f2 deve essere considerato una decisione dell&#8217;organizzatore e al massimo indirettamente come un caso di forza maggiore. Questo \u00e8 il caso, ad esempio, se nella localit\u00e0\/stato interessato viene emesso un divieto solo fino alla fine di marzo o fino alla fine delle vacanze pasquali, ma l&#8217;evento dovrebbe svolgersi successivamente. In questo caso, la cancellazione \u00e8 avvenuta senza motivo cogente &#8211; il rischio che l&#8217;evento avrebbe potuto svolgersi comunque, contrariamente alle aspettative responsabili, ricade interamente sull&#8217;organizzatore. L&#8217;organizzatore deve quindi attendere che la politica vieti ufficialmente eventi di questo tipo e di queste dimensioni per il periodo in questione.<\/p>\n<p>In caso di cancellazione preventiva, ma anche in caso di cancellazione a causa di un divieto ufficiale, ci\u00f2 vale ancora di pi\u00f9 per la verifica di tutti i contratti e l&#8217;eventuale conduzione di rinegoziazioni. Occorre rispettare i termini di cancellazione e, se necessario, condurre rinegoziazioni con i fornitori e le altre parti coinvolte.<\/p>\n<p>Una buona gestione dei contratti e un&#8217;intensa valutazione giuridica sono i presupposti per il successo delle trattative e dei risultati.<\/p>\n<p><strong>c) Ritardi nella consegna<\/strong><\/p>\n<p>I ritardi nelle consegne comportano un rischio particolarmente elevato per le aziende. L&#8217;arresto della produzione pu\u00f2 esserne la conseguenza.<\/p>\n<p>Soprattutto in tempi di approvvigionamento globale, la dipendenza da aziende in altri paesi \u00e8 molto considerevole. Molti componenti elettronici sono prodotti senza esclusivamente in Estremo Oriente, dove attualmente la lotta contro il Coronavirus sta causando interruzioni temporanee delle attivit\u00e0. A seguito di ordini governativi di mettere in quarantena intere citt\u00e0 o aree, le catene di approvvigionamento vengono interrotte &#8211; anche se le frontiere dovrebbero rimanere aperte per le merci. Ma se non ci sono pi\u00f9 aerei e treni in funzione, se non ci sono pi\u00f9 navi in viaggio, questo sforzo non serve a nulla.<\/p>\n<p>A seconda della situazione, l&#8217;interruzione delle catene di approvvigionamento costituisce un caso di forza maggiore; in alternativa o in aggiunta, possono applicarsi i principi del venir meno della base negoziale (\u00a7 313 BGB), in base ai quali i contratti possono essere adattati o risolti quasi forzatamente su richiesta di una delle due parti. Ne conseguono complesse questioni legali.<\/p>\n<p>Spesso \u00e8 consigliabile identificare tempestivamente i possibili rischi fattuali e cercare soluzioni con i partner contrattuali.<\/p>\n<h5>3. prevenzione<\/h5>\n<p>Le molteplici questioni legali richiedono un&#8217;azione tempestiva, impegnata e competente &#8211; spesso \u00e8 urgentemente necessaria una consulenza.<\/p>\n<p>Data la situazione delle notizie in costante evoluzione, non si dovrebbe in alcun caso aspettare di trovarsi di fronte a fatti compiuti.<\/p>\n<p>Siamo lieti di fornire assistenza sulle varie questioni rilevanti per il diritto contrattuale e di offrire consigli pratici preventivi.<\/p>\n","protected":false},"excerpt":{"rendered":"<p>Il corona virus e la legge: la situazione iniziale Il virus Corona sta attualmente determinando e cambiando le nostre vite. Dopo aver posto l&#8217;accento sull&#8217;impatto sugli scambi commerciali o turistici con la Cina e gli Stati Uniti, gli effetti sulle catene di approvvigionamento, ora le conseguenze per il settore nazionale, praticamente visibili a tutti, si [&hellip;]<\/p>\n","protected":false},"author":5,"featured_media":0,"parent":0,"menu_order":0,"comment_status":"closed","ping_status":"closed","template":"","meta":{"footnotes":""},"class_list":["post-2055","page","type-page","status-publish","hentry"],"aioseo_notices":[],"_links":{"self":[{"href":"https:\/\/zdarsky-wirtschaftsrecht.de\/it\/wp-json\/wp\/v2\/pages\/2055","targetHints":{"allow":["GET"]}}],"collection":[{"href":"https:\/\/zdarsky-wirtschaftsrecht.de\/it\/wp-json\/wp\/v2\/pages"}],"about":[{"href":"https:\/\/zdarsky-wirtschaftsrecht.de\/it\/wp-json\/wp\/v2\/types\/page"}],"author":[{"embeddable":true,"href":"https:\/\/zdarsky-wirtschaftsrecht.de\/it\/wp-json\/wp\/v2\/users\/5"}],"replies":[{"embeddable":true,"href":"https:\/\/zdarsky-wirtschaftsrecht.de\/it\/wp-json\/wp\/v2\/comments?post=2055"}],"version-history":[{"count":5,"href":"https:\/\/zdarsky-wirtschaftsrecht.de\/it\/wp-json\/wp\/v2\/pages\/2055\/revisions"}],"predecessor-version":[{"id":2320,"href":"https:\/\/zdarsky-wirtschaftsrecht.de\/it\/wp-json\/wp\/v2\/pages\/2055\/revisions\/2320"}],"wp:attachment":[{"href":"https:\/\/zdarsky-wirtschaftsrecht.de\/it\/wp-json\/wp\/v2\/media?parent=2055"}],"curies":[{"name":"wp","href":"https:\/\/api.w.org\/{rel}","templated":true}]}}