{"id":2056,"date":"2013-10-23T15:19:46","date_gmt":"2013-10-23T13:19:46","guid":{"rendered":"https:\/\/zdarsky-wirtschaftsrecht.de\/diritti-delle-immagini-su-internet"},"modified":"2025-11-14T09:55:08","modified_gmt":"2025-11-14T08:55:08","slug":"diritti-delle-immagini-su-internet","status":"publish","type":"page","link":"https:\/\/zdarsky-wirtschaftsrecht.de\/it\/diritti-delle-immagini-su-internet","title":{"rendered":"Diritti delle immagini su internet"},"content":{"rendered":"<p><b>Diritti d&#8217;immagine<\/b><\/p>\n<p>Le immagini godono di ampia protezione. Quando vengono pubblicate su internet, non significa che siano di dominio pubblico e possano essere usate da chiunque. Anzi, il diritto di disposizione delle immagini rimane esclusivamente del creatore delle immagini, cio\u00e8 il fotografo, il pittore o, per esempio, l&#8217;agenzia che presenta le immagini su internet.<\/p>\n<p>Nonostante ci\u00f2, queste immagini vengono spesso copiate e usate per scopi personali. Se questo avviene in un contesto puramente privato, raramente causa problemi. Tuttavia, se tali immagini \u201ctrovate\u201d su internet vengono pubblicate su una homepage, c&#8217;\u00e8 il rischio di ricevere una lettera di diffida da avvocati specializzati. Non \u00e8 raro che vengano richieste somme elevate a quattro cifre in euro.<\/p>\n<p>La reazione solita \u00e8 poi quella di cancellare immediatamente l&#8217;immagine incriminata dalla homepage. Ma purtroppo, questa non \u00e8 la soluzione definitiva. Perch\u00e9 l&#8217;accusa rimane ancora. Questa pu\u00f2 essere eliminata solo presentando una dichiarazione di cessazione e desistenza.<\/p>\n<p>Ma attenzione: le dichiarazioni di cessazione gi\u00e0 pronte, spesso allegate ai richiami, sono regolarmente formulate in modo troppo ampio. Quindi, bisognerebbe cercare presto il consiglio di un avvocato specializzato sulle possibilit\u00e0 di una strategia di difesa o negoziazione. Questo pu\u00f2 spesso far risparmiare centinaia o migliaia di euro, e a volte persino respingere completamente l&#8217;accusa.<\/p>\n<h5>Creative Commons e altre licenze utili<\/h5>\n<p>Il modo pi\u00f9 sicuro \u00e8 usare solo immagini che hai creato tu stesso &#8211; con lo svantaggio che a volte mancano di professionalit\u00e0.<\/p>\n<p>Un altro modo \u00e8 far creare le immagini da un professionista. Tuttavia, il diritto d&#8217;uso e di sfruttamento deve poi essere trasferito nella misura necessaria. Qui servono regolamenti chiari per evitare dispute successive sull&#8217;entit\u00e0 del trasferimento dei diritti.<\/p>\n<p>In alternativa, puoi acquisire immagini per le quali acquisti una licenza d&#8217;uso che permette la pubblicazione su internet. Attualmente, \u00e8 particolarmente popolare la cosiddetta licenza Creative Commons.<\/p>\n<p>Anche con questa licenza ci sono varie varianti. Quindi, in casi di dubbio, potrebbe essere necessario cercare una consulenza legale esperta. Questo vale non solo, ma soprattutto, quando le persone sono raffigurate in modo prominente. In questi casi, mentre la licenza Creative Commons pu\u00f2 autorizzare la pubblicazione dell&#8217;immagine, non \u00e8 ancora chiaro se le persone raffigurate abbiano acconsentito all&#8217;uso nel modo previsto. Potrebbe essere necessario il loro consenso. Senza consenso, i diritti personali delle persone raffigurate sono spesso violati. Anche questo pu\u00f2 giustificare una lettera di diffida.<\/p>\n<p>Siamo lieti di aiutare a chiarire la questione dell&#8217;adeguata concessione delle licenze e dei diritti della personalit\u00e0.<\/p>\n<h5>Limiti di utilizzo per lavori su commissione<\/h5>\n<p>Per la progettazione della tua homepage o presenza web, questo significa: Usa sempre ed esclusivamente immagini che hai creato tu stesso o per le quali hai i necessari diritti di licenza. Il solo fatto che un fotografo abbia ricevuto un compenso per un&#8217;immagine non \u00e8 sufficiente. Piuttosto, devi anche assicurarti contrattualmente che i diritti per l&#8217;uso previsto vengano trasferiti. Se le immagini sono create per un volantino, non puoi integrarle in un sito web senza ulteriori passi; se sono commissionate per il sito web, le immagini non possono ancora essere usate in un catalogo prodotti.<\/p>\n<p><strong><a title=\"Contatti\" href=\"https:\/\/zdarsky-wirtschaftsrecht.de\/it\/contatti\">Siamo felici di assistere nella progettazione contrattuale e nella revisione della situazione dei diritti<\/a>.<\/strong><\/p>\n","protected":false},"excerpt":{"rendered":"<p>Diritti d&#8217;immagine Le immagini godono di ampia protezione. Quando vengono pubblicate su internet, non significa che siano di dominio pubblico e possano essere usate da chiunque. Anzi, il diritto di disposizione delle immagini rimane esclusivamente del creatore delle immagini, cio\u00e8 il fotografo, il pittore o, per esempio, l&#8217;agenzia che presenta le immagini su internet. Nonostante [&hellip;]<\/p>\n","protected":false},"author":5,"featured_media":0,"parent":0,"menu_order":0,"comment_status":"closed","ping_status":"closed","template":"","meta":{"footnotes":""},"class_list":["post-2056","page","type-page","status-publish","hentry"],"aioseo_notices":[],"_links":{"self":[{"href":"https:\/\/zdarsky-wirtschaftsrecht.de\/it\/wp-json\/wp\/v2\/pages\/2056","targetHints":{"allow":["GET"]}}],"collection":[{"href":"https:\/\/zdarsky-wirtschaftsrecht.de\/it\/wp-json\/wp\/v2\/pages"}],"about":[{"href":"https:\/\/zdarsky-wirtschaftsrecht.de\/it\/wp-json\/wp\/v2\/types\/page"}],"author":[{"embeddable":true,"href":"https:\/\/zdarsky-wirtschaftsrecht.de\/it\/wp-json\/wp\/v2\/users\/5"}],"replies":[{"embeddable":true,"href":"https:\/\/zdarsky-wirtschaftsrecht.de\/it\/wp-json\/wp\/v2\/comments?post=2056"}],"version-history":[{"count":2,"href":"https:\/\/zdarsky-wirtschaftsrecht.de\/it\/wp-json\/wp\/v2\/pages\/2056\/revisions"}],"predecessor-version":[{"id":2296,"href":"https:\/\/zdarsky-wirtschaftsrecht.de\/it\/wp-json\/wp\/v2\/pages\/2056\/revisions\/2296"}],"wp:attachment":[{"href":"https:\/\/zdarsky-wirtschaftsrecht.de\/it\/wp-json\/wp\/v2\/media?parent=2056"}],"curies":[{"name":"wp","href":"https:\/\/api.w.org\/{rel}","templated":true}]}}