{"id":2059,"date":"2013-10-23T15:20:03","date_gmt":"2013-10-23T13:20:03","guid":{"rendered":"https:\/\/zdarsky-wirtschaftsrecht.de\/legge-sui-marchi-e-diritti-di-proprieta-industriale"},"modified":"2025-11-11T15:41:52","modified_gmt":"2025-11-11T14:41:52","slug":"legge-sui-marchi-e-diritti-di-proprieta-industriale","status":"publish","type":"page","link":"https:\/\/zdarsky-wirtschaftsrecht.de\/it\/legge-sui-marchi-e-diritti-di-proprieta-industriale","title":{"rendered":"Legge sui marchi e diritti di propriet\u00e0 industriale"},"content":{"rendered":"<h1>Legge sui marchi<\/h1>\n<p>Legge sui marchi e diritti di propriet\u00e0 industriale<\/p>\n<p>L&#8217;importanza dei marchi \u00e8 cresciuta enormemente negli ultimi anni. Questo \u00e8 evidente non solo nel numero sempre crescente di domande di marchio presso l&#8217;<a title=\"DPMA\" href=\"http:\/\/www.dpma.de\/\" target=\"_blank\" rel=\"noopener\">Ufficio Tedesco dei Brevetti e dei Marchi<\/a> a Monaco e Jena, ma anche presso l&#8217;<a href=\"http:\/\/oami.europa.eu\/\" target=\"_blank\" rel=\"noopener\">Ufficio dell&#8217;Unione Europea per la Propriet\u00e0 Intellettuale<\/a> ad Alicante (Ufficio dell&#8217;Unione Europea per la Propriet\u00e0 Intellettuale, EUIPO). Sintomo di questo incremento \u00e8 la volont\u00e0 delle aziende di voler difendere marchi e segni commerciali, nonch\u00e9 i loro nomi aziendali.<\/p>\n<p>Per evitare sorprese spiacevoli, come la richiesta da parte di un concorrente di cambiare il nome dell&#8217;azienda in tempi brevissimi, \u00e8 necessario scegliere attentamente il nome dell&#8217;azienda e, se necessario, proteggerlo legalmente registrando un marchio gi\u00e0 al momento della fondazione dell&#8217;azienda. I tribunali considerano negligente scegliere un nome aziendale e fondare un&#8217;azienda senza prima effettuare una ricerca sul nome e sul marchio. Per evitare errori in questa fase preliminare, nonch\u00e9 fondamentale,\u00a0\u00e8 consigliabile rivolgersi ad un esperto competente.<\/p>\n<p>Se offri prodotti o servizi, \u00e8 anche consigliabile verificare in anticipo se stai involontariamente violando i diritti di marchio di qualcun altro. Senza una consulenza legale competente, si possono rapidamente sperimentare sorprese spiacevoli in queste questioni strategiche. Vogliamo aiutarti a evitare questo.<\/p>\n<p>Pertanto, gestiamo per te &#8211; da <b>Francoforte<\/b>, ed <b>in tutto il paese<\/b>:<\/p>\n<ul>\n<li><a href=\"https:\/\/zdarsky-wirtschaftsrecht.de\/it\/registrazione-del-marchio\"><b>Ricerche di marchi<\/b> e <b>ricerche di nomi aziendali<\/b><\/a><\/li>\n<li><a href=\"https:\/\/zdarsky-wirtschaftsrecht.de\/it\/registrazione-del-marchio\"><b>Registrazione del marchio<\/b> in <b>Germania (DPMA), Alicante (EUIPO)<\/b> e a <b>Ginevra (OMPI)<\/b><\/a> (i cosiddetti <a title=\"OMPI a Ginevra\" href=\"http:\/\/www.wipo.int\/\" target=\"_blank\" rel=\"noopener\">marchi IR<\/a>, che si basano su un marchio tedesco o dell&#8217;Unione Europea), nonch\u00e9 in paesi selezionati direttamente o tramite partner<\/li>\n<li><b>Monitoraggio<\/b> del marchio (continuo)<\/li>\n<\/ul>\n<p>Registriamo i tuoi marchi e ti forniamo protezione il pronome \u00e8 ripreso nel \u201cti forniamo\u201d. Difendiamo anche i tuoi marchi contro gli imitatori e nei casi in cui vengono mosse contro di te accuse di violazione di marchi pi\u00f9 vecchi o di altri diritti, soprattutto quando vengono emessi avvertimenti o concesse ingiunzioni preliminari.<\/p>\n","protected":false},"excerpt":{"rendered":"<p>Legge sui marchi Legge sui marchi e diritti di propriet\u00e0 industriale L&#8217;importanza dei marchi \u00e8 cresciuta enormemente negli ultimi anni. Questo \u00e8 evidente non solo nel numero sempre crescente di domande di marchio presso l&#8217;Ufficio Tedesco dei Brevetti e dei Marchi a Monaco e Jena, ma anche presso l&#8217;Ufficio dell&#8217;Unione Europea per la Propriet\u00e0 Intellettuale [&hellip;]<\/p>\n","protected":false},"author":5,"featured_media":0,"parent":0,"menu_order":0,"comment_status":"closed","ping_status":"closed","template":"","meta":{"footnotes":""},"class_list":["post-2059","page","type-page","status-publish","hentry"],"aioseo_notices":[],"_links":{"self":[{"href":"https:\/\/zdarsky-wirtschaftsrecht.de\/it\/wp-json\/wp\/v2\/pages\/2059","targetHints":{"allow":["GET"]}}],"collection":[{"href":"https:\/\/zdarsky-wirtschaftsrecht.de\/it\/wp-json\/wp\/v2\/pages"}],"about":[{"href":"https:\/\/zdarsky-wirtschaftsrecht.de\/it\/wp-json\/wp\/v2\/types\/page"}],"author":[{"embeddable":true,"href":"https:\/\/zdarsky-wirtschaftsrecht.de\/it\/wp-json\/wp\/v2\/users\/5"}],"replies":[{"embeddable":true,"href":"https:\/\/zdarsky-wirtschaftsrecht.de\/it\/wp-json\/wp\/v2\/comments?post=2059"}],"version-history":[{"count":3,"href":"https:\/\/zdarsky-wirtschaftsrecht.de\/it\/wp-json\/wp\/v2\/pages\/2059\/revisions"}],"predecessor-version":[{"id":2227,"href":"https:\/\/zdarsky-wirtschaftsrecht.de\/it\/wp-json\/wp\/v2\/pages\/2059\/revisions\/2227"}],"wp:attachment":[{"href":"https:\/\/zdarsky-wirtschaftsrecht.de\/it\/wp-json\/wp\/v2\/media?parent=2059"}],"curies":[{"name":"wp","href":"https:\/\/api.w.org\/{rel}","templated":true}]}}