{"id":2061,"date":"2013-10-23T15:18:50","date_gmt":"2013-10-23T13:18:50","guid":{"rendered":"https:\/\/zdarsky-wirtschaftsrecht.de\/collaboratori-e-formazione"},"modified":"2025-11-12T18:05:51","modified_gmt":"2025-11-12T17:05:51","slug":"collaboratori-e-formazione","status":"publish","type":"page","link":"https:\/\/zdarsky-wirtschaftsrecht.de\/it\/collaboratori-e-formazione","title":{"rendered":"Collaboratori e formazione"},"content":{"rendered":"<h1>La squadra<\/h1>\n<p>Lo studio legale ZDARSKY Business Law \u00e8 strettamente collegato come studio legale di cooperazione con altri studi legali specializzati in tutta la Germania. La <b>collaborazione<\/b> \u00e8 importante per noi sia nelle cooperazioni che all&#8217;interno del team. Quindi, ci prendiamo regolarmente del tempo per lo scambio tra i partner di cooperazione e all&#8217;interno del team nel suo complesso.<\/p>\n<div class=\"mceTemp\"><\/div>\n<h4>Collaboratori<\/h4>\n<p><strong>Carola Kiehne<br \/>\n<\/strong>Carola Kiehne \u00e8 un&#8217;assistente legale e notarile qualificata ed \u00e8 con noi dal 2001. \u00c8 l\u2019esperta che fa al tuo caso, in particolare per domande nel campo del diritto dei marchi e del design.<\/p>\n<p><strong>Michael Kanngie\u00dfer<\/strong><\/p>\n<p>Il collaboratore legale Michael Kanngie\u00dfer rafforza il nostro team con la sua pluriennale esperienza nella gestione di progetti, spesso precedentemente dal lato bancario. Dal 2023, lavora nell&#8217;area del diritto contrattuale e in questioni selezionate di diritto tecnico, e coordina il nostro contatto con organizzazioni come la Fondazione EAR, assicurando che molte questioni relative all&#8217;ElektroG (Legge sulle apparecchiature elettriche ed elettroniche) possano essere regolate rapidamente e in modo orientato agli obiettivi.<\/p>\n<p><strong>Johannes Reisz<\/strong><\/p>\n<p>Come collaboratore di ricerca nel nostro studio legale, ricerca e prepara questioni relative ai diritti di propriet\u00e0 intellettuale nel nostro back office.<\/p>\n<p><strong>Annette Zdarsky<br \/>\n<\/strong>Come economista aziendale (Dipl.-Kauffrau), la signora Zdarsky \u00e8 l&#8217;esperta per tutte le domande relative a questioni economiche, contabilit\u00e0 e anche per specifiche questioni di gestione aziendale.<\/p>\n<p>Fin dai suoi studi, si \u00e8 specializzata in consulenza organizzativa e organizza il nostro sistema di gestione della qualit\u00e0. Come persona di contatto per la salute e sicurezza sul lavoro nel nostro studio legale, svolge importanti compiti interni.<\/p>\n<p><strong>Aline Ferner<\/strong><\/p>\n<p>Da diversi anni, la signora Ferner gestisce tutto ci\u00f2 che riguarda i numeri &#8211; la contabilit\u00e0. La nostra contabilit\u00e0 \u00e8 gestita da lei in qualit\u00e0 di specialista legale qualificata.<\/p>\n<h4>Specializzazione<\/h4>\n<p>La <b>specializzazione<\/b> \u00e8 oggi pi\u00f9 importante che mai: bisogna sempre essere in cerca di conoscenza approfondita e specifica nel proprio campo. Quindi, ogni professionista \u00e8 tenuto ad adattare e perfezionare continuamente le proprie aree chiave a beneficio dei nostri clienti. Per questo motivo, trattiamo solo aree selezionate di cui i nostri clienti hanno bisogno e in cui ci siamo specializzati. Per rimanere sempre aggiornati, frequentiamo regolarmente corsi di sviluppo professionale ben oltre il livello richiesto per avvocati specializzati o avvocati esperti nei processi di registrazione di marchi e brevetti. Allo stesso modo, i nostri dipendenti partecipano regolarmente a eventi di formazione nelle loro rispettive aree di lavoro.<\/p>\n<h4>Formazione<\/h4>\n<p>Consideriamo la <b>formazione<\/b> un compito importante dello studio legale. Offriamo con perseveranza agli <b>studenti<\/b> e ai <b>praticanti legali<\/b> l&#8217;opportunit\u00e0 di conoscere e apprezzare le diverse possibilit\u00e0 del lavoro legale all&#8217;interno del nostro studio. Questo scambio non \u00e8 a senso unico: siamo felici di lasciarci ispirare da nuovi pensieri e considerazioni. Attualmente, per motivi organizzativi, non possiamo offrire una posizione di formazione per <b>assistenti legali<\/b>.<\/p>\n<h4>Possibile collaborazione nel nostro studio legale<\/h4>\n<p><strong>Studenti e praticanti legali:<\/strong><\/p>\n<p>Per studenti e\/o praticanti legali interessati e adeguatamente qualificati, offriamo collaborazioni part-time su accordo. Se sei interessato, non vediamo l&#8217;ora di contattarti.<\/p>\n<p><strong>Avvocati d&#8217;affari:<\/strong><\/p>\n<p>I nostri clienti stanno crescendo &#8211; e con loro, le nostre competenze. Pertanto, siamo aperti a collaborazioni part-time o a mezza giornata con avvocati d&#8217;affari specializzati in Diritto Contrattuale Internazionale. Oltre alle buone conoscenze giuridiche, \u00e8 necessario anche un forte interesse per i contesti economici e una buona conoscenza delle lingue.<\/p>\n<h4><\/h4>\n","protected":false},"excerpt":{"rendered":"<p>La squadra Lo studio legale ZDARSKY Business Law \u00e8 strettamente collegato come studio legale di cooperazione con altri studi legali specializzati in tutta la Germania. La collaborazione \u00e8 importante per noi sia nelle cooperazioni che all&#8217;interno del team. Quindi, ci prendiamo regolarmente del tempo per lo scambio tra i partner di cooperazione e all&#8217;interno del [&hellip;]<\/p>\n","protected":false},"author":5,"featured_media":0,"parent":0,"menu_order":0,"comment_status":"closed","ping_status":"closed","template":"","meta":{"footnotes":""},"class_list":["post-2061","page","type-page","status-publish","hentry"],"aioseo_notices":[],"_links":{"self":[{"href":"https:\/\/zdarsky-wirtschaftsrecht.de\/it\/wp-json\/wp\/v2\/pages\/2061","targetHints":{"allow":["GET"]}}],"collection":[{"href":"https:\/\/zdarsky-wirtschaftsrecht.de\/it\/wp-json\/wp\/v2\/pages"}],"about":[{"href":"https:\/\/zdarsky-wirtschaftsrecht.de\/it\/wp-json\/wp\/v2\/types\/page"}],"author":[{"embeddable":true,"href":"https:\/\/zdarsky-wirtschaftsrecht.de\/it\/wp-json\/wp\/v2\/users\/5"}],"replies":[{"embeddable":true,"href":"https:\/\/zdarsky-wirtschaftsrecht.de\/it\/wp-json\/wp\/v2\/comments?post=2061"}],"version-history":[{"count":2,"href":"https:\/\/zdarsky-wirtschaftsrecht.de\/it\/wp-json\/wp\/v2\/pages\/2061\/revisions"}],"predecessor-version":[{"id":2285,"href":"https:\/\/zdarsky-wirtschaftsrecht.de\/it\/wp-json\/wp\/v2\/pages\/2061\/revisions\/2285"}],"wp:attachment":[{"href":"https:\/\/zdarsky-wirtschaftsrecht.de\/it\/wp-json\/wp\/v2\/media?parent=2061"}],"curies":[{"name":"wp","href":"https:\/\/api.w.org\/{rel}","templated":true}]}}