{"id":2063,"date":"2013-10-23T15:19:12","date_gmt":"2013-10-23T13:19:12","guid":{"rendered":"https:\/\/zdarsky-wirtschaftsrecht.de\/legge-sulla-pubblicita-e-legge-sulla-concorrenza-uwg"},"modified":"2025-11-12T18:10:35","modified_gmt":"2025-11-12T17:10:35","slug":"legge-sulla-pubblicita-e-legge-sulla-concorrenza-uwg","status":"publish","type":"page","link":"https:\/\/zdarsky-wirtschaftsrecht.de\/it\/legge-sulla-pubblicita-e-legge-sulla-concorrenza-uwg","title":{"rendered":"Legge sulla pubblicit\u00e0 e legge sulla concorrenza, UWG"},"content":{"rendered":"<h1>Legge sulla pubblicit\u00e0<\/h1>\n<p><strong>UWG, Legge sulla pubblicit\u00e0 e Legge sulla concorrenza<\/strong><\/p>\n<p>Molte imprese lottano contro la pubblicit\u00e0 sleale, l&#8217;invio non richiesto di offerte via fax, l&#8217;attaccamento alla buona reputazione dei concorrenti o lo sfruttamento del potere di mercato. In questi casi, \u00e8 necessaria un&#8217;azione rapida e competente.<\/p>\n<p>Tuttavia, anche le proprie misure pubblicitarie devono essere sempre pi\u00f9 esaminate. Da un lato, c&#8217;\u00e8 la minaccia di lettere di diffida da parte di concorrenti o associazioni di concorrenza per pubblicit\u00e0 non consentita. D&#8217;altra parte, dalla riforma della legge sulle vendite nel 2002, le dichiarazioni pubblicitarie influenzano le aspettative sul prodotto per il prodotto specificamente pubblicizzato &#8211; spesso anche involontariamente. Di solito, la consulenza e soprattutto l&#8217;esame preliminare sono significativamente pi\u00f9 economici dello \u201cscrutinio\u201d da parte di clienti o concorrenti insoddisfatti o informati. Le clausole inefficaci delle CGC possono dar luogo a richiami e provvedimenti cautelari.<\/p>\n<h5>Diritto antitrust<\/h5>\n<p>\u201cDiritto antitrust? Non mi riguarda.\u201d Questa \u00e8 una risposta comune alla domanda se le sue condizioni generali di contratto (CGC) o i contratti di distribuzione, ad esempio con gli agenti commerciali, sono gi\u00e0 stati considerati sotto questo aspetto.<\/p>\n<p>Tuttavia, questa risposta rivela un grande e potenzialmente consequenziale malinteso: il diritto antitrust, il diritto della concorrenza in senso stretto, non riguarda solo le grandi aziende.<\/p>\n<p>Spesso \u00e8 sorprendente in quali aree le questioni antitrust sono significative. Se stipuli un contratto in cui una delle parti \u00e8 impedita o costretta a stipulare un contratto con una terza parte, questo accordo da solo pu\u00f2 essere invalido, anche se le parti contraenti non hanno una rilevanza di mercato prominente. D&#8217;altra parte, i cosiddetti \u201cpiccoli\u201d spesso trovano difficile difendersi dal comportamento abusivo dei \u201cgrandi\u201d. Allora \u00e8 necessario un chiarimento &#8211; siamo felici di aiutare, indicare limitazioni e sviluppare strategie.<\/p>\n<p>Per la domanda su quali siano i calcoli dei danni possibili e immaginabili, si prega di leggere le spiegazioni sul calcolo dei danni nella propriet\u00e0 industriale.<\/p>\n","protected":false},"excerpt":{"rendered":"<p>Legge sulla pubblicit\u00e0 UWG, Legge sulla pubblicit\u00e0 e Legge sulla concorrenza Molte imprese lottano contro la pubblicit\u00e0 sleale, l&#8217;invio non richiesto di offerte via fax, l&#8217;attaccamento alla buona reputazione dei concorrenti o lo sfruttamento del potere di mercato. In questi casi, \u00e8 necessaria un&#8217;azione rapida e competente. Tuttavia, anche le proprie misure pubblicitarie devono essere [&hellip;]<\/p>\n","protected":false},"author":5,"featured_media":0,"parent":0,"menu_order":0,"comment_status":"closed","ping_status":"closed","template":"","meta":{"footnotes":""},"class_list":["post-2063","page","type-page","status-publish","hentry"],"aioseo_notices":[],"_links":{"self":[{"href":"https:\/\/zdarsky-wirtschaftsrecht.de\/it\/wp-json\/wp\/v2\/pages\/2063","targetHints":{"allow":["GET"]}}],"collection":[{"href":"https:\/\/zdarsky-wirtschaftsrecht.de\/it\/wp-json\/wp\/v2\/pages"}],"about":[{"href":"https:\/\/zdarsky-wirtschaftsrecht.de\/it\/wp-json\/wp\/v2\/types\/page"}],"author":[{"embeddable":true,"href":"https:\/\/zdarsky-wirtschaftsrecht.de\/it\/wp-json\/wp\/v2\/users\/5"}],"replies":[{"embeddable":true,"href":"https:\/\/zdarsky-wirtschaftsrecht.de\/it\/wp-json\/wp\/v2\/comments?post=2063"}],"version-history":[{"count":2,"href":"https:\/\/zdarsky-wirtschaftsrecht.de\/it\/wp-json\/wp\/v2\/pages\/2063\/revisions"}],"predecessor-version":[{"id":2289,"href":"https:\/\/zdarsky-wirtschaftsrecht.de\/it\/wp-json\/wp\/v2\/pages\/2063\/revisions\/2289"}],"wp:attachment":[{"href":"https:\/\/zdarsky-wirtschaftsrecht.de\/it\/wp-json\/wp\/v2\/media?parent=2063"}],"curies":[{"name":"wp","href":"https:\/\/api.w.org\/{rel}","templated":true}]}}