{"id":2067,"date":"2013-10-23T15:20:56","date_gmt":"2013-10-23T13:20:56","guid":{"rendered":"https:\/\/zdarsky-wirtschaftsrecht.de\/brevetti-e-modelli-di-utilita"},"modified":"2013-10-23T15:20:56","modified_gmt":"2013-10-23T13:20:56","slug":"brevetti-e-modelli-di-utilita","status":"publish","type":"page","link":"https:\/\/zdarsky-wirtschaftsrecht.de\/it\/brevetti-e-modelli-di-utilita","title":{"rendered":"Brevetti e modelli di utilit\u00e0"},"content":{"rendered":"<h4>Brevetti e modelli di utilit\u00e0 in generale<\/h4>\n<p>Il successo \u00e8 spesso associato alle idee innovative. Purtroppo, molti inventori sperimentano ripetutamente quanto velocemente un&#8217;idea del genere, sviluppata con fatica, possa essere copiata da terzi e potenzialmente commercializzata con grande successo. Quindi, gli inventori si trovano regolarmente di fronte alle seguenti domande:<\/p>\n<p>&#8211; La mia idea \u00e8 davvero nuova?<\/p>\n<p>&#8211; Cosa bisogna considerare prima di rivelare l&#8217;idea a potenziali partner contrattuali, ad esempio fornitori o clienti?<\/p>\n<p>&#8211; Come ci si pu\u00f2 proteggere da potenziali imitatori e plagi?<\/p>\n<h4>Un&#8217;idea deve essere nuova<\/h4>\n<p>Se un&#8217;idea sia nuova di solito si scopre solo con una ricerca brevettuale. Qui, \u00e8 importante scegliere la terminologia appropriata e seguire le giuste strategie di ricerca per ottenere risultati significativi.<\/p>\n<p>Inoltre, \u00e8 anche necessario studiare la letteratura pertinente e controllare il mercato per idee di prodotti simili.<\/p>\n<p>Queste ricerche non possono mai fornire una certezza al 100%. Tuttavia, una tale ricerca fornisce sempre un&#8217;idea sulla probabilit\u00e0 di una domanda di successo. Il sistema legale richiede anche che un produttore responsabile si informi sui possibili diritti di protezione prima di commercializzare i prodotti.<\/p>\n<h4>Dall&#8217;idea alla domanda<\/h4>\n<p>Se tale ricerca brevettuale ha successo, la strada per la commercializzazione \u00e8 aperta. Tuttavia, c&#8217;\u00e8 poi il rischio che i concorrenti copino l&#8217;idea &#8211; il successo della commercializzazione \u00e8 a rischio.<\/p>\n<p>Per questo motivo, \u00e8 consigliabile considerare di richiedere un brevetto o un modello di utilit\u00e0 prima di commercializzare sviluppi innovativi. Solo in questo modo si pu\u00f2 assicurare la commercializzazione dell&#8217;idea innovativa in esclusiva per diversi anni.<\/p>\n<h4> Quando si richiede un brevetto o un modello di utilit\u00e0, si deve notare quanto segue:<\/h4>\n<p>Solo le idee ancora \u201cnuove\u201d possono essere registrate, cio\u00e8 quelle che non sono ancora conosciute o introdotte sul mercato.<\/p>\n<p>I requisiti per la cosiddetta \u201cnovit\u00e0\u201d sono molto elevati.<\/p>\n<p>Un&#8217;idea da brevettare non deve essere stata divulgata prima della domanda, per esempio. Se si vuole comunque mostrare l&#8217;idea a fornitori, clienti o altre persone, ad esempio per ottenere un parere sulla commerciabilit\u00e0, \u00e8 imperativo che le parti firmino un accordo di riservatezza, spesso chiamato Non-Disclosure Agreement o NDA.<\/p>\n<p>Attraverso tali accordi, l&#8217;idea \u00e8 considerata non ancora divulgata. Tuttavia, \u00e8 importante per ragioni probatorie che l&#8217;accordo sia per iscritto.<\/p>\n<p>Una volta che l&#8217;invenzione \u00e8 ampiamente sviluppata, si pu\u00f2 iniziare a preparare una domanda di brevetto o modello di utilit\u00e0. Per questo, oltre allo stato dell&#8217;arte, l&#8217;invenzione, il concetto inventivo, dovrebbe essere presentato il pi\u00f9 concretamente possibile. Centrali in questo sono anche le cosiddette rivendicazioni brevettuali. Perch\u00e9 alla fine, solo ci\u00f2 che \u00e8 stato registrato come rivendicazione brevettuale \u00e8 protetto.<\/p>\n<p>\u00c8 consigliabile descrivere e registrare per la protezione anche possibili alternative, soluzioni alternative e modifiche concepibili.<\/p>\n<p>Poi segue la domanda.<\/p>\n<p>Qui sorge la domanda: modello di utilit\u00e0, brevetto nazionale o brevetto europeo? Per questa decisione \u00e8 necessaria una consulenza completa sui vantaggi e gli svantaggi. Non esiste \u201cla\u201d decisione giusta qui. Piuttosto, dipende dall&#8217;uso previsto, nonch\u00e9 dagli obiettivi e dalle strategie oltre il diritto dei brevetti, per determinare la decisione ottimale.<\/p>\n<p>Siamo felici di accompagnare il processo di domanda e difendere il brevetto davanti al rispettivo ufficio se dovessero sorgere obiezioni.<\/p>\n<p>Ti supportiamo nell&#8217;espansione in altri paesi, ad esempio tramite la procedura PCT, e monitoriamo le scadenze per il pagamento delle tasse di rinnovo.<\/p>\n<h4>Difesa legale e applicazione dei propri diritti<\/h4>\n<p>In caso di violazioni di brevetti o modelli di utilit\u00e0, bisogna agire rapidamente contro imitatori e altri trasgressori. Ti supportiamo in ogni direzione, sia in attacco che in difesa.<\/p>\n<p>Se dovessi mai essere attaccato tu stesso, esamineremo la legittimit\u00e0 dell&#8217;attacco e ti supporteremo nella tua difesa.<\/p>\n<p>La consulenza del nostro studio legale \u00e8 competente, orientata agli interessi e mirata.<\/p>\n<p>Su richiesta, ti rappresentiamo davanti a tutti i tribunali tedeschi (tranne la Corte Federale di Giustizia), in particolare anche davanti ai tribunali specializzati per i diritti di propriet\u00e0 industriale.<\/p>\n<p>Quando contatti le autorit\u00e0, specialmente le autorit\u00e0 doganali in caso di un&#8217;intesa sequestro di imitazioni che devono essere consegnate in Germania da fuori l&#8217;UE, siamo felici di aiutarti e supportarti. Questo pu\u00f2 spesso impedire che le merci vengano importate nello Spazio Economico Europeo in primo luogo. Perch\u00e9: Una volta che l&#8217;imitazione \u00e8 nel paese, spesso \u00e8 troppo tardi.<\/p>\n<p>Il supporto \u00e8 fornito dai nostri partner di cooperazione: Dr. Leonore Hornig e Frank Petersen, avvocati brevettualisti<\/p>\n","protected":false},"excerpt":{"rendered":"<p>Brevetti e modelli di utilit\u00e0 in generale Il successo \u00e8 spesso associato alle idee innovative. Purtroppo, molti inventori sperimentano ripetutamente quanto velocemente un&#8217;idea del genere, sviluppata con fatica, possa essere copiata da terzi e potenzialmente commercializzata con grande successo. Quindi, gli inventori si trovano regolarmente di fronte alle seguenti domande: &#8211; La mia idea \u00e8 [&hellip;]<\/p>\n","protected":false},"author":5,"featured_media":0,"parent":0,"menu_order":0,"comment_status":"closed","ping_status":"closed","template":"","meta":{"footnotes":""},"class_list":["post-2067","page","type-page","status-publish","hentry"],"aioseo_notices":[],"_links":{"self":[{"href":"https:\/\/zdarsky-wirtschaftsrecht.de\/it\/wp-json\/wp\/v2\/pages\/2067","targetHints":{"allow":["GET"]}}],"collection":[{"href":"https:\/\/zdarsky-wirtschaftsrecht.de\/it\/wp-json\/wp\/v2\/pages"}],"about":[{"href":"https:\/\/zdarsky-wirtschaftsrecht.de\/it\/wp-json\/wp\/v2\/types\/page"}],"author":[{"embeddable":true,"href":"https:\/\/zdarsky-wirtschaftsrecht.de\/it\/wp-json\/wp\/v2\/users\/5"}],"replies":[{"embeddable":true,"href":"https:\/\/zdarsky-wirtschaftsrecht.de\/it\/wp-json\/wp\/v2\/comments?post=2067"}],"version-history":[{"count":0,"href":"https:\/\/zdarsky-wirtschaftsrecht.de\/it\/wp-json\/wp\/v2\/pages\/2067\/revisions"}],"wp:attachment":[{"href":"https:\/\/zdarsky-wirtschaftsrecht.de\/it\/wp-json\/wp\/v2\/media?parent=2067"}],"curies":[{"name":"wp","href":"https:\/\/api.w.org\/{rel}","templated":true}]}}