{"id":2068,"date":"2013-10-23T15:22:09","date_gmt":"2013-10-23T13:22:09","guid":{"rendered":"https:\/\/zdarsky-wirtschaftsrecht.de\/portata-dellobbligo-di-rimedio"},"modified":"2025-11-12T16:51:21","modified_gmt":"2025-11-12T15:51:21","slug":"portata-dellobbligo-di-rimedio","status":"publish","type":"page","link":"https:\/\/zdarsky-wirtschaftsrecht.de\/it\/portata-dellobbligo-di-rimedio","title":{"rendered":"Portata dell&#8217;obbligo di rimedio"},"content":{"rendered":"<p><b>Portata poco chiara dell&#8217;obbligo di rimedio<\/b><\/p>\n<p>Dalla riforma del diritto delle obbligazioni nel 2002, non era chiaro se l&#8217;obbligo di rimedio del venditore secondo il \u00a7 439 BGB includesse anche i costi di rimozione e installazione della consegna sostitutiva.<\/p>\n<p>La Corte Federale di Giustizia (BGH) ha dovuto decidere se i costi di rimozione delle piastrelle difettose e l&#8217;installazione di quelle nuove dovessero essere sostenuti o rimborsati dal venditore.<\/p>\n<p>Secondo la legge precedente, questi costi sarebbero stati generalmente a carico dell&#8217;acquirente.<\/p>\n<h5>Le decisioni dei tribunali<\/h5>\n<p>Poich\u00e9 questa questione riguardava un&#8217;interpretazione della Direttiva sulla vendita di beni di consumo, il BGH ha sottoposto questa questione legale alla Corte di Giustizia Europea (ECJ). L\u2019ECJ, nell\u2019estate del 2011, si \u00e8 pronunciato in merito, prevendendo l\u2019obbligo di rimborso.<\/p>\n<p>Dato che l&#8217;ECJ stessa non poteva prendere una decisione finale, ma solo commentare la questione legale, la Corte Federale di Giustizia (BGH) era tenuta a prendere una decisione per il caso legale specifico basandosi sulla decisione dell&#8217;ECJ.<\/p>\n<p>Di conseguenza, \u00e8 giunta alla conclusione che il rimedio mediante la consegna di un articolo privo di difetti include anche la rimozione e il trasporto dell&#8217;articolo difettoso.<\/p>\n<p>Il venditore pu\u00f2, in linea di principio, considerare aspetti di proporzionalit\u00e0 e eventualmente rifiutare il rimedio. Tuttavia, questa procedura pu\u00f2 considerarsi irrealizzabile laddove esista un solo tipo di rimedio, oppure vi sia un rifiuto di rimedio da parte del venditore. In tal caso, al venditore resta solo l&#8217;opzione di opporsi a eventuali costi eccessivamente elevati e rinviare l&#8217;acquirente al livello di costo appropriato.<\/p>\n<p>Il BGH, nella sua sentenza del 21 dicembre 2011, numero di caso VIII ZR 70\/08, ha concordato con la sentenza dell&#8217;ECJ.<\/p>\n<p>Per i venditori e in definitiva per i produttori, ci\u00f2 significa che devono aspettarsi spese significativamente aumentate in caso di errori in prodotti installati in modo permanente che si rivelano difettosi.<\/p>\n<p>La questione se la responsabilit\u00e0 per questo possa essere modificata nelle Condizioni Generali di Contratto (CGC) \u00e8 ancora irrisolta. Siamo felici di consigliarti su possibili strategie e implementazioni a questo riguardo.<\/p>\n<h5>Conseguenze per il commercio e i produttori<\/h5>\n<p>Per i commercianti e, per via del ricorso, per i produttori, questa sentenza significa un aumento dei rischi di costo in caso di difetto materiale, specialmente per prodotti installati in modo permanente che non possono essere rimossi senza distruzione.<\/p>\n","protected":false},"excerpt":{"rendered":"<p>Portata poco chiara dell&#8217;obbligo di rimedio Dalla riforma del diritto delle obbligazioni nel 2002, non era chiaro se l&#8217;obbligo di rimedio del venditore secondo il \u00a7 439 BGB includesse anche i costi di rimozione e installazione della consegna sostitutiva. La Corte Federale di Giustizia (BGH) ha dovuto decidere se i costi di rimozione delle piastrelle [&hellip;]<\/p>\n","protected":false},"author":5,"featured_media":0,"parent":0,"menu_order":0,"comment_status":"closed","ping_status":"closed","template":"","meta":{"footnotes":""},"class_list":["post-2068","page","type-page","status-publish","hentry"],"aioseo_notices":[],"_links":{"self":[{"href":"https:\/\/zdarsky-wirtschaftsrecht.de\/it\/wp-json\/wp\/v2\/pages\/2068","targetHints":{"allow":["GET"]}}],"collection":[{"href":"https:\/\/zdarsky-wirtschaftsrecht.de\/it\/wp-json\/wp\/v2\/pages"}],"about":[{"href":"https:\/\/zdarsky-wirtschaftsrecht.de\/it\/wp-json\/wp\/v2\/types\/page"}],"author":[{"embeddable":true,"href":"https:\/\/zdarsky-wirtschaftsrecht.de\/it\/wp-json\/wp\/v2\/users\/5"}],"replies":[{"embeddable":true,"href":"https:\/\/zdarsky-wirtschaftsrecht.de\/it\/wp-json\/wp\/v2\/comments?post=2068"}],"version-history":[{"count":2,"href":"https:\/\/zdarsky-wirtschaftsrecht.de\/it\/wp-json\/wp\/v2\/pages\/2068\/revisions"}],"predecessor-version":[{"id":2258,"href":"https:\/\/zdarsky-wirtschaftsrecht.de\/it\/wp-json\/wp\/v2\/pages\/2068\/revisions\/2258"}],"wp:attachment":[{"href":"https:\/\/zdarsky-wirtschaftsrecht.de\/it\/wp-json\/wp\/v2\/media?parent=2068"}],"curies":[{"name":"wp","href":"https:\/\/api.w.org\/{rel}","templated":true}]}}