{"id":2069,"date":"2013-10-23T15:21:03","date_gmt":"2013-10-23T13:21:03","guid":{"rendered":"https:\/\/zdarsky-wirtschaftsrecht.de\/legge-di-internet-e-legge-dei-domini"},"modified":"2025-11-11T16:06:47","modified_gmt":"2025-11-11T15:06:47","slug":"legge-di-internet-e-legge-dei-domini","status":"publish","type":"page","link":"https:\/\/zdarsky-wirtschaftsrecht.de\/it\/legge-di-internet-e-legge-dei-domini","title":{"rendered":"Legge di internet e legge dei domini"},"content":{"rendered":"<h1>Legge di internet<\/h1>\n<h5>Legge di internet e legge dei domini<\/h5>\n<p>Nel campo dei nuovi media, sorgono numerose questioni legali, che spesso sono comprese solo parzialmente nel loro significato e interazione.<\/p>\n<p>Molte domande ruotano intorno alla protezione del dominio (specialmente la scelta e la difesa legale). La giurisprudenza qui si orienta strettamente ai principi del diritto dei marchi. Tuttavia, qui si applica anche il cosiddetto principio del primo arrivato, primo servito. Questo a volte limita significativamente le possibilit\u00e0 di richiedere un termine dal proprietario attuale. Perci\u00f2, soprattutto quando si liberano domini, nella \u201cdisputa\u201d degli stessi, serve un consiglio competente nel caso in cui ci siano possibilit\u00e0 legali di richiedere il dominio con prospettive di successo.<\/p>\n<p>Per la \u201cliberazione\u201d dei domini UE, \u00e8 disponibile la cosiddetta procedura ADR davanti a un tribunale arbitrale appositamente creato con sede nella Repubblica Ceca. Senza l&#8217;aiuto di un <b>avvocato esperto, preferibilmente un avvocato specializzato in diritti di propriet\u00e0 intellettuale<\/b>, molti partecipanti falliscono da entrambi i lati della procedura.<\/p>\n<h5>Vendita a distanza<\/h5>\n<p>Di grande importanza nell&#8217;area delle vendite su internet sono le <b>normative sulla vendita a distanza<\/b>. Inoltre, sono legalmente e fattualmente importanti: Questioni di pubblicit\u00e0 corretta, cio\u00e8 consentita su internet e l&#8217;esame di quale sistema giuridico nazionale sia applicabile per la valutazione delle suddette questioni: problemi che difficilmente possono essere risolti senza una consulenza competente. In molti forum, spesso trovi solo mezze verit\u00e0 fino a disinformazione. Questo pu\u00f2 diventare rapidamente costoso, soprattutto perch\u00e9 gli avvertimenti non sono rari nel settore internet &#8211; la tracciabilit\u00e0 e la dimostrabilit\u00e0 delle violazioni legali \u00e8 molto facile per le associazioni di avvertimento e i concorrenti.<\/p>\n<p>Quanto siano complesse le questioni sollevate intorno alla vendita a distanza lo dimostra anche il fatto che persino il Ministero federale dell&#8217;economia (BMWi) ha dovuto modificare pi\u00f9 volte l&#8217;istruzione di recesso che aveva redatto, pubblicata come allegato al BGB-InfoV, poich\u00e9 la Corte federale di giustizia (BGH) aveva considerato insufficiente o errata la vecchia bozza di un&#8217;istruzione di recesso, quando il BMWi voleva agire proprio in esecuzione delle disposizioni di legge che aveva redatto.<\/p>\n<p>Forniamo consulenza prima dell&#8217;inizio delle attivit\u00e0, ma anche per le domande in corso che sorgono nelle transazioni di vendita a distanza. Qui, particolare attenzione deve essere prestata al diritto di recesso e ad altri obblighi di informazione, ma anche al processo di ordinazione, agli obblighi di informazione e alla protezione dei dati.<\/p>\n<p>Poich\u00e9 le associazioni di avvertimento e i concorrenti amano concentrarsi soprattutto sulle dichiarazioni di recesso, \u00e8 urgentemente richiesta una progettazione attenta. Anche l&#8217;adattamento alle proprie esigenze di solito richiede una consulenza legale, anche dopo la pubblicazione di nuove versioni come allegato all&#8217;EGBGB.<\/p>\n<p>Le <b>consultazioni<\/b> personali di solito si svolgono presso l&#8217;ufficio principale a <b>Francoforte sul Meno<\/b>.<\/p>\n<p>La <b>consulenza nazionale<\/b> viene fatta principalmente via <b>e-mail<\/b>, fax, <b>telefono<\/b> o con <b>videoconferenze tramite fornitori come Skype, Teams, Zoom e molti altri fornitori, ad esempio Jitsi, chat video WhatsApp, ecc<\/b>.<\/p>\n","protected":false},"excerpt":{"rendered":"<p>Legge di internet Legge di internet e legge dei domini Nel campo dei nuovi media, sorgono numerose questioni legali, che spesso sono comprese solo parzialmente nel loro significato e interazione. Molte domande ruotano intorno alla protezione del dominio (specialmente la scelta e la difesa legale). La giurisprudenza qui si orienta strettamente ai principi del diritto [&hellip;]<\/p>\n","protected":false},"author":5,"featured_media":0,"parent":0,"menu_order":0,"comment_status":"closed","ping_status":"closed","template":"","meta":{"footnotes":""},"class_list":["post-2069","page","type-page","status-publish","hentry"],"aioseo_notices":[],"_links":{"self":[{"href":"https:\/\/zdarsky-wirtschaftsrecht.de\/it\/wp-json\/wp\/v2\/pages\/2069","targetHints":{"allow":["GET"]}}],"collection":[{"href":"https:\/\/zdarsky-wirtschaftsrecht.de\/it\/wp-json\/wp\/v2\/pages"}],"about":[{"href":"https:\/\/zdarsky-wirtschaftsrecht.de\/it\/wp-json\/wp\/v2\/types\/page"}],"author":[{"embeddable":true,"href":"https:\/\/zdarsky-wirtschaftsrecht.de\/it\/wp-json\/wp\/v2\/users\/5"}],"replies":[{"embeddable":true,"href":"https:\/\/zdarsky-wirtschaftsrecht.de\/it\/wp-json\/wp\/v2\/comments?post=2069"}],"version-history":[{"count":2,"href":"https:\/\/zdarsky-wirtschaftsrecht.de\/it\/wp-json\/wp\/v2\/pages\/2069\/revisions"}],"predecessor-version":[{"id":2238,"href":"https:\/\/zdarsky-wirtschaftsrecht.de\/it\/wp-json\/wp\/v2\/pages\/2069\/revisions\/2238"}],"wp:attachment":[{"href":"https:\/\/zdarsky-wirtschaftsrecht.de\/it\/wp-json\/wp\/v2\/media?parent=2069"}],"curies":[{"name":"wp","href":"https:\/\/api.w.org\/{rel}","templated":true}]}}