{"id":2070,"date":"2013-10-23T15:22:15","date_gmt":"2013-10-23T13:22:15","guid":{"rendered":"https:\/\/zdarsky-wirtschaftsrecht.de\/consulenza-sulla-conformita"},"modified":"2025-11-14T11:14:48","modified_gmt":"2025-11-14T10:14:48","slug":"consulenza-sulla-conformita","status":"publish","type":"page","link":"https:\/\/zdarsky-wirtschaftsrecht.de\/it\/consulenza-sulla-conformita","title":{"rendered":"Consulenza sulla conformit\u00e0"},"content":{"rendered":"<p><b>Compliance &#8211; Analisi delle vulnerabilit\u00e0 e minimizzazione dei rischi<\/b><\/p>\n<p>Non solo in ambito internazionale, la questione di un sistema di compliance qualificato sta diventando sempre pi\u00f9 importante.<\/p>\n<p>La parola compliance \u00e8 sulla bocca di tutti &#8211; ma spesso sia il suo significato che i benefici pratici rimangono oscuri.<\/p>\n<p>Per conformit\u00e0 si intende un comportamento conforme alla legge, vale a dire il rispetto di norme comportamentali, leggi e direttive da parte della rispettiva azienda.<\/p>\n<p>A questo siamo comunque obbligati e quindi agiamo di conseguenza.<\/p>\n<p>Tuttavia, questa obiezione giustificata \u00e8 insufficiente. Basti pensare a un caso di danno o a un difetto di prodotto riconosciuto che pu\u00f2 portare a un caso di danno. Spesso c&#8217;\u00e8 incertezza su come gestire correttamente una situazione di pericolo riconosciuta. Dopotutto, per la dirigenza e i dirigenti, non si tratta solo di evitare danni all&#8217;utente e all&#8217;azienda. C&#8217;\u00e8 anche la minaccia di responsabilit\u00e0 penale in caso di risposta errata, o almeno il pagamento di multe sostanziali se \u201cper sbaglio\u201d si commette un illecito amministrativo.<\/p>\n<p>\u00c8 qui che entra in gioco la consulenza sulla compliance correttamente intesa: \u00c8 pi\u00f9 facile creare strutture in anticipo che permettano ai responsabili di comportarsi in modo legalmente conforme, piuttosto che successivamente, in caso di danno, determinare e adottare le misure necessarie sotto pressione temporale.<\/p>\n<h5>Il nostro approccio alla consulenza<\/h5>\n<p>Oltre alla consulenza generale sul comportamento legalmente conforme, la nostra attivit\u00e0 di consulenza si concentra in particolare sull&#8217;analisi delle vulnerabilit\u00e0 e sull&#8217;aiuto per eliminarle. Idealmente, l&#8217;azienda viene messa in condizione di affrontare meglio le crisi generali, ma anche, ad esempio, la partenza di dipendenti in posizioni chiave all&#8217;interno dell&#8217;azienda attraverso precauzioni organizzative.<\/p>\n<p>Gestiamo questa area di lavoro in <b>collaborazione con consulenti aziendali specializzati e avvocati esperti in crimini finanziari<\/b>. Questo garantisce che, oltre agli aspetti puramente legali, anche l&#8217;integrazione nei processi aziendali generali abbia successo e si evitino trappole di diritto penale. La compliance &#8211; azione legalmente conforme &#8211; non diventa cos\u00ec una mera tigre di carta, ma aumenta la capacit\u00e0 di agire e competere, e fornisce nuovamente tranquillit\u00e0.<\/p>\n<p>&nbsp;<\/p>\n","protected":false},"excerpt":{"rendered":"<p>Compliance &#8211; Analisi delle vulnerabilit\u00e0 e minimizzazione dei rischi Non solo in ambito internazionale, la questione di un sistema di compliance qualificato sta diventando sempre pi\u00f9 importante. La parola compliance \u00e8 sulla bocca di tutti &#8211; ma spesso sia il suo significato che i benefici pratici rimangono oscuri. Per conformit\u00e0 si intende un comportamento conforme [&hellip;]<\/p>\n","protected":false},"author":5,"featured_media":0,"parent":0,"menu_order":0,"comment_status":"closed","ping_status":"closed","template":"","meta":{"footnotes":""},"class_list":["post-2070","page","type-page","status-publish","hentry"],"aioseo_notices":[],"_links":{"self":[{"href":"https:\/\/zdarsky-wirtschaftsrecht.de\/it\/wp-json\/wp\/v2\/pages\/2070","targetHints":{"allow":["GET"]}}],"collection":[{"href":"https:\/\/zdarsky-wirtschaftsrecht.de\/it\/wp-json\/wp\/v2\/pages"}],"about":[{"href":"https:\/\/zdarsky-wirtschaftsrecht.de\/it\/wp-json\/wp\/v2\/types\/page"}],"author":[{"embeddable":true,"href":"https:\/\/zdarsky-wirtschaftsrecht.de\/it\/wp-json\/wp\/v2\/users\/5"}],"replies":[{"embeddable":true,"href":"https:\/\/zdarsky-wirtschaftsrecht.de\/it\/wp-json\/wp\/v2\/comments?post=2070"}],"version-history":[{"count":2,"href":"https:\/\/zdarsky-wirtschaftsrecht.de\/it\/wp-json\/wp\/v2\/pages\/2070\/revisions"}],"predecessor-version":[{"id":2309,"href":"https:\/\/zdarsky-wirtschaftsrecht.de\/it\/wp-json\/wp\/v2\/pages\/2070\/revisions\/2309"}],"wp:attachment":[{"href":"https:\/\/zdarsky-wirtschaftsrecht.de\/it\/wp-json\/wp\/v2\/media?parent=2070"}],"curies":[{"name":"wp","href":"https:\/\/api.w.org\/{rel}","templated":true}]}}