{"id":2074,"date":"2013-10-23T15:22:51","date_gmt":"2013-10-23T13:22:51","guid":{"rendered":"https:\/\/zdarsky-wirtschaftsrecht.de\/spese"},"modified":"2025-11-12T17:07:29","modified_gmt":"2025-11-12T16:07:29","slug":"spese","status":"publish","type":"page","link":"https:\/\/zdarsky-wirtschaftsrecht.de\/it\/spese","title":{"rendered":"SPESE"},"content":{"rendered":"<h1>Oggetto della consulenza<\/h1>\n<p>I compiti che ci vengono affidati variano da semplici questioni giuridiche, alle quali \u00e8 quindi possibile rispondere rapidamente, fino alla cura di questioni di vita altamente complesse, in parte di importanza esistenziale per voi come clienti. In alcuni casi si tratta di un importo monetario definito, mentre in altri il significato del caso \u00e8 difficile da esprimere in euro. Occorre inoltre distinguere se si tratta di una consulenza, di un&#8217;udienza stragiudiziale o della necessit\u00e0 di un procedimento giudiziario. Anche i modelli di fatturazione molto diversi nei singoli settori giuridici si prestano a essere utili. Le linee guida stabilite dal legislatore nella <a title=\"RVG\" href=\"http:\/\/bundesrecht.juris.de\/rvg\/\" target=\"_blank\" rel=\"noopener noreferrer\">Legge sulla remunerazione degli avvocati<\/a> (RVG) sono decisive nella consulenza legale.<\/p>\n<p>Dato che le richieste sono varie come la vita stessa, non pu\u00f2 esistere un sistema di remunerazione equo che vada bene per tutti i casi. Quindi, il legislatore ha dato la possibilit\u00e0 di negoziare le tariffe in modo abbastanza libero. La nostra preoccupazione \u00e8 di informarti apertamente e in modo trasparente sui costi e le spese in ogni caso. Non esitare a chiederci delucidazioni a riguardo.<\/p>\n<p>In linea con la normativa del \u00a7 9 RVG, di solito ti chiediamo un anticipo sulla parcella prevista prima di accettare un incarico per la prima volta. Ovviamente questo anticipo viene completamente scalato dalle nostre fatture provvisorie o dalla fattura finale.<\/p>\n<p>Se ci descrivi il tuo caso via email attraverso la richiesta di contatto e sottolinei che all&#8217;inizio ti interessa solo sapere l&#8217;importo previsto dei costi per accettare l&#8217;incarico, saremo felici di farti un&#8217;offerta personalizzata.<\/p>\n<h4>Prima consulenza<\/h4>\n<p>Ad ogni modo, non sempre \u00e8 possibile fare una stima realistica dei costi in anticipo. In questi casi, offriamo una prima consulenza a un prezzo fisso concordato, cos\u00ec sai dall&#8217;inizio che spese aspettarti per il primo incontro.<\/p>\n<p>Durante questa prima consulenza, che generalmente pu\u00f2 durare fino a un&#8217;ora, con una buona preparazione \u00e8 gi\u00e0 possibile chiarire molte domande. Le spese per questa prima consulenza di solito non superano i 249,90 euro (IVA inclusa), indipendentemente dal valore della questione, per quanto alto possa essere. Per casi semplici o consulenze molto pi\u00f9 brevi, questa cifra potrebbe essere anche pi\u00f9 bassa.<\/p>\n<h4>Accordo di remunerazione<\/h4>\n<p>Di norma stipuleremo un accordo di remunerazione sulla base dei fatti da te descritti. In genere, si stabilisce o una remunerazione secondo la Legge sulla remunerazione degli avvocati (RVG) o una fatturazione basata su una tariffa oraria concordata. Nei casi adatti, offriamo anche accordi a forfait. Contattaci pure.<\/p>\n<p>Se ci accordiamo su tariffe orarie, queste di solito partono da 240,00 euro pi\u00f9 IVA (285,60 euro lordi). In casi individuali giustificati, si pu\u00f2 anche scendere sotto questa cifra. L&#8217;importo della tariffa oraria tiene conto sia della difficolt\u00e0 e complessit\u00e0 del caso specifico che del livello di specializzazione dell&#8217;avvocato che si occupa del tuo caso.<\/p>\n<p>Per i <b>clienti di lunga data<\/b>, potremmo anche offrire la stipula di contratti di consulenza con tariffe mensili fisse e\/o pacchetti orari flessibili. Se ti interessa, contattaci.<\/p>\n<p>Per aree speciali, ad esempio ricerche e domande di propriet\u00e0 intellettuale, lavoriamo sulla base di tariffe forfettarie, che puoi trovare sotto Domande di propriet\u00e0 intellettuale.<\/p>\n<p>Se non viene fatto un accordo scritto separato, si applicano le tariffe previste dalla <a title=\"RVG\" href=\"http:\/\/bundesrecht.juris.de\/rvg\/\" target=\"_blank\" rel=\"noopener noreferrer\">Legge sulla remunerazione degli avvocati<\/a> (RVG). Puoi calcolare i costi tramite i seguenti link. L\u00ec troverai anche altre informazioni sulla Legge sulla remunerazione degli avvocati, tabelle delle tariffe chiare e molto altro.<\/p>\n<h4>Assistenza per i costi<\/h4>\n<p>Indipendentemente dal fatto che alla fine tu abbia diritto o meno al rimborso delle spese, in primo luogo si verificano regolarmente dei costi (anticipo, spese di tribunale) che devi sostenere tu stesso.\u00a0Ci sono diversi modi per supportarti, nel caso tu abbia un&#8217;assicurazione di protezione giuridica adeguata o nel caso in cui risulti essere &#8220;nullatenente&#8221; ai sensi della legge o almeno temporaneamente nella condizione in cui tu non possa sostenere i costi.<\/p>\n<p>Vige il principio secondo cui a nessuno che voglia presentare una causa apparentemente vincente dovrebbe essere negato il diritto di ricevere una consulenza impegnata e appropriata e di avere i propri interessi rappresentati in tribunale a causa della mancanza di capacit\u00e0 di fornire un anticipo per le spese di tribunale. Perci\u00f2, esiste il cosiddetto patrocinio gratuito. Puoi saperne di pi\u00f9 qui.<\/p>\n<p>In tempi pi\u00f9 recenti, diversi finanziatori di processi stabiliti sul mercato assumono il rischio dei costi in cambio di una percentuale di partecipazione al possibile successo del processo e possono quindi essere utili in determinate situazioni in cui non possono o non vogliono sostenere i costi. Puoi trovare altre informazioni qui.<\/p>\n","protected":false},"excerpt":{"rendered":"<p>Oggetto della consulenza I compiti che ci vengono affidati variano da semplici questioni giuridiche, alle quali \u00e8 quindi possibile rispondere rapidamente, fino alla cura di questioni di vita altamente complesse, in parte di importanza esistenziale per voi come clienti. In alcuni casi si tratta di un importo monetario definito, mentre in altri il significato del [&hellip;]<\/p>\n","protected":false},"author":5,"featured_media":0,"parent":0,"menu_order":0,"comment_status":"closed","ping_status":"closed","template":"","meta":{"footnotes":""},"class_list":["post-2074","page","type-page","status-publish","hentry"],"aioseo_notices":[],"_links":{"self":[{"href":"https:\/\/zdarsky-wirtschaftsrecht.de\/it\/wp-json\/wp\/v2\/pages\/2074","targetHints":{"allow":["GET"]}}],"collection":[{"href":"https:\/\/zdarsky-wirtschaftsrecht.de\/it\/wp-json\/wp\/v2\/pages"}],"about":[{"href":"https:\/\/zdarsky-wirtschaftsrecht.de\/it\/wp-json\/wp\/v2\/types\/page"}],"author":[{"embeddable":true,"href":"https:\/\/zdarsky-wirtschaftsrecht.de\/it\/wp-json\/wp\/v2\/users\/5"}],"replies":[{"embeddable":true,"href":"https:\/\/zdarsky-wirtschaftsrecht.de\/it\/wp-json\/wp\/v2\/comments?post=2074"}],"version-history":[{"count":2,"href":"https:\/\/zdarsky-wirtschaftsrecht.de\/it\/wp-json\/wp\/v2\/pages\/2074\/revisions"}],"predecessor-version":[{"id":2264,"href":"https:\/\/zdarsky-wirtschaftsrecht.de\/it\/wp-json\/wp\/v2\/pages\/2074\/revisions\/2264"}],"wp:attachment":[{"href":"https:\/\/zdarsky-wirtschaftsrecht.de\/it\/wp-json\/wp\/v2\/media?parent=2074"}],"curies":[{"name":"wp","href":"https:\/\/api.w.org\/{rel}","templated":true}]}}