{"id":2075,"date":"2013-10-23T15:21:57","date_gmt":"2013-10-23T13:21:57","guid":{"rendered":"https:\/\/zdarsky-wirtschaftsrecht.de\/pronti-per-i-cambiamenti-di-prezzo-nei-mercati-degli-approvvigionamenti"},"modified":"2025-11-11T16:26:29","modified_gmt":"2025-11-11T15:26:29","slug":"pronti-per-i-cambiamenti-di-prezzo-nei-mercati-degli-approvvigionamenti","status":"publish","type":"page","link":"https:\/\/zdarsky-wirtschaftsrecht.de\/it\/pronti-per-i-cambiamenti-di-prezzo-nei-mercati-degli-approvvigionamenti","title":{"rendered":"Pronti per i cambiamenti di prezzo nei mercati degli approvvigionamenti"},"content":{"rendered":"<h1>Cambiamenti di prezzo nei mercati degli approvvigionamenti<\/h1>\n<p><b>Progettazione contrattuale per cambiamenti di prezzo dei prodotti dei fornitori<\/b><\/p>\n<p>I cambiamenti di prezzo nei mercati delle materie prime assumono ripetutamente proporzioni drammatiche.<\/p>\n<p>Per i produttori, questo significa che si trovano di fronte a rischi incalcolabili. Da un lato, sono spesso vincolati per anni da accordi quadro con i clienti in termini di prezzo, ma dall&#8217;altro, non possono fissare sufficientemente i prezzi di approvvigionamento a causa della mancanza di possibilit\u00e0 di negoziazione. C&#8217;\u00e8 la minaccia di una trappola dei costi. Il margine si riduce e alla fine pu\u00f2 diventare negativo. Ogni articolo venduto porta poi una perdita per mesi o anni.<\/p>\n<h5>Come ci si pu\u00f2 proteggere in questo caso?<\/h5>\n<p>Il Codice Civile tedesco prevede la possibilit\u00e0 di adeguamento del prezzo quando una base contrattuale \u201csignificativa\u201d ha successivamente cessato di esistere. Ora questo \u00e8 regolato anche per legge. Se questo sia davvero cos\u00ec sorprendente per gli adeguamenti di prezzo, ad esempio nel mercato dell&#8217;acciaio, era gi\u00e0 stato messo in dubbio dai tribunali dopo la prima crisi dei prezzi dell&#8217;acciaio nel 2006.<\/p>\n<p>Anche durante la crisi del Corona, vengono segnalati adeguamenti di prezzo per importanti prodotti molto richiesti, che si tratti di prodotti precursori per la produzione di disinfettanti, o prodotti finali come maschere respiratorie e simili.<\/p>\n<p>Questo non significa altro che anche con prezzi di approvvigionamento drammaticamente aumentati, le condizioni di consegna concordate fisse per i prodotti finali non possono essere adeguate per i clienti. Con una quota di materiale del 20%-50%, questo pu\u00f2 rapidamente avere implicazioni drammatiche per la redditivit\u00e0 di un&#8217;azienda.<\/p>\n<p>Pertanto, bisognerebbe prevedere per tempo possibilit\u00e0 di adeguamento chiaramente definite quando vengono superate certe quote di variazione dei prezzi. Questo pu\u00f2 essere fatto in discussioni annuali o con riferimento a corrispondenti rapporti stampa o indici dei prezzi. Per tali negoziazioni, \u00e8 necessario avere pronti dei regolamenti campione. Sebbene la Legge sulle clausole di prezzo abbia creato agevolazioni per le clausole di adeguamento dei prezzi, tali adeguamenti sono ancora possibili solo entro limiti ristretti &#8211; e non sono ancora diffusi.<\/p>\n<p><a title=\"Contatti\" href=\"https:\/\/zdarsky-wirtschaftsrecht.de\/it\/contatti\">Per garantire che vengano fatte regolamentazioni efficaci, \u00e8 urgentemente necessaria una consulenza legale. Siamo felici di aiutare <\/a>.<\/p>\n","protected":false},"excerpt":{"rendered":"<p>Cambiamenti di prezzo nei mercati degli approvvigionamenti Progettazione contrattuale per cambiamenti di prezzo dei prodotti dei fornitori I cambiamenti di prezzo nei mercati delle materie prime assumono ripetutamente proporzioni drammatiche. Per i produttori, questo significa che si trovano di fronte a rischi incalcolabili. Da un lato, sono spesso vincolati per anni da accordi quadro con [&hellip;]<\/p>\n","protected":false},"author":5,"featured_media":0,"parent":0,"menu_order":0,"comment_status":"closed","ping_status":"closed","template":"","meta":{"footnotes":""},"class_list":["post-2075","page","type-page","status-publish","hentry"],"aioseo_notices":[],"_links":{"self":[{"href":"https:\/\/zdarsky-wirtschaftsrecht.de\/it\/wp-json\/wp\/v2\/pages\/2075","targetHints":{"allow":["GET"]}}],"collection":[{"href":"https:\/\/zdarsky-wirtschaftsrecht.de\/it\/wp-json\/wp\/v2\/pages"}],"about":[{"href":"https:\/\/zdarsky-wirtschaftsrecht.de\/it\/wp-json\/wp\/v2\/types\/page"}],"author":[{"embeddable":true,"href":"https:\/\/zdarsky-wirtschaftsrecht.de\/it\/wp-json\/wp\/v2\/users\/5"}],"replies":[{"embeddable":true,"href":"https:\/\/zdarsky-wirtschaftsrecht.de\/it\/wp-json\/wp\/v2\/comments?post=2075"}],"version-history":[{"count":1,"href":"https:\/\/zdarsky-wirtschaftsrecht.de\/it\/wp-json\/wp\/v2\/pages\/2075\/revisions"}],"predecessor-version":[{"id":2249,"href":"https:\/\/zdarsky-wirtschaftsrecht.de\/it\/wp-json\/wp\/v2\/pages\/2075\/revisions\/2249"}],"wp:attachment":[{"href":"https:\/\/zdarsky-wirtschaftsrecht.de\/it\/wp-json\/wp\/v2\/media?parent=2075"}],"curies":[{"name":"wp","href":"https:\/\/api.w.org\/{rel}","templated":true}]}}