{"id":2077,"date":"2016-11-18T11:17:56","date_gmt":"2016-11-18T10:17:56","guid":{"rendered":"https:\/\/zdarsky-wirtschaftsrecht.de\/marchio-ce"},"modified":"2025-11-14T11:44:53","modified_gmt":"2025-11-14T10:44:53","slug":"marchio-ce","status":"publish","type":"page","link":"https:\/\/zdarsky-wirtschaftsrecht.de\/it\/marchio-ce","title":{"rendered":"Marchio CE"},"content":{"rendered":"<h5>Base del marchio CE<\/h5>\n<p>La Legge sulla Sicurezza dei Prodotti (ProdSG) \u00e8, tra le altre cose, la base delle normative sul marchio CE. L&#8217;articolo 7 del ProdSG stabilisce che il marchio CE pu\u00f2 essere applicato solo se espressamente previsto da un regolamento ai sensi dell&#8217;articolo 8 del ProdSG.<\/p>\n<p>Al contrario, un prodotto non pu\u00f2 essere contrassegnato con il marchio CE se ci\u00f2 non \u00e8 consentito per prodotti di questo tipo da un regolamento ai sensi dell&#8217;articolo 8 del ProdSG.<\/p>\n<p>Questo sistema implica che non si pu\u00f2 fare pubblicit\u00e0 con il marchio CE &#8211; indipendentemente dal fatto che il prodotto debba portare il marchio o meno. Questo perch\u00e9 l&#8217;applicazione del marchio CE rappresenta un obbligo legale. In questo caso la pubblicit\u00e0 con l&#8217;indicazione del marchio sarebbe una pubblicit\u00e0 scontata e ci\u00f2 non \u00e8 ammissibile.<\/p>\n<p>A volte non \u00e8 facile riconoscere se si applica un regolamento specifico. In questi casi, una consulenza legale pu\u00f2 essere d&#8217;aiuto.<\/p>\n<p>In circostanze molto specifiche, la necessit\u00e0 del marchio CE per certi prodotti pu\u00f2 essere influenzata dalla dichiarazione per aree di applicazione specifiche o gruppi di persone. Per esempio, se si applica la Direttiva sulla Sicurezza dei Giocattoli, i prodotti sono soggetti al marchio CE che, in caso di uso per fasce d&#8217;et\u00e0 diverse dai bambini, potrebbero non essere soggetti al marchio CE. In questi casi, bisognerebbe scegliere e definire consapevolmente le aree di applicazione, soprattutto se si intende applicare un marchio CE.<\/p>\n<p>In collaborazione con ingegneri competenti, sosteniamo le aziende nell&#8217;adempimento degli obblighi per la valutazione della conformit\u00e0 e nella creazione dei prerequisiti per una corretta marcatura CE.<\/p>\n<p>Spesso, sar\u00e0 necessaria l&#8217;implementazione di un sistema di gestione della qualit\u00e0. Alla fine, questo promuove la qualit\u00e0 dei prodotti e pu\u00f2 quindi portare a un ulteriore successo sul mercato.<\/p>\n","protected":false},"excerpt":{"rendered":"<p>Base del marchio CE La Legge sulla Sicurezza dei Prodotti (ProdSG) \u00e8, tra le altre cose, la base delle normative sul marchio CE. L&#8217;articolo 7 del ProdSG stabilisce che il marchio CE pu\u00f2 essere applicato solo se espressamente previsto da un regolamento ai sensi dell&#8217;articolo 8 del ProdSG. Al contrario, un prodotto non pu\u00f2 essere [&hellip;]<\/p>\n","protected":false},"author":5,"featured_media":0,"parent":0,"menu_order":0,"comment_status":"closed","ping_status":"closed","template":"","meta":{"footnotes":""},"class_list":["post-2077","page","type-page","status-publish","hentry"],"aioseo_notices":[],"_links":{"self":[{"href":"https:\/\/zdarsky-wirtschaftsrecht.de\/it\/wp-json\/wp\/v2\/pages\/2077","targetHints":{"allow":["GET"]}}],"collection":[{"href":"https:\/\/zdarsky-wirtschaftsrecht.de\/it\/wp-json\/wp\/v2\/pages"}],"about":[{"href":"https:\/\/zdarsky-wirtschaftsrecht.de\/it\/wp-json\/wp\/v2\/types\/page"}],"author":[{"embeddable":true,"href":"https:\/\/zdarsky-wirtschaftsrecht.de\/it\/wp-json\/wp\/v2\/users\/5"}],"replies":[{"embeddable":true,"href":"https:\/\/zdarsky-wirtschaftsrecht.de\/it\/wp-json\/wp\/v2\/comments?post=2077"}],"version-history":[{"count":1,"href":"https:\/\/zdarsky-wirtschaftsrecht.de\/it\/wp-json\/wp\/v2\/pages\/2077\/revisions"}],"predecessor-version":[{"id":2323,"href":"https:\/\/zdarsky-wirtschaftsrecht.de\/it\/wp-json\/wp\/v2\/pages\/2077\/revisions\/2323"}],"wp:attachment":[{"href":"https:\/\/zdarsky-wirtschaftsrecht.de\/it\/wp-json\/wp\/v2\/media?parent=2077"}],"curies":[{"name":"wp","href":"https:\/\/api.w.org\/{rel}","templated":true}]}}