{"id":2087,"date":"2013-10-23T15:21:16","date_gmt":"2013-10-23T13:21:16","guid":{"rendered":"https:\/\/zdarsky-wirtschaftsrecht.de\/responsabilita-per-i-contenuti-incorporati"},"modified":"2013-10-23T15:21:16","modified_gmt":"2013-10-23T13:21:16","slug":"responsabilita-per-i-contenuti-incorporati","status":"publish","type":"page","link":"https:\/\/zdarsky-wirtschaftsrecht.de\/it\/responsabilita-per-i-contenuti-incorporati","title":{"rendered":"Responsabilit\u00e0 per i contenuti incorporati"},"content":{"rendered":"<h5>Link incorporati &#8211; Cosa sono?<\/h5>\n<p>I link incorporati ti permettono di mostrare contenuti di terzi sul tuo sito web come se fossero tuoi.<\/p>\n<p>Questi contenuti di terzi vengono mostrati sul tuo sito web. Nel caso deciso, questi contenuti di terzi venivano mostrati con un frame, a volte come un banner.<\/p>\n<p>Finora non era chiaro se e in quali condizioni la persona che incorpora tali contenuti di terzi fosse responsabile per violazioni legali, ad esempio se si verificassero violazioni del copyright con le immagini.<\/p>\n<h5>OLG Colonia (Sentenza del 16.03.2012, Caso n. 6 U 206\/11): Nessuna responsabilit\u00e0 per violazioni del copyright attraverso link incorporati<\/h5>\n<p>Con la sentenza dell&#8217;OLG Colonia del 16.03.2012, Caso n. 6 U 206\/11, il tribunale ha risposto a questa questione legale molto controversa e ha dichiarato che non si stabilisce una responsabilit\u00e0 per violazioni del copyright attraverso link incorporati.<\/p>\n<p>Nel caso deciso, parti di un catalogo online di un fornitore di viaggi sono state riprese dall&#8217;operatore di un sito web che ha ricevuto una lettera di diffida, in modo tale che il contenuto del tour operator fosse visualizzato in frame, il cui contenuto era alimentato tramite i cosiddetti link incorporati.<\/p>\n<p>Il tribunale regionale superiore \u00e8 dell&#8217;opinione che in un caso del genere, dove \u00e8 anche evidente per lo spettatore attraverso opportune notifiche che il contenuto non proviene dall&#8217;operatore del sito web stesso ma da terzi, non si debba vedere una violazione del copyright per il contenuto visualizzato.<\/p>\n<h5>Conseguenze per la pratica<\/h5>\n<p>Per evitare problemi di responsabilit\u00e0, si dovrebbe osservare quanto segue:<\/p>\n<ul>\n<li>Dovrebbe essere riconoscibile che la persona responsabile del sito web, come identificata nell&#8217;impronta, non controlla il contenuto reso visibile attraverso il framing, che \u00e8 memorizzato al di fuori della sua sfera di influenza.<\/li>\n<li>Non dovrebbero aver visibilmente adottato il contenuto come proprio.<\/li>\n<li>Il contenuto non dovrebbe poter essere visto dagli utenti di internet come proveniente dall&#8217;operatore.<\/li>\n<\/ul>\n<p>Quindi, non dovrebbe esserci responsabilit\u00e0 per violazioni legali attraverso il contenuto dei frame incorporati.<\/p>\n<p>\u00c8 utile un avviso chiaro posto all&#8217;inizio di ogni frame di questo tipo, che pu\u00f2 recitare come segue:<\/p>\n<p><i>\u201cQuesto servizio ti \u00e8 fornito da &#8230; Powered by ..\u201d<\/i><\/p>\n<p>Attraverso un tale avviso, un utente internet ragionevole (che \u00e8 lo standard per esaminare una possibile violazione legale) pu\u00f2 facilmente riconoscere che l&#8217;operatore del sito web non \u00e8 responsabile per il contenuto incorporato, ma offre semplicemente agli interessati un accesso pi\u00f9 facile a questo servizio di terzi.<\/p>\n<p>Non affrontato in modo conclusivo dall&#8217;OLG Colonia, ma presumibilmente approvato da esso, l&#8217;OLG Colonia suggerisce che il semplice framing non debba generalmente essere visto come un atto di sfruttamento del copyright da parte dell&#8217;operatore del sito web su cui si trova il link incorporato al contenuto di terzi. Nel caso contestato, tuttavia, ci\u00f2 non richiedeva una decisione finale, poich\u00e9 il Senato aveva gi\u00e0 concluso dalle considerazioni di cui sopra che non c&#8217;era un atto di violazione.<\/p>\n<p>Almeno nei casi in cui c&#8217;\u00e8 un&#8217;indicazione corrispondentemente chiara che l&#8217;informazione incorporata \u00e8 contenuto di terzi, probabilmente non si assumer\u00e0 pi\u00f9 una violazione del copyright.<\/p>\n<p>Puoi trovare la decisione nel <a title=\"Testo completo della decisione OLG Colonia, 6 U 206\/11\" href=\"http:\/\/www.justiz.nrw.de\/nrwe\/olgs\/koeln\/j2012\/6_U_206_11_Urteil_20120316.html\" target=\"_blank\" rel=\"noopener noreferrer\">database della giurisprudenza NRW<\/a><b><i><br \/>\n<\/i><\/b><\/p>\n","protected":false},"excerpt":{"rendered":"<p>Link incorporati &#8211; Cosa sono? I link incorporati ti permettono di mostrare contenuti di terzi sul tuo sito web come se fossero tuoi. Questi contenuti di terzi vengono mostrati sul tuo sito web. Nel caso deciso, questi contenuti di terzi venivano mostrati con un frame, a volte come un banner. Finora non era chiaro se [&hellip;]<\/p>\n","protected":false},"author":5,"featured_media":0,"parent":0,"menu_order":0,"comment_status":"closed","ping_status":"closed","template":"","meta":{"footnotes":""},"class_list":["post-2087","page","type-page","status-publish","hentry"],"aioseo_notices":[],"_links":{"self":[{"href":"https:\/\/zdarsky-wirtschaftsrecht.de\/it\/wp-json\/wp\/v2\/pages\/2087","targetHints":{"allow":["GET"]}}],"collection":[{"href":"https:\/\/zdarsky-wirtschaftsrecht.de\/it\/wp-json\/wp\/v2\/pages"}],"about":[{"href":"https:\/\/zdarsky-wirtschaftsrecht.de\/it\/wp-json\/wp\/v2\/types\/page"}],"author":[{"embeddable":true,"href":"https:\/\/zdarsky-wirtschaftsrecht.de\/it\/wp-json\/wp\/v2\/users\/5"}],"replies":[{"embeddable":true,"href":"https:\/\/zdarsky-wirtschaftsrecht.de\/it\/wp-json\/wp\/v2\/comments?post=2087"}],"version-history":[{"count":0,"href":"https:\/\/zdarsky-wirtschaftsrecht.de\/it\/wp-json\/wp\/v2\/pages\/2087\/revisions"}],"wp:attachment":[{"href":"https:\/\/zdarsky-wirtschaftsrecht.de\/it\/wp-json\/wp\/v2\/media?parent=2087"}],"curies":[{"name":"wp","href":"https:\/\/api.w.org\/{rel}","templated":true}]}}