{"id":2088,"date":"2013-10-23T15:21:29","date_gmt":"2013-10-23T13:21:29","guid":{"rendered":"https:\/\/zdarsky-wirtschaftsrecht.de\/diritto-commerciale-e-societario"},"modified":"2013-10-23T15:21:29","modified_gmt":"2013-10-23T13:21:29","slug":"diritto-commerciale-e-societario","status":"publish","type":"page","link":"https:\/\/zdarsky-wirtschaftsrecht.de\/it\/diritto-commerciale-e-societario","title":{"rendered":"Diritto commerciale e societario"},"content":{"rendered":"<h5>Diritto commerciale e societario<\/h5>\n<p>La scelta della \u201cgiusta\u201d <b>forma giuridica<\/b> \u00e8 di fondamentale importanza per il successo dell&#8217;attivit\u00e0 economica di un imprenditore. I fondatori devono decidere su una forma giuridica prima di comparire nelle transazioni commerciali. Dopo la <b>costituzione della societ\u00e0<\/b>, le decisioni direzionali imprenditoriali forniscono ripetutamente occasioni per mettere in discussione la forma giuridica esistente. Lo stesso vale per i cambiamenti nella struttura degli azionisti, nelle <\/p>\n<ul>\n<li><b>Ristrutturazioni aziendali,<\/b><\/li>\n<li><b>Successioni aziendali<\/b> o<\/li>\n<li><b>Vendite di aziende<\/b>.<\/li>\n<\/ul>\n<h5>Scelta della forma giuridica<\/h5>\n<p>Nella scelta della forma giuridica, una moltitudine di esigenze e requisiti individuali del caso specifico devono essere considerati e soppesati. Gli aspetti del <b>diritto societario<\/b> e del <b>diritto tributario<\/b> forniscono i criteri decisionali pi\u00f9 importanti, soprattutto per la scelta della giusta <b>organizzazione di distribuzione<\/b>. Tuttavia, anche il <b>diritto di famiglia<\/b>, il <b>diritto successorio<\/b> <b>e il diritto del lavoro<\/b> sono importanti nella scelta della forma giuridica o nella ristrutturazione. Tutte le aree legali sono coperte da noi, in collaborazione con uno studio di consulenza fiscale. I nostri clienti ricevono cos\u00ec una consulenza \u201cda un&#8217;unica fonte\u201d. Consigliamo e accompagniamo i nostri clienti nella costituzione di societ\u00e0 di persone o di capitali fino alla loro liquidazione, nonch\u00e9 nelle trasformazioni. I nostri servizi di consulenza sono anche particolarmente rivolti alle <b>organizzazioni senza scopo di lucro<\/b>.<\/p>\n<p>Rischi e costi possono spesso essere minimizzati attraverso un&#8217;organizzazione su misura di una societ\u00e0. Qui siamo al tuo fianco con consigli e azioni.<\/p>\n<p>Da un lato, chiariamo &#8211; volentieri in collaborazione con il tuo consulente fiscale o i nostri partner di cooperazione a questo riguardo &#8211; cosa \u00e8 consigliabile dal punto di vista del diritto tributario; inoltre, bisogna sempre considerare se \u00e8 necessaria una limitazione di responsabilit\u00e0. Nella selezione delle possibili opzioni di progettazione, prestiamo attenzione, tra le altre cose, all&#8217;ambito previsto e prevedibile, se applicabile alle questioni di successione, alle opzioni di disinvestimento future, ma anche ad esempio alle aspettative del mercato. Per esempio, per un&#8217;attivit\u00e0 che opera principalmente via Internet, potrebbe essere meno importante quale forma giuridica \u00e8 sulla carta intestata. Qui, una \u201cpiccola\u201d GmbH, la cosiddetta Unternehmergesellschaft (haftungsbeschr\u00e4nkt) [entrepreneurial company (limited liability)] pu\u00f2 essere esattamente quella giusta. D&#8217;altra parte, il potenziale cliente nel settore commerciale, che potrebbe voler gestire volumi d&#8217;affari pi\u00f9 grandi, dar\u00e0 un valore considerevolmente maggiore a un minimo di capitale sociale. Un tale cliente si aspetter\u00e0 almeno una GmbH come forma giuridica, in modo che sia disponibile almeno un capitale sociale di 25.000,00 EUR come massa di responsabilit\u00e0.<\/p>\n<p>In altre costellazioni, potrebbero essere consigliate forme miste, come la GmbH Co. KG o la UG (haftungsbeschr\u00e4nkt) Co. KG.<\/p>\n<p>Il nostro approccio di consulenza mira sempre anche ad anticipare e evidenziare possibili situazioni di conflitto fin dall&#8217;inizio. Questo mette il cliente in grado di anticipare conflitti e problemi in un&#8217;atmosfera rilassata in anticipo e di chiarirli con potenziali partner di cooperazione o futuri co-azionisti in anticipo. L&#8217;esperienza insegna che questo aiuta a prevenire del tutto tali conflitti &#8211; o almeno a risolverli pi\u00f9 facilmente.<\/p>\n<p>Naturalmente, ti supportiamo anche in trattative concrete con futuri co-azionisti, in questioni di vendita di quote societarie e in controversie di diritto societario.<\/p>\n<p>Un focus del nostro supporto \u00e8 anche la consulenza riguardante questioni legali di distribuzione o organizzazioni di distribuzione.<\/p>\n<h5>Controversie tra azionisti<\/h5>\n<p>Le <b>controversie tra azionisti<\/b> compromettono significativamente l&#8217;attivit\u00e0 operativa di un&#8217;azienda. Ti rappresentiamo in controversie tra azionisti sulla validit\u00e0 delle delibere degli azionisti, sui diritti di appartenenza o sulle misure di gestione.<\/p>\n<p>Ti consigliamo anche su questioni legali di distribuzione o <b>organizzazione della distribuzione<\/b>. In quest&#8217;area, \u00e8 di fondamentale importanza quali forme contrattuali l&#8217;imprenditore sceglie con agenti commerciali, rivenditori autorizzati, intermediari, ecc.<\/p>\n","protected":false},"excerpt":{"rendered":"<p>Diritto commerciale e societario La scelta della \u201cgiusta\u201d forma giuridica \u00e8 di fondamentale importanza per il successo dell&#8217;attivit\u00e0 economica di un imprenditore. I fondatori devono decidere su una forma giuridica prima di comparire nelle transazioni commerciali. Dopo la costituzione della societ\u00e0, le decisioni direzionali imprenditoriali forniscono ripetutamente occasioni per mettere in discussione la forma giuridica [&hellip;]<\/p>\n","protected":false},"author":5,"featured_media":0,"parent":0,"menu_order":0,"comment_status":"closed","ping_status":"closed","template":"","meta":{"footnotes":""},"class_list":["post-2088","page","type-page","status-publish","hentry"],"aioseo_notices":[],"_links":{"self":[{"href":"https:\/\/zdarsky-wirtschaftsrecht.de\/it\/wp-json\/wp\/v2\/pages\/2088","targetHints":{"allow":["GET"]}}],"collection":[{"href":"https:\/\/zdarsky-wirtschaftsrecht.de\/it\/wp-json\/wp\/v2\/pages"}],"about":[{"href":"https:\/\/zdarsky-wirtschaftsrecht.de\/it\/wp-json\/wp\/v2\/types\/page"}],"author":[{"embeddable":true,"href":"https:\/\/zdarsky-wirtschaftsrecht.de\/it\/wp-json\/wp\/v2\/users\/5"}],"replies":[{"embeddable":true,"href":"https:\/\/zdarsky-wirtschaftsrecht.de\/it\/wp-json\/wp\/v2\/comments?post=2088"}],"version-history":[{"count":0,"href":"https:\/\/zdarsky-wirtschaftsrecht.de\/it\/wp-json\/wp\/v2\/pages\/2088\/revisions"}],"wp:attachment":[{"href":"https:\/\/zdarsky-wirtschaftsrecht.de\/it\/wp-json\/wp\/v2\/media?parent=2088"}],"curies":[{"name":"wp","href":"https:\/\/api.w.org\/{rel}","templated":true}]}}