{"id":2089,"date":"2013-10-23T15:21:50","date_gmt":"2013-10-23T13:21:50","guid":{"rendered":"https:\/\/zdarsky-wirtschaftsrecht.de\/termini-e-condizioni-generali"},"modified":"2013-10-23T15:21:50","modified_gmt":"2013-10-23T13:21:50","slug":"termini-e-condizioni-generali","status":"publish","type":"page","link":"https:\/\/zdarsky-wirtschaftsrecht.de\/it\/termini-e-condizioni-generali","title":{"rendered":"Termini e condizioni generali"},"content":{"rendered":"<h1>Termini e condizioni<\/h1>\n<p><b>Diritto contrattuale e termini e condizioni generali (TCG)<\/b><\/p>\n<p>I contratti servono principalmente a evitare discussioni. Per questo, devono regolare in modo chiaro e preciso tutti i diritti delle parti coinvolte. Questa consapevolezza \u00e8 diffusa per le transazioni commerciali straordinarie (partner contrattuali in un paese non europeo, forme contrattuali rare). Tuttavia, lo stesso principio vale per le transazioni quotidiane apparentemente standard.<\/p>\n<p>L&#8217;affermazione: \u201cLi conosco da anni&#8230;\u201d viene riconosciuta come pericolosa al pi\u00f9 tardi quando il partner contrattuale incontra problemi economici, magari diventa addirittura insolvente, o cambia la persona di contatto. Allora, di regola, conta solo la parola scritta, poich\u00e9 solo questa \u00e8 dimostrabile. Quindi, una buona e chiara base contrattuale \u00e8 di massima importanza, anche se \u201cci si conosce cos\u00ec bene\u201d. Siamo felici di aiutare a sviluppare contratti con cui entrambe le parti si sentano a proprio agio.<\/p>\n<p><strong>Le aree principali della nostra consulenza sono<\/strong><\/p>\n<ul>\n<li><b>Revisione e creazione <\/b>di <b>termini e condizioni generali (TCG) <\/b>per <b>attivit\u00e0 di fornitura e acquisto inter-industriale <\/b>cos\u00ec come per relazioni contrattuali con il commercio (condizioni di acquisto e condizioni di vendita)<\/li>\n<li><b>Questioni di garanzia, inclusa la stesura di dichiarazioni di garanzia<\/b><\/li>\n<li>Supporto in <b>controversie riguardanti contratti di fornitura, contratti di acquisto e condizioni di vendita<\/b><\/li>\n<\/ul>\n<p>Il diritto contrattuale ha subito cambiamenti significativi a causa della cosiddetta riforma del diritto delle obbligazioni, entrata in vigore il 1\u00b0 gennaio 2002. Ancora oggi, numerosi effetti di questi cambiamenti legislativi ormai lontani rimangono poco chiari a causa della mancanza di sentenze della corte suprema. \u00c8 quindi ancora pi\u00f9 importante proteggersi al meglio dalle possibili conseguenze negative e condurre una valutazione del rischio.<\/p>\n<p>Inoltre, siamo disponibili per altre domande relative ai contratti, che si tratti di contratti di servizio o d&#8217;opera, prestiti, garanzie o accordi di intermediazione.<\/p>\n<h5>Termini e condizioni su misura<\/h5>\n<p>I modelli per termini e condizioni, sia per l&#8217;acquisto che per la vendita, sono essenziali in caso di emergenza.<\/p>\n<p>Ci sono sicuramente molti &#8211; inclusi alcuni buoni &#8211; modelli disponibili su internet o dalle associazioni di categoria. Questi possono essere una buona linea guida. Tuttavia, \u00e8 consigliabile utilizzare termini e condizioni su misura per l&#8217;acquisto o la vendita a causa delle peculiarit\u00e0 sempre presenti del proprio modello di business, clienti o acquirenti. Solo attraverso una consulenza individuale si possono tenere in considerazione le specificit\u00e0 rilevanti per te.<\/p>\n<h5>Quali potrebbero essere queste specificit\u00e0?<\/h5>\n<p>L&#8217;approvvigionamento di merci dall&#8217;Estremo Oriente richiede sempre un esame speciale delle condizioni e la preparazione dei contratti. Qui, \u00e8 particolarmente importante considerare i termini di pagamento, le questioni assicurative, lo sdoganamento e il trasferimento del rischio.<\/p>\n<p>Cosa succede se la nave affonda o viene dirottata, se la consegna \u00e8 in ritardo, rubata o affonda?<\/p>\n<p>Ci sono possibilmente usi commerciali adatti, come quelli forniti dall&#8217;ICC a Parigi sotto forma dei cosiddetti INCOTERMS?<\/p>\n<p>Quando ci si approvvigiona da o si consegna a paesi arabi o alla Russia, per fare solo alcuni esempi, bisogna considerare come risolvere i conflitti in caso di controversia in modo che la decisione possa essere effettivamente applicata. Quale legge dovrebbe essere applicata?<\/p>\n<p>Ci sono opzioni extragiudiziali per la risoluzione delle controversie? \u00c8 sensato un accordo di arbitrato?<\/p>\n","protected":false},"excerpt":{"rendered":"<p>Termini e condizioni Diritto contrattuale e termini e condizioni generali (TCG) I contratti servono principalmente a evitare discussioni. Per questo, devono regolare in modo chiaro e preciso tutti i diritti delle parti coinvolte. Questa consapevolezza \u00e8 diffusa per le transazioni commerciali straordinarie (partner contrattuali in un paese non europeo, forme contrattuali rare). Tuttavia, lo stesso [&hellip;]<\/p>\n","protected":false},"author":5,"featured_media":0,"parent":0,"menu_order":0,"comment_status":"closed","ping_status":"closed","template":"","meta":{"footnotes":""},"class_list":["post-2089","page","type-page","status-publish","hentry"],"aioseo_notices":[],"_links":{"self":[{"href":"https:\/\/zdarsky-wirtschaftsrecht.de\/it\/wp-json\/wp\/v2\/pages\/2089","targetHints":{"allow":["GET"]}}],"collection":[{"href":"https:\/\/zdarsky-wirtschaftsrecht.de\/it\/wp-json\/wp\/v2\/pages"}],"about":[{"href":"https:\/\/zdarsky-wirtschaftsrecht.de\/it\/wp-json\/wp\/v2\/types\/page"}],"author":[{"embeddable":true,"href":"https:\/\/zdarsky-wirtschaftsrecht.de\/it\/wp-json\/wp\/v2\/users\/5"}],"replies":[{"embeddable":true,"href":"https:\/\/zdarsky-wirtschaftsrecht.de\/it\/wp-json\/wp\/v2\/comments?post=2089"}],"version-history":[{"count":0,"href":"https:\/\/zdarsky-wirtschaftsrecht.de\/it\/wp-json\/wp\/v2\/pages\/2089\/revisions"}],"wp:attachment":[{"href":"https:\/\/zdarsky-wirtschaftsrecht.de\/it\/wp-json\/wp\/v2\/media?parent=2089"}],"curies":[{"name":"wp","href":"https:\/\/api.w.org\/{rel}","templated":true}]}}