{"id":2090,"date":"2013-10-23T15:21:23","date_gmt":"2013-10-23T13:21:23","guid":{"rendered":"https:\/\/zdarsky-wirtschaftsrecht.de\/richiesta-di-pagamento-per-presunto-abbonamento"},"modified":"2025-11-11T16:20:11","modified_gmt":"2025-11-11T15:20:11","slug":"richiesta-di-pagamento-per-presunto-abbonamento","status":"publish","type":"page","link":"https:\/\/zdarsky-wirtschaftsrecht.de\/it\/richiesta-di-pagamento-per-presunto-abbonamento","title":{"rendered":"Richiesta di pagamento per presunto abbonamento"},"content":{"rendered":"<h1>Richieste di pagamento per presunto abbonamento<\/h1>\n<p>Cosa si dovrebbe fare quando si riceve una richiesta di pagamento?<\/p>\n<p>Di tanto in tanto, i fornitori di servizi internet cercano di attirare i consumatori in abbonamenti attraverso siti web abilmente camuffati, che a volte vengono persino esplicitamente pubblicizzati come \u201cgratuiti\u201d attraverso la scelta del nome di dominio o in testi in evidenza.<\/p>\n<p>L&#8217;\u201cabbonamento\u201d viene spesso concluso in modo tale che cliccando su un pulsante di conferma, si attui l&#8217;accettazione dei termini e condizioni del gestore del sito, che dichiarano in un punto oscuro che cliccando sul pulsante si sottoscrive un abbonamento. L&#8217;esperienza dimostra che quasi nessun consumatore legge tali termini e condizioni. Ciononostante, viene poi inviata una fattura &#8211; di solito dopo 5-6 settimane e quindi molto dopo la scadenza di qualsiasi periodo di recesso &#8211; riferendosi al presunto abbonamento e mostrando un importo di 96,00 euro o pi\u00f9 per 12 o 24 mesi.<\/p>\n<p>Il disagio che ne deriva \u00e8 di solito notevole. La prima reazione \u00e8 spesso un senso di colpa &#8211; e molti destinatari di tali \u201cfatture\u201d pagano &#8211; un enorme business per il fornitore.<\/p>\n<h5>Ma come si dovrebbe reagire correttamente?<\/h5>\n<p>Quando si riceve una tale richiesta di pagamento, riferita a un presunto abbonamento che tu o, ad esempio, i tuoi figli avreste sottoscritto, dovresti cercare di documentare immediatamente l&#8217;aspetto attuale del sito web attraverso screenshot. Un&#8217;attenzione particolare dovrebbe essere prestata nelle condizioni in cui e &#8211; in caso affermativo &#8211; dove vengono fornite informazioni su tariffe o abbonamenti.<\/p>\n<p>Si dovrebbe anche documentare se c&#8217;\u00e8 un pulsante con contenuti del tipo: \u201cOrdina ora a pagamento\u201d, \u201cacquista\u201d o etichette simili chiaramente identificabili. Se questo non \u00e8 il caso, qualsiasi contratto sarebbe invalido a causa della violazione del nuovo obbligo del pulsante.<\/p>\n<p>Per motivi di sicurezza, \u00e8 anche consigliabile opporsi immediatamente alla richiesta di pagamento e, in via precauzionale, \u201cin alternativa\u201d disdire il presunto abbonamento, ad esempio con una formulazione del tipo:<\/p>\n<p><b>Con la presente vi informo che, per quanto ne so, non ho sottoscritto alcun abbonamento. Pertanto, non pagher\u00f2 la fattura e la rifiuto come non autorizzata. In via precauzionale, revoco il contratto presuntamente concluso e &#8211; sempre in via precauzionale &#8211; disdico il presunto abbonamento alla prima data possibile. Non risponder\u00f2 ad ulteriori richieste di pagamento in quanto non ho stipulato alcun contratto. <\/b><\/p>\n<p>Con una lettera di questo tipo, che dovresti inviare al mittente tramite raccomandata con ricevuta di ritorno, hai inizialmente contestato la conclusione del contratto e dichiarato la tua posizione legale.<\/p>\n<p>Ulteriori reazioni a lettere del presunto fornitore o di uno studio legale o di una societ\u00e0 di recupero crediti da esso incaricata non sono poi legalmente pi\u00f9 necessarie. L&#8217;esperienza dimostra che le lettere diventano sempre pi\u00f9 \u201cminacciose\u201d nella loro formulazione. Spesso, viene costruita una pressione psicologica per persuadere il destinatario a pagare comunque.<\/p>\n<p>Il problema \u00e8: Pi\u00f9 consumatori pagano, pi\u00f9 \u00e8 probabile che ci\u00f2 incoraggi la ripetizione o l&#8217;imitazione. Quindi, la regola \u00e8: Non cadere in trappola, procedi con l\u2019archiviazione della lettere, senza rispondere e n\u00e9 tantomeno pagare.<\/p>\n<p>Tuttavia, \u00e8 importante presentare un&#8217;opposizione in tempo utile nel &#8211; estremamente raro &#8211; caso di ricevimento di un&#8217;ingiunzione di pagamento o addirittura di una causa contro l&#8217;ingiunzione del tribunale. Se viene effettivamente avviata una procedura di ingiunzione o un procedimento giudiziario, \u00e8 regolarmente sensato e necessario consultare un avvocato. Per quanto ne sappiamo, le cause si verificano solo nei casi pi\u00f9 rari.<\/p>\n<h5>Possibile denuncia penale<\/h5>\n<p>Puoi anche presentare una denuncia penale alla polizia o alla procura. \u00c8 consigliabile presentarla per iscritto, allegando le prove, cio\u00e8 le lettere della controparte e anche gli screenshot effettuati. Se applicabile, puoi ora fare riferimento anche alla suddetta decisione dell&#8217;OLG Frankfurt.<\/p>\n<p>Tuttavia, in ogni caso, dovresti opporti in modo verificabile alla fattura, come spiegato pi\u00f9 dettagliatamente sopra.<\/p>\n<p>Leggi anche il <a title=\"Trappole di abbonamento su internet\" href=\"https:\/\/zdarsky-wirtschaftsrecht.de\/it\/trappole-di-abbonamento-su-internet\">riassunto della decisione sulle trappole di abbonamento su Internet<\/a>.<b><i> <\/i><\/b><\/p>\n<h5><b>Aiuto attraverso la soluzione del pulsante?<\/b><\/h5>\n<p>Importante: Adesso \u00e8 sempre necessario controllare se la soluzione col pulsante \u00e8 stata osservata durante il presunto processo d&#8217;ordine. Se non sei del tutto sicuro di questo, <a title=\"Contatti\" href=\"https:\/\/zdarsky-wirtschaftsrecht.de\/it\/contatti\">dovresti chiedere consiglio<\/a>.<\/p>\n","protected":false},"excerpt":{"rendered":"<p>Richieste di pagamento per presunto abbonamento Cosa si dovrebbe fare quando si riceve una richiesta di pagamento? Di tanto in tanto, i fornitori di servizi internet cercano di attirare i consumatori in abbonamenti attraverso siti web abilmente camuffati, che a volte vengono persino esplicitamente pubblicizzati come \u201cgratuiti\u201d attraverso la scelta del nome di dominio o [&hellip;]<\/p>\n","protected":false},"author":5,"featured_media":0,"parent":0,"menu_order":0,"comment_status":"closed","ping_status":"closed","template":"","meta":{"footnotes":""},"class_list":["post-2090","page","type-page","status-publish","hentry"],"aioseo_notices":[],"_links":{"self":[{"href":"https:\/\/zdarsky-wirtschaftsrecht.de\/it\/wp-json\/wp\/v2\/pages\/2090","targetHints":{"allow":["GET"]}}],"collection":[{"href":"https:\/\/zdarsky-wirtschaftsrecht.de\/it\/wp-json\/wp\/v2\/pages"}],"about":[{"href":"https:\/\/zdarsky-wirtschaftsrecht.de\/it\/wp-json\/wp\/v2\/types\/page"}],"author":[{"embeddable":true,"href":"https:\/\/zdarsky-wirtschaftsrecht.de\/it\/wp-json\/wp\/v2\/users\/5"}],"replies":[{"embeddable":true,"href":"https:\/\/zdarsky-wirtschaftsrecht.de\/it\/wp-json\/wp\/v2\/comments?post=2090"}],"version-history":[{"count":2,"href":"https:\/\/zdarsky-wirtschaftsrecht.de\/it\/wp-json\/wp\/v2\/pages\/2090\/revisions"}],"predecessor-version":[{"id":2244,"href":"https:\/\/zdarsky-wirtschaftsrecht.de\/it\/wp-json\/wp\/v2\/pages\/2090\/revisions\/2244"}],"wp:attachment":[{"href":"https:\/\/zdarsky-wirtschaftsrecht.de\/it\/wp-json\/wp\/v2\/media?parent=2090"}],"curies":[{"name":"wp","href":"https:\/\/api.w.org\/{rel}","templated":true}]}}