{"id":2093,"date":"2013-10-23T15:20:17","date_gmt":"2013-10-23T13:20:17","guid":{"rendered":"https:\/\/zdarsky-wirtschaftsrecht.de\/valutazione-dei-marchi"},"modified":"2025-11-11T15:53:24","modified_gmt":"2025-11-11T14:53:24","slug":"valutazione-dei-marchi","status":"publish","type":"page","link":"https:\/\/zdarsky-wirtschaftsrecht.de\/it\/valutazione-dei-marchi","title":{"rendered":"Valutazione dei marchi"},"content":{"rendered":"<p><b>Importanza dei marchi per le vendite dei prodotti<\/b><\/p>\n<p>I marchi permettono di posizionare in modo prominente i propri prodotti rispetto a quelli simili dei concorrenti.<\/p>\n<p>Un marchio riconosciuto e apprezzato dai clienti non solo facilita la vendita dei prodotti. Ma offre la possibilit\u00e0 di chiedere un prezzo pi\u00f9 alto per la merce. Il cliente \u00e8 disposto a pagare di pi\u00f9 per prodotti venduti sotto un marchio noto. Questo pu\u00f2 aumentare i profitti.<\/p>\n<p>Per ottenere tale apprezzamento, per\u00f2, le aziende devono fare sforzi in termini di pubblicit\u00e0 e promozione, oltre a permettere una maggiore valorizzazione dell&#8217;azienda.<\/p>\n<h5>Vendita di marchi<\/h5>\n<p>Dato che le vendite dei prodotti sono promosse attraverso l&#8217;uso dei marchi, \u00e8 ovvio che i marchi vengano sempre pi\u00f9 commercializzati. Questo avviene in parte sotto forma di acquisizione di intere aziende o parti di esse per entrare in possesso dei marchi associati.<\/p>\n<p>Tuttavia, c&#8217;\u00e8 anche la possibilit\u00e0 di acquisire un marchio come tale senza altre parti dell&#8217;azienda o un marchio insieme all&#8217;invenzione o all&#8217;idea di prodotto associata.<\/p>\n<p>In questi casi, sorge regolarmente il problema di come arrivare a un prezzo appropriato per il marchio da acquisire.<\/p>\n<p>La domanda e l&#8217;offerta determinano regolarmente il prezzo. Tuttavia, questo principio generale raramente permette di determinare un prezzo veramente appropriato calcolato secondo principi economici.<\/p>\n<h5>Valutazione dei marchi<\/h5>\n<p>Prima di acquisire un marchio, \u00e8 quindi di particolare importanza avere criteri comprensibili per valutarne il valore.<\/p>\n<p><strong>Per quanto riguarda la misurazione del valore, ci sono molti approcci diversi, tra cui (secondo Fezer, Commento al diritto dei marchi):<\/strong><\/p>\n<ul>\n<li>Si pu\u00f2 misurare la valutazione in base a come cambia il profitto a causa del marchio specifico (metodo di determinazione del profitto in eccesso).<\/li>\n<li>Si determina il risultato aggiuntivo che un&#8217;azienda ottiene attraverso l&#8217;uso del marchio (metodo del contributo al risultato).<\/li>\n<li>Si determina il prezzo comparabile che si otterrebbe per il prodotto se il marchio non fosse usato (metodo del prezzo comparativo).<\/li>\n<li>Si cerca di determinare un cosiddetto valore di mercato (metodo del valore di mercato).<\/li>\n<li>Sono concepibili altri metodi che stabiliscono priorit\u00e0 diverse.<\/li>\n<\/ul>\n<p>Dalla nostra esperienza, non esiste un unico metodo corretto. A seconda dell&#8217;occasione di valutazione, si deve piuttosto scegliere l&#8217;approccio idoneo.<\/p>\n<p><strong>Dipende sempre da diverse delle seguenti domande:<\/strong><\/p>\n<ul>\n<li>Quanto \u00e8 vecchio il marchio?<\/li>\n<li>Quanto intensamente viene usato il marchio?<\/li>\n<li>C&#8217;\u00e8 un avviamento riconoscibile\/determinabile tra i clienti?<\/li>\n<li>Qual \u00e8 la situazione competitiva?<\/li>\n<\/ul>\n<p><strong>Gli aspetti giuridicamente rilevanti che determinano significativamente il valore includono:<\/strong><\/p>\n<ul>\n<li>Come \u00e8 stato mantenuto il marchio in passato?<\/li>\n<li>Quali misure legali sono state prese per ottenere la protezione del marchio pi\u00f9 ampia possibile?<\/li>\n<li>Si tratta di marchi denominativi o figurativi?<\/li>\n<li>C&#8217;\u00e8 una famiglia di marchi?<\/li>\n<\/ul>\n<h5>Integrazione di fattori legali ed economici<\/h5>\n<p>Particolarmente importante per la valutazione \u00e8 l&#8217;integrazione di conoscenze economiche e legali in una valutazione complessiva che fornisca una base affidabile per il processo decisionale.<\/p>\n<p>Le opportunit\u00e0 e i rischi dovrebbero sempre essere determinati in anticipo rispetto all&#8217;obiettivo desiderato &#8211; valutazione in generale o prima di un&#8217;acquisizione o una vendita.<\/p>\n<p>In definitiva, applicare un modello qui non aiuta, ma solo una valutazione su misura adattata alla situazione specifica. In questo modo, soprattutto nei processi decisionali che spesso devono essere presi in finestre temporali brevissime, in particolare durante le vendite, si possono stabilire in anticipo degli standard che poi aiutano a evitare incertezze e soprattutto, purtroppo, ricorrenti gravi errori di valutazione e decisioni sbagliate.<\/p>\n<p>Non esiste una valutazione definitivamente corretta, come dimostrano ripetutamente in modo vivido studi indipendenti, che arrivano a deviazioni talvolta di diverse centinaia di punti percentuali. \u00c8 tanto pi\u00f9 utile valutare tempestivamente un marchio o una famiglia di marchi, possibilmente includendo il nome dell&#8217;azienda, potenziali registrazioni di domini e altre posizioni legali registrate o non registrate.<\/p>\n<p>L&#8217;esperienza mostra che in quest&#8217;area si verificano frequentemente errori di valutazione significativi. Acquisizioni o vendite sensate non si concretizzano, un&#8217;offerta ragionevole e buona non viene riconosciuta; una delle due parti contraenti si sente sfruttata durante un follow-up.<\/p>\n<p>Pertanto, le valutazioni potrebbero mostrarsi inutili. Spesso, per\u00f2, le stesse assicurano l\u2019azienda di non incorrere in determinati errori.<\/p>\n","protected":false},"excerpt":{"rendered":"<p>Importanza dei marchi per le vendite dei prodotti I marchi permettono di posizionare in modo prominente i propri prodotti rispetto a quelli simili dei concorrenti. Un marchio riconosciuto e apprezzato dai clienti non solo facilita la vendita dei prodotti. Ma offre la possibilit\u00e0 di chiedere un prezzo pi\u00f9 alto per la merce. Il cliente \u00e8 [&hellip;]<\/p>\n","protected":false},"author":5,"featured_media":0,"parent":0,"menu_order":0,"comment_status":"closed","ping_status":"closed","template":"","meta":{"footnotes":""},"class_list":["post-2093","page","type-page","status-publish","hentry"],"aioseo_notices":[],"_links":{"self":[{"href":"https:\/\/zdarsky-wirtschaftsrecht.de\/it\/wp-json\/wp\/v2\/pages\/2093","targetHints":{"allow":["GET"]}}],"collection":[{"href":"https:\/\/zdarsky-wirtschaftsrecht.de\/it\/wp-json\/wp\/v2\/pages"}],"about":[{"href":"https:\/\/zdarsky-wirtschaftsrecht.de\/it\/wp-json\/wp\/v2\/types\/page"}],"author":[{"embeddable":true,"href":"https:\/\/zdarsky-wirtschaftsrecht.de\/it\/wp-json\/wp\/v2\/users\/5"}],"replies":[{"embeddable":true,"href":"https:\/\/zdarsky-wirtschaftsrecht.de\/it\/wp-json\/wp\/v2\/comments?post=2093"}],"version-history":[{"count":2,"href":"https:\/\/zdarsky-wirtschaftsrecht.de\/it\/wp-json\/wp\/v2\/pages\/2093\/revisions"}],"predecessor-version":[{"id":2231,"href":"https:\/\/zdarsky-wirtschaftsrecht.de\/it\/wp-json\/wp\/v2\/pages\/2093\/revisions\/2231"}],"wp:attachment":[{"href":"https:\/\/zdarsky-wirtschaftsrecht.de\/it\/wp-json\/wp\/v2\/media?parent=2093"}],"curies":[{"name":"wp","href":"https:\/\/api.w.org\/{rel}","templated":true}]}}