{"id":2095,"date":"2013-10-23T15:21:10","date_gmt":"2013-10-23T13:21:10","guid":{"rendered":"https:\/\/zdarsky-wirtschaftsrecht.de\/trappole-di-abbonamento-su-internet"},"modified":"2025-11-11T16:09:49","modified_gmt":"2025-11-11T15:09:49","slug":"trappole-di-abbonamento-su-internet","status":"publish","type":"page","link":"https:\/\/zdarsky-wirtschaftsrecht.de\/it\/trappole-di-abbonamento-su-internet","title":{"rendered":"Trappole di abbonamento su internet"},"content":{"rendered":"<p><b>Trappole di abbonamento nascoste<\/b><\/p>\n<p>Su internet, purtroppo i clienti si ritrovano spesso ad aver sottoscritto un presunto abbonamento senza volerlo o saperlo. Di solito la fattura arriva solo dopo che il periodo di cancellazione \u00e8 scaduto.<\/p>\n<p>Se la fattura non viene pagata, seguono subito solleciti severi e lettere da avvocati o agenzie di recupero crediti con ulteriori richieste che spesso superano di gran lunga le quote di abbonamento.<\/p>\n<p>Spesso, chi riceve queste lettere paga per paura di ulteriori ritorsioni. Ma \u00e8 sensato? Come bisognerebbe reagire correttamente? Cosa dicono i tribunali?<\/p>\n<h5>OLG Frankfurt (Decisione del 17.12.2010, Caso n. 1 Ws 29\/09): Frode ipotizzabile<\/h5>\n<p>Con la decisione dell&#8217;OLG Frankfurt del 17.12.2010, Caso n. 1 Ws 29\/09, il tribunale ha spiegato con estrema chiarezza che, a seconda del design della presenza internet, in base all&#8217;impressione generale del sito web, le trappole di abbonamento nascoste possono costituire un cosiddetto \u201cinganno implicito\u201d dei consumatori penalmente rilevante, che poi porta a una frode compiuta o tentata.<\/p>\n<p>Tale accusa di frode pu\u00f2 essere sollevata soprattutto quando diventa evidente un approccio pianificato. Questo \u00e8 il caso, per esempio, quando viene offerta un&#8217;opzione di download per prodotti che di solito sono disponibili gratuitamente su internet, come freeware tipo Adobe Acrobat Reader, dove in forma velata si stipula un abbonamento di 3, 6 o addirittura fino a 24 mesi con costi fino a 192,00 EUR.<\/p>\n<p>Nel caso deciso, l&#8217;obbligo di pagamento dell&#8217;offerta era nascosto in modo tale che solo dopo aver acceduto alle Condizioni Generali (CG), seguendo diversi riferimenti all&#8217;interno di queste condizioni e leggendo un lungo testo, si poteva riconoscere che si stava stipulando un abbonamento.<\/p>\n<p>Dato che il sito web era progettato in modo che un potenziale utente non avrebbe avuto l&#8217;idea di trovarsi di fronte a un&#8217;offerta a pagamento, e quindi non aveva motivo di esaminare pi\u00f9 da vicino le CG, questo approccio \u00e8 stato visto come una procedura pianificata per ingannare i visitatori dei siti web. Quindi, \u00e8 stato considerato un atto fraudolento ingannevole nel ai sensi del \u00a7 263 StGB (Codice Penale Tedesco).<\/p>\n<p>Occasionalmente, altri tribunali hanno gi\u00e0 seguito questa argomentazione. Questo sarebbe un passo efficace per prevenire questo \u201cmodello di business\u201d.<b><i><\/i><\/b><\/p>\n<h5>La soluzione del pulsante<\/h5>\n<p>Da qualche tempo esiste la cosiddetta soluzione del pulsante come misura di supporto. Questa invenzione del legislatore stabilisce che immediatamente prima di inviare l&#8217;ordine o prima di confermare la conclusione del contratto da parte dell&#8217;utente internet, questi deve essere informato che attivando il pulsante sta effettuando un ordine a pagamento. Il pulsante deve indicare l&#8217;obbligo di pagamento. Se l&#8217;avviso non viene fornito in modo chiaro e inequivocabile sul pulsante stesso, non si forma alcun contratto. L&#8217;utente internet ingannato pu\u00f2 quindi sostenere che non sapeva &#8211; e non aveva bisogno di sapere &#8211; che sarebbe stato concluso un contratto e che, a causa della mancanza di avviso, per legge, non esiste affatto un contratto.<\/p>\n<p>Non si pu\u00f2 davvero affermare che le soluzioni legislative si siano dimostrate efficaci. Perci\u00f2, in questi casi, hai regolarmente bisogno di una consulenza legale. Questo pu\u00f2 farti risparmiare denaro e spiacevoli sorprese.<\/p>\n<p>Puoi trovare pi\u00f9 informazioni <a href=\"https:\/\/www.abmahnung.org\/button-loesung\/\">qui.<\/a><\/p>\n","protected":false},"excerpt":{"rendered":"<p>Trappole di abbonamento nascoste Su internet, purtroppo i clienti si ritrovano spesso ad aver sottoscritto un presunto abbonamento senza volerlo o saperlo. Di solito la fattura arriva solo dopo che il periodo di cancellazione \u00e8 scaduto. Se la fattura non viene pagata, seguono subito solleciti severi e lettere da avvocati o agenzie di recupero crediti [&hellip;]<\/p>\n","protected":false},"author":5,"featured_media":0,"parent":0,"menu_order":0,"comment_status":"closed","ping_status":"closed","template":"","meta":{"footnotes":""},"class_list":["post-2095","page","type-page","status-publish","hentry"],"aioseo_notices":[],"_links":{"self":[{"href":"https:\/\/zdarsky-wirtschaftsrecht.de\/it\/wp-json\/wp\/v2\/pages\/2095","targetHints":{"allow":["GET"]}}],"collection":[{"href":"https:\/\/zdarsky-wirtschaftsrecht.de\/it\/wp-json\/wp\/v2\/pages"}],"about":[{"href":"https:\/\/zdarsky-wirtschaftsrecht.de\/it\/wp-json\/wp\/v2\/types\/page"}],"author":[{"embeddable":true,"href":"https:\/\/zdarsky-wirtschaftsrecht.de\/it\/wp-json\/wp\/v2\/users\/5"}],"replies":[{"embeddable":true,"href":"https:\/\/zdarsky-wirtschaftsrecht.de\/it\/wp-json\/wp\/v2\/comments?post=2095"}],"version-history":[{"count":2,"href":"https:\/\/zdarsky-wirtschaftsrecht.de\/it\/wp-json\/wp\/v2\/pages\/2095\/revisions"}],"predecessor-version":[{"id":2240,"href":"https:\/\/zdarsky-wirtschaftsrecht.de\/it\/wp-json\/wp\/v2\/pages\/2095\/revisions\/2240"}],"wp:attachment":[{"href":"https:\/\/zdarsky-wirtschaftsrecht.de\/it\/wp-json\/wp\/v2\/media?parent=2095"}],"curies":[{"name":"wp","href":"https:\/\/api.w.org\/{rel}","templated":true}]}}