{"id":2210,"date":"2025-03-04T09:57:01","date_gmt":"2025-03-04T08:57:01","guid":{"rendered":"https:\/\/zdarsky-wirtschaftsrecht.de\/regolamento-sullia-ue-implementazione-nazionale"},"modified":"2025-11-12T17:16:37","modified_gmt":"2025-11-12T16:16:37","slug":"regolamento-sullia-ue-implementazione-nazionale","status":"publish","type":"page","link":"https:\/\/zdarsky-wirtschaftsrecht.de\/it\/regolamento-sullia-ue-implementazione-nazionale","title":{"rendered":"Regolamento sull&#8217;IA (UE) &#8211; implementazione nazionale"},"content":{"rendered":"<h4>Impegno a formare il personale all&#8217;intelligenza artificiale (IA)<\/h4>\n<p>Nell&#8217;ambito del regolamento europeo sull&#8217;IA ((EU) 2024\/1689, entrato in vigore nel mese di agosto 2024, l&#8217;UE obbliga le aziende e i loro dipendenti che lavorano con l&#8217;IA a conoscere le opportunit\u00e0 e i rischi associati all&#8217;uso dell&#8217;IA. Comprendere gli infortuni e quindi disporre della competenza IA necessaria per lavorare in modo sicuro e responsabile con l&#8217;IA.<br \/>\nL&#8217;articolo 4 del regolamento europeo sull&#8217;intelligenza artificiale recita per quanto riguarda la competenza in materia di intelligenza artificiale:<br \/>\n\u201cI fornitori e gli operatori di sistemi di intelligenza artificiale adottano tutte le misure ragionevoli per garantire che il loro personale e le altre persone incaricate della gestione e dell&#8217;uso dei sistemi di intelligenza artificiale abbiano un livello sufficiente di competenza in materia di IA, con la loro esperienza, istruzione e formazione e il contesto in cui i sistemi di IA saranno utilizzati, nonch\u00e9 le persone o i gruppi di persone che utilizzeranno i sistemi di IA. \u201c<br \/>\nDestinatari del regolamento europeo sull&#8217;IA e quindi anche obbligati sono in linea di massima tutti gli operatori o i fornitori di sistemi IA o modelli IA a scopo generale.<br \/>\nL&#8217;intelligenza artificiale pu\u00f2 manifestarsi nella vita lavorativa di tutti i giorni in molte forme diverse.<br \/>\nCon l&#8217;IA si possono creare ad esempio testi, immagini o codici di programma. Allo stesso modo, l&#8217;IA pu\u00f2 anche valutare dati e commenti o essere utilizzata come strumento per il servizio clienti come base di conoscenza automatizzata orientata alle soluzioni.<br \/>\nL&#8217;attuazione a livello nazionale non \u00e8 ancora regolamentata in Germania; ci\u00f2 deve avvenire al pi\u00f9 tardi entro il 2 agosto 2025. L&#8217;Agenzia federale di rete funger\u00e0 presumibilmente da autorit\u00e0 di vigilanza nazionale.<br \/>\nPer la trasmissione delle tematiche tecniche, giuridiche ed etiche legate all&#8217;impiego dell&#8217;IA occorre ancora sviluppare un adeguato materiale didattico. La documentazione relativa allo studio autonomo non \u00e8 considerata sufficiente in base all&#8217;attuale stato di attuazione del regolamento.<br \/>\nL&#8217;UE sta attualmente lavorando a linee guida per aiutare le imprese ad attuare i requisiti del regolamento. Oltre alle linee guida sull&#8217;IA per le aziende, l&#8217;UE sta discutendo sulla formazione strutturata, la nomina di un responsabile dell&#8217;IA o gruppi di lavoro IA incaricati di monitorare l&#8217;attuazione, la documentazione e il processo di segnalazione.<br \/>\nDa parte dell&#8217;Agenzia federale tedesca per le reti non sono ancora disponibili dati concreti sull&#8217;attuazione nelle imprese tedesche. L&#8217;attuazione avviene quindi innanzitutto nell&#8217;ambito del dovere di diligenza dell&#8217;impresa: se a partire dal 2 febbraio 2025 si verificasse un evento dannoso, occorre verificare se il danno avrebbe potuto essere evitato con una formazione tempestiva e completa.<br \/>\nL&#8217;Agenzia federale tedesca per le reti mette a disposizione il seguente link per l&#8217;assistenza nell&#8217;attuazione dell&#8217;ordinanza sull&#8217;intelligenza artificiale in Germania. Queste vengono costantemente integrate da altre direttive dell&#8217;UE:<br \/>\n\u2022 La banca dati degli interlocutori dell&#8217;Agenzia federale per le reti pu\u00f2 aiutare nella ricerca di sostegno<br \/>\nfornire sostegno, ma anche il DIHK e varie associazioni (ad esempio Bitcom).<br \/>\nNon appena ci saranno novit\u00e0 su questo argomento, aggiorneremo le informazioni di cui sopra.<\/p>\n<p>&nbsp;<\/p>\n","protected":false},"excerpt":{"rendered":"<p>Impegno a formare il personale all&#8217;intelligenza artificiale (IA) Nell&#8217;ambito del regolamento europeo sull&#8217;IA ((EU) 2024\/1689, entrato in vigore nel mese di agosto 2024, l&#8217;UE obbliga le aziende e i loro dipendenti che lavorano con l&#8217;IA a conoscere le opportunit\u00e0 e i rischi associati all&#8217;uso dell&#8217;IA. Comprendere gli infortuni e quindi disporre della competenza IA necessaria [&hellip;]<\/p>\n","protected":false},"author":5,"featured_media":0,"parent":0,"menu_order":0,"comment_status":"closed","ping_status":"closed","template":"","meta":{"footnotes":""},"class_list":["post-2210","page","type-page","status-publish","hentry"],"aioseo_notices":[],"_links":{"self":[{"href":"https:\/\/zdarsky-wirtschaftsrecht.de\/it\/wp-json\/wp\/v2\/pages\/2210","targetHints":{"allow":["GET"]}}],"collection":[{"href":"https:\/\/zdarsky-wirtschaftsrecht.de\/it\/wp-json\/wp\/v2\/pages"}],"about":[{"href":"https:\/\/zdarsky-wirtschaftsrecht.de\/it\/wp-json\/wp\/v2\/types\/page"}],"author":[{"embeddable":true,"href":"https:\/\/zdarsky-wirtschaftsrecht.de\/it\/wp-json\/wp\/v2\/users\/5"}],"replies":[{"embeddable":true,"href":"https:\/\/zdarsky-wirtschaftsrecht.de\/it\/wp-json\/wp\/v2\/comments?post=2210"}],"version-history":[{"count":2,"href":"https:\/\/zdarsky-wirtschaftsrecht.de\/it\/wp-json\/wp\/v2\/pages\/2210\/revisions"}],"predecessor-version":[{"id":2254,"href":"https:\/\/zdarsky-wirtschaftsrecht.de\/it\/wp-json\/wp\/v2\/pages\/2210\/revisions\/2254"}],"wp:attachment":[{"href":"https:\/\/zdarsky-wirtschaftsrecht.de\/it\/wp-json\/wp\/v2\/media?parent=2210"}],"curies":[{"name":"wp","href":"https:\/\/api.w.org\/{rel}","templated":true}]}}