{"id":2217,"date":"2025-08-26T12:38:47","date_gmt":"2025-08-26T10:38:47","guid":{"rendered":"https:\/\/zdarsky-wirtschaftsrecht.de\/legge-per-il-rafforzamento-dellaccessibilita-bfsg"},"modified":"2025-08-26T12:38:47","modified_gmt":"2025-08-26T10:38:47","slug":"legge-per-il-rafforzamento-dellaccessibilita-bfsg","status":"publish","type":"page","link":"https:\/\/zdarsky-wirtschaftsrecht.de\/it\/legge-per-il-rafforzamento-dellaccessibilita-bfsg","title":{"rendered":"Legge per il rafforzamento dell&#8217;accessibilit\u00e0 (BFSG)"},"content":{"rendered":"<h5>Informazioni sulla Legge per il rafforzamento dell&#8217;accessibilit\u00e0 (BFSG)<\/h5>\n<p>La Legge per il rafforzamento dell&#8217;accessibilit\u00e0 (BFSG), entrata in vigore il 28.05.2025, \u00e8 l&#8217;attuazione nazionale della Direttiva Europea (UE) 2019\/882 sull&#8217;accessibilit\u00e0 (European Accessibility Act) (EAA).<\/p>\n<h6>Contenuto normativo:<\/h6>\n<p>Attraverso misure mirate, tutti i <strong>produttori<\/strong> e i <strong>fornitori di beni e servizi<\/strong>, nella misura in cui si tratta di <strong>punti di contatto con i consumatori<\/strong>, devono garantire la partecipazione delle persone con disabilit\u00e0 alla vita e al lavoro digitale.<\/p>\n<p><strong>I produttori<\/strong> e i <strong>fornitori<\/strong> possono immettere sul mercato o offrire i loro prodotti e servizi solo se soddisfano i requisiti di accessibilit\u00e0. Se i <strong>rivenditori<\/strong> hanno motivo di ritenere che un prodotto non soddisfi i requisiti di accessibilit\u00e0 secondo le disposizioni di legge, non pu\u00f2 essere commercializzato.<\/p>\n<h6>Disposizioni di eccezione:<\/h6>\n<p>&#8211; ai sensi dell&#8217;art. \u00a7 3 comma 3 in combinato disposto con l&#8217;art. 2 n. 17 BFSG per le microimprese che <strong>forniscono servizi,<\/strong> con <strong>meno di 10 dipendenti<\/strong> e un <strong>fatturato annuo massimo di 2 milioni di euro. <\/strong>Questa disposizione di eccezione non si applica espressamente alle microimprese che producono beni.<\/p>\n<p>&#8211; Inoltre, ai sensi dell&#8217;art. 16 comma 1 BFSG, la legge non si applica se i requisiti di accessibilit\u00e0 comportano una <strong>caratteristiche essenziali<\/strong> delle <strong>modifica fondamentale<\/strong> del prodotto o del servizio. Ci\u00f2 vale in particolare per i contributi basati sul tempo anteriori al 28.05.2025; questi non sono esplicitamente fotografie. La valutazione spetta all&#8217;operatore di mercato. La documentazione deve essere presentata senza indugio all&#8217;autorit\u00e0 di sorveglianza del mercato.<\/p>\n<p>&#8211; ai sensi dell&#8217;art. 17 BFSG, se l&#8217;attuazione o il rispetto del BFSG comportano un onere sproporzionato per l&#8217;operatore di mercato interessato. Per i criteri, si veda l&#8217;Allegato 4 (agli artt. 17, 21 e 28 BFSG)<\/p>\n<h6>Criteri per l&#8217;accessibilit\u00e0 di un prodotto o di un servizio<\/h6>\n<p>1. <strong>Percezione<\/strong> \u2013 Interfacce informative e utente indipendenti dalla capacit\u00e0 di percezione (ad es. dimensione del carattere, funzione di lettura vocale, indicazioni visive separate, lingua dei segni)<br \/>\n2. <strong>Utilizzabilit\u00e0<\/strong> \u2013 diverse possibilit\u00e0 di interazione (ad es. simboli grafici, indicazioni visive e\/o acustiche separate)<br \/>\n3. <strong>Comprensibilit\u00e0<\/strong> \u2013 presentazione chiara e semplice (simboli semplici, linguaggio semplice)<br \/>\n4. <strong>Robustezza<\/strong> \u2013 Compatibilit\u00e0 (ad es. facile gestione)<\/p>\n<h6>Obblighi di documentazione<\/h6>\n<p>Ai sensi dell&#8217;art. 18 BFSG, le implementazioni devono essere documentate tramite una procedura di valutazione della conformit\u00e0 e una dichiarazione di conformit\u00e0 ai sensi dell&#8217;Allegato 2 (agli artt. 6, 9, 18 e 19 BFSG).<\/p>\n<p>La dichiarazione di conformit\u00e0, da aggiornare annualmente (periodo di conservazione 5 anni, deve essere presentata alle autorit\u00e0 (in particolare alle autorit\u00e0 di sorveglianza del mercato) su richiesta).<br \/>\nLa dichiarazione deve contenere un indirizzo di contatto per l&#8217;organismo competente e una possibilit\u00e0 di feedback.<\/p>\n<p>Un modello per la dichiarazione di accessibilit\u00e0 \u00e8 messo a disposizione online dai singoli Stati federali. ad es. per l&#8217;Assia: <a href=\"https:\/\/lbit.hessen.de\/oeffentliche-stellen\/anforderungen-an-webseiten-und-apps\/erklaerung-zur-barrierefreiheit\">https:\/\/lbit.hessen.de\/oeffentliche-stellen\/anforderungen-an-webseiten-und-apps\/erklaerung-zur-barrierefreiheit<\/a><\/p>\n<h6>Obblighi di etichettatura<\/h6>\n<p>I produttori di prodotti devono, ad esempio, apporre un numero di prodotto, tipo o serie, nonch\u00e9 nome, indirizzo e marcatura CE (ai sensi dell&#8217;art. 19 BFSG); inoltre, deve essere allegato un manuale d&#8217;uso comprensibile insieme alle informazioni di sicurezza.<\/p>\n<p>I rivenditori devono apporre una marcatura CE (ai sensi dell&#8217;art. 19 BFSG) e possono commercializzare i prodotti solo se sono stati soddisfatti gli obblighi di etichettatura del produttore o dell&#8217;importatore.<\/p>\n<p>I fornitori di servizi devono, ai sensi dell&#8217;Allegato 3 (agli artt. 14 e 28 BFSG), informare nelle loro Condizioni Generali di Contratto su come il servizio soddisfa i requisiti di accessibilit\u00e0. A tal fine, le seguenti informazioni devono essere fornite in modo accessibile:<br \/>\n\u2022 una descrizione del servizio e<br \/>\n\u2022 una descrizione del funzionamento del servizio<\/p>\n<h6><strong>In caso di violazione, si rischiano diffide e multe.<\/strong><\/h6>\n<p>Ai sensi dell&#8217;art. 28 BFSG, il monitoraggio del rispetto dei requisiti del BFSG \u00e8 affidato all&#8217;autorit\u00e0 di sorveglianza del mercato unificata ancora da istituire. L&#8217;autorit\u00e0 interverr\u00e0 anche sulla conformit\u00e0 ai requisiti di accessibilit\u00e0, qualora un prodotto non sia conforme a tali requisiti.<\/p>\n<p>I consumatori interessati possono, ai sensi dell&#8217;art. 32 BFSG, rivolgersi direttamente o tramite un&#8217;associazione di consumatori registrata (ai sensi dell&#8217;art. 3 comma 1 n. 1 della Legge sulle azioni inibitorie) all&#8217;autorit\u00e0 di sorveglianza del mercato competente nel loro Stato federale in caso di violazione.<br \/>\nAnche ai sensi dell&#8217;art. 15 comma 3 della Legge sull&#8217;uguaglianza delle persone con disabilit\u00e0, le associazioni e le istituzioni riconosciute hanno autonomamente questo diritto.<\/p>\n<p>Anche i concorrenti e le associazioni economiche qualificate possono, ai sensi dell&#8217;art. 3 comma 1 n. 2 della Legge sulle azioni inibitorie, far valere un&#8217;istanza di inibitoria e una richiesta di risarcimento danni in caso di violazione.<\/p>\n<p>Se i requisiti di accessibilit\u00e0 non vengono soddisfatti nonostante la richiesta dell&#8217;autorit\u00e0 di sorveglianza del mercato, questa pu\u00f2 ordinare di limitare, richiamare o sospendere il prodotto o il servizio interessato.<br \/>\nAi sensi dell&#8217;art. 37 comma 2 BFSG, in caso di violazioni, si rischiano multe fino a 100.000 \u20ac.<\/p>\n","protected":false},"excerpt":{"rendered":"<p>Informazioni sulla Legge per il rafforzamento dell&#8217;accessibilit\u00e0 (BFSG) La Legge per il rafforzamento dell&#8217;accessibilit\u00e0 (BFSG), entrata in vigore il 28.05.2025, \u00e8 l&#8217;attuazione nazionale della Direttiva Europea (UE) 2019\/882 sull&#8217;accessibilit\u00e0 (European Accessibility Act) (EAA). Contenuto normativo: Attraverso misure mirate, tutti i produttori e i fornitori di beni e servizi, nella misura in cui si tratta di [&hellip;]<\/p>\n","protected":false},"author":5,"featured_media":0,"parent":0,"menu_order":0,"comment_status":"closed","ping_status":"closed","template":"","meta":{"footnotes":""},"class_list":["post-2217","page","type-page","status-publish","hentry"],"aioseo_notices":[],"_links":{"self":[{"href":"https:\/\/zdarsky-wirtschaftsrecht.de\/it\/wp-json\/wp\/v2\/pages\/2217","targetHints":{"allow":["GET"]}}],"collection":[{"href":"https:\/\/zdarsky-wirtschaftsrecht.de\/it\/wp-json\/wp\/v2\/pages"}],"about":[{"href":"https:\/\/zdarsky-wirtschaftsrecht.de\/it\/wp-json\/wp\/v2\/types\/page"}],"author":[{"embeddable":true,"href":"https:\/\/zdarsky-wirtschaftsrecht.de\/it\/wp-json\/wp\/v2\/users\/5"}],"replies":[{"embeddable":true,"href":"https:\/\/zdarsky-wirtschaftsrecht.de\/it\/wp-json\/wp\/v2\/comments?post=2217"}],"version-history":[{"count":0,"href":"https:\/\/zdarsky-wirtschaftsrecht.de\/it\/wp-json\/wp\/v2\/pages\/2217\/revisions"}],"wp:attachment":[{"href":"https:\/\/zdarsky-wirtschaftsrecht.de\/it\/wp-json\/wp\/v2\/media?parent=2217"}],"curies":[{"name":"wp","href":"https:\/\/api.w.org\/{rel}","templated":true}]}}